{"id":1431,"date":"2023-04-25T13:47:54","date_gmt":"2023-04-25T05:47:54","guid":{"rendered":"https:\/\/fsportsnet.com\/?post_type=product&#038;p=1431"},"modified":"2023-04-25T13:47:54","modified_gmt":"2023-04-25T05:47:54","slug":"mini-portable-tennis-net-for-driveway-kids-soccer-tennis-net","status":"publish","type":"product","link":"https:\/\/fsportsnet.com\/pt\/product\/mini-portable-tennis-net-for-driveway-kids-soccer-tennis-net\/","title":{"rendered":"Mini rede de t\u00e9nis port\u00e1til para entrada de autom\u00f3veis Rede de t\u00e9nis de futebol para crian\u00e7as"},"content":{"rendered":"<ul class=\"a-unordered-list a-vertical a-spacing-mini\">\n<li><span class=\"a-list-item\">Comprimento da rede: 10 p\u00e9s\/ 18 p\u00e9s, altura da rede: 33 polegadas<\/span><\/li>\n<li><span class=\"a-list-item\">Adequado para jogar t\u00e9nis, futebol, voleibol de piscina, pickleball<\/span><\/li>\n<li><span class=\"a-list-item\">F\u00e1cil de montar e desmontar<\/span><\/li>\n<li><span class=\"a-list-item\">10 p\u00e9s utilizados para rede de t\u00e9nis, rede de t\u00e9nis de futebol, rede de pickleball<\/span><\/li>\n<li><span class=\"a-list-item\">18 p\u00e9s utilizados para rede de t\u00e9nis, rede de t\u00e9nis de futebol, rede de pickleball, rede de voleibol de piscina<\/span><\/li>\n<\/ul>","protected":false},"excerpt":{"rendered":"<p>As redes e os sistemas de redes de qualidade ultra elevada da Fsports s\u00e3o uma solu\u00e7\u00e3o rent\u00e1vel do l\u00edder da ind\u00fastria de redes e acess\u00f3rios de t\u00e9nis.<\/p>","protected":false},"featured_media":1445,"template":"","meta":{"_gspb_post_css":""},"product_brand":[],"product_cat":[33],"product_tag":[],"class_list":{"0":"post-1431","1":"product","2":"type-product","3":"status-publish","4":"has-post-thumbnail","6":"product_cat-tennis-net","8":"first","9":"instock","10":"shipping-taxable","11":"product-type-simple"},"_links":{"self":[{"href":"https:\/\/fsportsnet.com\/pt\/wp-json\/wp\/v2\/product\/1431","targetHints":{"allow":["GET"]}}],"collection":[{"href":"https:\/\/fsportsnet.com\/pt\/wp-json\/wp\/v2\/product"}],"about":[{"href":"https:\/\/fsportsnet.com\/pt\/wp-json\/wp\/v2\/types\/product"}],"wp:featuredmedia":[{"embeddable":true,"href":"https:\/\/fsportsnet.com\/pt\/wp-json\/wp\/v2\/media\/1445"}],"wp:attachment":[{"href":"https:\/\/fsportsnet.com\/pt\/wp-json\/wp\/v2\/media?parent=1431"}],"wp:term":[{"taxonomy":"product_brand","embeddable":true,"href":"https:\/\/fsportsnet.com\/pt\/wp-json\/wp\/v2\/product_brand?post=1431"},{"taxonomy":"product_cat","embeddable":true,"href":"https:\/\/fsportsnet.com\/pt\/wp-json\/wp\/v2\/product_cat?post=1431"},{"taxonomy":"product_tag","embeddable":true,"href":"https:\/\/fsportsnet.com\/pt\/wp-json\/wp\/v2\/product_tag?post=1431"}],"curies":[{"name":"wp","href":"https:\/\/api.w.org\/{rel}","templated":true}]}}