{"id":1452,"date":"2023-04-25T14:37:47","date_gmt":"2023-04-25T06:37:47","guid":{"rendered":"https:\/\/fsportsnet.com\/?post_type=product&#038;p=1452"},"modified":"2023-04-25T14:41:54","modified_gmt":"2023-04-25T06:41:54","slug":"4-way-tennis-net-training-multi-sports-net-soccer-tennis-net","status":"publish","type":"product","link":"https:\/\/fsportsnet.com\/pt\/product\/4-way-tennis-net-training-multi-sports-net-soccer-tennis-net\/","title":{"rendered":"Rede de t\u00e9nis de 4 vias Rede Multi-desportiva de treino Rede de t\u00e9nis de futebol"},"content":{"rendered":"<ul class=\"a-unordered-list a-vertical a-spacing-mini\">\n<li>1. Tamanho: 20x20 p\u00e9s<br \/>\n2. Tubo de a\u00e7o: \u03a622\u00d71.0mm<br \/>\n3. P\u00f3lo: \u03a612.7mm fibra de vidro<br \/>\n4. Rede: Rede sem n\u00f3s de poli\u00e9ster de 1,5\u201d de 3 camadas<br \/>\n5. Manga: tecido oxford 420D<br \/>\n6 Saco: tecido oxford 600D<br \/>\n7. Embalagem: Cada um numa caixa de cart\u00e3o K=K, 89x22x14cm<br \/>\n8. NW 10.5kg, GW 11.5kg<\/li>\n<\/ul>","protected":false},"excerpt":{"rendered":"<p>Descri\u00e7\u00e3o:<br \/>\nJogue t\u00e9nis na praia, na entrada da garagem, nos quintais e em qualquer \u00e1rea plana!<br \/>\nMuito r\u00e1pido de montar e arrumar, \u00e9 dobr\u00e1vel, leve e f\u00e1cil de transportar.<br \/>\n\u00d3timo para festas, campismo e f\u00e9rias em fam\u00edlia. N\u00e3o ocupa quase nenhum espa\u00e7o na bagageira do seu carro.<br \/>\nFeito de uma rede forte para evitar rasg\u00f5es e garantir a durabilidade. Com uma constru\u00e7\u00e3o robusta, pode ser utilizada no interior e no exterior sem preocupa\u00e7\u00f5es.<br \/>\nLeve os seus filhos para a rua e mexa-se! Esta rede port\u00e1til \u00e9 perfeita para adultos e crian\u00e7as para jogos casuais e treino desportivo.<\/p>","protected":false},"featured_media":1438,"template":"","meta":{"_gspb_post_css":""},"product_brand":[],"product_cat":[33],"product_tag":[],"class_list":{"0":"post-1452","1":"product","2":"type-product","3":"status-publish","4":"has-post-thumbnail","6":"product_cat-tennis-net","8":"first","9":"instock","10":"shipping-taxable","11":"product-type-simple"},"_links":{"self":[{"href":"https:\/\/fsportsnet.com\/pt\/wp-json\/wp\/v2\/product\/1452","targetHints":{"allow":["GET"]}}],"collection":[{"href":"https:\/\/fsportsnet.com\/pt\/wp-json\/wp\/v2\/product"}],"about":[{"href":"https:\/\/fsportsnet.com\/pt\/wp-json\/wp\/v2\/types\/product"}],"wp:featuredmedia":[{"embeddable":true,"href":"https:\/\/fsportsnet.com\/pt\/wp-json\/wp\/v2\/media\/1438"}],"wp:attachment":[{"href":"https:\/\/fsportsnet.com\/pt\/wp-json\/wp\/v2\/media?parent=1452"}],"wp:term":[{"taxonomy":"product_brand","embeddable":true,"href":"https:\/\/fsportsnet.com\/pt\/wp-json\/wp\/v2\/product_brand?post=1452"},{"taxonomy":"product_cat","embeddable":true,"href":"https:\/\/fsportsnet.com\/pt\/wp-json\/wp\/v2\/product_cat?post=1452"},{"taxonomy":"product_tag","embeddable":true,"href":"https:\/\/fsportsnet.com\/pt\/wp-json\/wp\/v2\/product_tag?post=1452"}],"curies":[{"name":"wp","href":"https:\/\/api.w.org\/{rel}","templated":true}]}}