{"id":1475,"date":"2023-04-25T15:58:07","date_gmt":"2023-04-25T07:58:07","guid":{"rendered":"https:\/\/fsportsnet.com\/?post_type=product&#038;p=1475"},"modified":"2023-04-25T16:01:18","modified_gmt":"2023-04-25T08:01:18","slug":"adjustable-height-portable-badminton-net-set-competition-multi-sport-indoor-or-outdoor-net","status":"publish","type":"product","link":"https:\/\/fsportsnet.com\/pt\/product\/adjustable-height-portable-badminton-net-set-competition-multi-sport-indoor-or-outdoor-net\/","title":{"rendered":"Conjunto de rede de badminton port\u00e1til de altura ajust\u00e1vel para competi\u00e7\u00e3o Rede multi-desportiva para interior ou exterior"},"content":{"rendered":"<ul class=\"a-unordered-list a-vertical a-spacing-mini\">\n<li>REDE AJUST\u00c1VEL PARA UTILIZA\u00c7\u00c3O MULTI-DESPORTIVA: Escolha entre TR\u00caS regula\u00e7\u00f5es de altura para diferentes op\u00e7\u00f5es de jogo ou pr\u00e1tica. Utilize a rede na posi\u00e7\u00e3o mais baixa como barreira de seguran\u00e7a ou barricada para impedir que as bolas rolem para a rua; uma \u00f3ptima escolha para os pais.<br \/>\nREDE CONCEBIDA PARA CAMPOS INTERIORES OU EXTERIORES (N\u00c3O S\u00c3O NECESS\u00c1RIAS ESTACAS): Quer seja para badminton, t\u00e9nis de futebol, t\u00e9nis de relva ou pickleball, esta rede \u00e9 uma excelente escolha para a sua fam\u00edlia e amigos. Jogue em qualquer lugar - na relva, na praia, no quintal ou no gin\u00e1sio da escola.<br \/>\nF\u00c1CIL DE MONTAR E DESMONTAR: A montagem demora menos de 5 minutos! A remo\u00e7\u00e3o do suporte de rede resistente \u00e0 ferrugem tamb\u00e9m \u00e9 r\u00e1pida e f\u00e1cil. O fio de nylon de alta qualidade \u00e9 utilizado na rede para garantir anos de divers\u00e3o e prazer sem a preocupa\u00e7\u00e3o de a rede se rasgar.<br \/>\nTRANSPORTE F\u00c1CIL E ARMAZENAMENTO C\u00d3MODO: O conjunto de rede desportiva dur\u00e1vel \u00e9 leve, dobr\u00e1vel, port\u00e1til e pr\u00e1tico. INCLUI bolsa de transporte para guardar os postes e a rede e levar consigo para o gin\u00e1sio, parque, acampamento, reuni\u00f5es ou festas de anivers\u00e1rio.<br \/>\nITENS DE B\u00d3NUS: Que tipo de campo de jogo \u00e9 oficial sem as linhas? Est\u00e3o inclu\u00eddas quatro estacas de solo e linhas de limite fora dos limites para criar o seu pr\u00f3prio campo para jogos de competi\u00e7\u00e3o.<\/li>\n<\/ul>","protected":false},"excerpt":{"rendered":"<p>Adequado para jogadores casuais e competitivos de todos os n\u00edveis e idades, crian\u00e7as e adultos. Comece uma nova tradi\u00e7\u00e3o - ou rivalidade - e mantenha-se ativo em fam\u00edlia no seu pr\u00f3prio quintal.<br \/>\nAs raquetes de tamanho oficial, com cores id\u00eanticas, apresentam um tecido de pol\u00edmero refor\u00e7ado e arma\u00e7\u00f5es de metal resistentes. S\u00e3o leves e manobr\u00e1veis - o equipamento perfeito para o novo jogador ou para o futuro profissional ambicioso.<\/p>","protected":false},"featured_media":1457,"template":"","meta":{"_gspb_post_css":""},"product_brand":[],"product_cat":[34],"product_tag":[],"class_list":{"0":"post-1475","1":"product","2":"type-product","3":"status-publish","4":"has-post-thumbnail","6":"product_cat-badminton-net","8":"first","9":"instock","10":"shipping-taxable","11":"product-type-simple"},"_links":{"self":[{"href":"https:\/\/fsportsnet.com\/pt\/wp-json\/wp\/v2\/product\/1475","targetHints":{"allow":["GET"]}}],"collection":[{"href":"https:\/\/fsportsnet.com\/pt\/wp-json\/wp\/v2\/product"}],"about":[{"href":"https:\/\/fsportsnet.com\/pt\/wp-json\/wp\/v2\/types\/product"}],"wp:featuredmedia":[{"embeddable":true,"href":"https:\/\/fsportsnet.com\/pt\/wp-json\/wp\/v2\/media\/1457"}],"wp:attachment":[{"href":"https:\/\/fsportsnet.com\/pt\/wp-json\/wp\/v2\/media?parent=1475"}],"wp:term":[{"taxonomy":"product_brand","embeddable":true,"href":"https:\/\/fsportsnet.com\/pt\/wp-json\/wp\/v2\/product_brand?post=1475"},{"taxonomy":"product_cat","embeddable":true,"href":"https:\/\/fsportsnet.com\/pt\/wp-json\/wp\/v2\/product_cat?post=1475"},{"taxonomy":"product_tag","embeddable":true,"href":"https:\/\/fsportsnet.com\/pt\/wp-json\/wp\/v2\/product_tag?post=1475"}],"curies":[{"name":"wp","href":"https:\/\/api.w.org\/{rel}","templated":true}]}}