{"id":1488,"date":"2023-04-25T16:26:08","date_gmt":"2023-04-25T08:26:08","guid":{"rendered":"https:\/\/fsportsnet.com\/?post_type=product&#038;p=1488"},"modified":"2023-04-25T16:34:18","modified_gmt":"2023-04-25T08:34:18","slug":"adjustable-height-portable-multi-sports-net-volleyball-tennis-badminton-pickleball-net","status":"publish","type":"product","link":"https:\/\/fsportsnet.com\/pt\/product\/adjustable-height-portable-multi-sports-net-volleyball-tennis-badminton-pickleball-net\/","title":{"rendered":"Rede multi-desportiva port\u00e1til de altura ajust\u00e1vel Rede de voleibol T\u00e9nis Badminton Pickleball"},"content":{"rendered":"<ul class=\"a-unordered-list a-vertical a-spacing-mini\">\n<li>Rede multidesportiva de alta qualidade: A rede de t\u00e9nis dur\u00e1vel da Fsports \u00e9 feita de materiais de alta qualidade, incluindo rede PE e postes de a\u00e7o resistentes, tornando-a ideal para utiliza\u00e7\u00e3o no interior e no exterior. Com um tamanho de 10FT de comprimento e uma altura de 3FT a 5.2FT, esta rede desportiva \u00e9 perfeita para t\u00e9nis, badminton, voleibol, pickle ball e futebol.<br \/>\nRede de t\u00e9nis est\u00e1vel e fi\u00e1vel: A nossa rede desportiva foi concebida para ser est\u00e1vel e fi\u00e1vel, com uma estrutura de a\u00e7o robusta que proporciona apoio e durabilidade extra. Quer esteja a jogar em casa ou em viagem, esta rede mant\u00e9m-se no lugar, permitindo-lhe concentrar-se no seu jogo e desfrutar da competi\u00e7\u00e3o.<br \/>\nF\u00e1cil de guardar e transportar: Com um pr\u00e1tico saco de transporte inclu\u00eddo, esta rede desportiva pode ser facilmente armazenada e transportada. Quer v\u00e1 para a praia ou para o quintal de um amigo, basta colocar a rede no saco e lev\u00e1-la consigo. \u00c9 assim t\u00e3o f\u00e1cil!<br \/>\nPerfeita para todas as idades: Quer seja um profissional experiente ou esteja apenas a come\u00e7ar, a rede de t\u00e9nis da Fsports \u00e9 adequada para jogadores de todas as idades. Com os seus materiais de alta qualidade e constru\u00e7\u00e3o robusta, esta rede pode suportar at\u00e9 os jogos mais intensos e proporcionar\u00e1 horas de divers\u00e3o para toda a fam\u00edlia.<br \/>\nPresente ideal: Esta rede desportiva \u00e9 um presente ideal para anivers\u00e1rios, Natal ou qualquer outra festa. Com a sua constru\u00e7\u00e3o de alta qualidade e utiliza\u00e7\u00e3o vers\u00e1til, ir\u00e1 certamente proporcionar alegria a todos os que gostam de desporto e de ar livre. Al\u00e9m disso, com uma entrega r\u00e1pida nos EUA e uma empresa sediada nos EUA, pode confiar em n\u00f3s para entregar a sua rede desportiva de forma r\u00e1pida e fi\u00e1vel.<\/li>\n<\/ul>","protected":false},"excerpt":{"rendered":"<p>A nossa rede desportiva foi concebida para ser est\u00e1vel e fi\u00e1vel, com uma estrutura de a\u00e7o robusta que proporciona apoio e durabilidade extra. Quer esteja a jogar em casa ou em viagem, esta rede mant\u00e9m-se no lugar, permitindo-lhe concentrar-se no seu jogo e desfrutar da competi\u00e7\u00e3o.<\/p>","protected":false},"featured_media":1481,"template":"","meta":{"_gspb_post_css":""},"product_brand":[],"product_cat":[35],"product_tag":[],"class_list":{"0":"post-1488","1":"product","2":"type-product","3":"status-publish","4":"has-post-thumbnail","6":"product_cat-multi-sports-net","8":"first","9":"instock","10":"shipping-taxable","11":"product-type-simple"},"_links":{"self":[{"href":"https:\/\/fsportsnet.com\/pt\/wp-json\/wp\/v2\/product\/1488","targetHints":{"allow":["GET"]}}],"collection":[{"href":"https:\/\/fsportsnet.com\/pt\/wp-json\/wp\/v2\/product"}],"about":[{"href":"https:\/\/fsportsnet.com\/pt\/wp-json\/wp\/v2\/types\/product"}],"wp:featuredmedia":[{"embeddable":true,"href":"https:\/\/fsportsnet.com\/pt\/wp-json\/wp\/v2\/media\/1481"}],"wp:attachment":[{"href":"https:\/\/fsportsnet.com\/pt\/wp-json\/wp\/v2\/media?parent=1488"}],"wp:term":[{"taxonomy":"product_brand","embeddable":true,"href":"https:\/\/fsportsnet.com\/pt\/wp-json\/wp\/v2\/product_brand?post=1488"},{"taxonomy":"product_cat","embeddable":true,"href":"https:\/\/fsportsnet.com\/pt\/wp-json\/wp\/v2\/product_cat?post=1488"},{"taxonomy":"product_tag","embeddable":true,"href":"https:\/\/fsportsnet.com\/pt\/wp-json\/wp\/v2\/product_tag?post=1488"}],"curies":[{"name":"wp","href":"https:\/\/api.w.org\/{rel}","templated":true}]}}