{"id":1489,"date":"2023-04-25T17:01:12","date_gmt":"2023-04-25T09:01:12","guid":{"rendered":"https:\/\/fsportsnet.com\/?post_type=product&#038;p=1489"},"modified":"2023-04-25T17:02:19","modified_gmt":"2023-04-25T09:02:19","slug":"youth-street-hockey-net-steel-hockey-goal-for-kids-roller-junior-goal-54","status":"publish","type":"product","link":"https:\/\/fsportsnet.com\/pt\/product\/youth-street-hockey-net-steel-hockey-goal-for-kids-roller-junior-goal-54\/","title":{"rendered":"Rede de h\u00f3quei de rua para jovens Gol de h\u00f3quei em a\u00e7o para crian\u00e7as Gol de rolo j\u00fanior 54 \u2033"},"content":{"rendered":"<ul class=\"a-unordered-list a-vertical a-spacing-mini\">\n<li><span class=\"a-list-item\">HEAVY DUTY: Este objetivo de h\u00f3quei de rua \u00e9 constru\u00eddo com tubos de a\u00e7o de 1 \u2033 de di\u00e2metro projetados para durar temporada ap\u00f3s temporada<\/span><\/li>\n<li><span class=\"a-list-item\">ESTILO PROFISSIONAL: A baliza foi concebida com uma prateleira superior de estilo profissional e um suporte para as costas, para que possa jogar como os profissionais.<\/span><\/li>\n<li><span class=\"a-list-item\">REDE DURADOURA: Esta baliza possui uma rede ultra pesada para que possa resistir at\u00e9 aos remates mais fortes<\/span><\/li>\n<li><span class=\"a-list-item\">TODOS OS TEMPOS: Esta baliza \u00e9 constru\u00edda com materiais para todos os tempos, para que possa continuar o jogo fa\u00e7a chuva ou fa\u00e7a sol<\/span><\/li>\n<li><span class=\"a-list-item\">TAMANHO PARA JOVENS: Com 54 \"x 44\", este objetivo \u00e9 o tamanho perfeito para os jovens jogadores de h\u00f3quei jogarem e aprimorarem suas habilidades.<\/span><\/li>\n<\/ul>","protected":false},"excerpt":{"rendered":"<p>A Fsports \u00e9 um fabricante l\u00edder de redes de h\u00f3quei de qualidade ultra elevada para instala\u00e7\u00f5es de h\u00f3quei em linha e no gelo. Fabricamos redes de baliza personalizadas (baliza com rede) e redes de prote\u00e7\u00e3o (conjunto completo) para arenas, ringues e instala\u00e7\u00f5es de treino, incluindo instala\u00e7\u00f5es da NHL.<\/p>","protected":false},"featured_media":1492,"template":"","meta":{"_gspb_post_css":""},"product_brand":[],"product_cat":[37],"product_tag":[],"class_list":{"0":"post-1489","1":"product","2":"type-product","3":"status-publish","4":"has-post-thumbnail","6":"product_cat-hockey-goal","8":"first","9":"instock","10":"shipping-taxable","11":"product-type-simple"},"_links":{"self":[{"href":"https:\/\/fsportsnet.com\/pt\/wp-json\/wp\/v2\/product\/1489","targetHints":{"allow":["GET"]}}],"collection":[{"href":"https:\/\/fsportsnet.com\/pt\/wp-json\/wp\/v2\/product"}],"about":[{"href":"https:\/\/fsportsnet.com\/pt\/wp-json\/wp\/v2\/types\/product"}],"wp:featuredmedia":[{"embeddable":true,"href":"https:\/\/fsportsnet.com\/pt\/wp-json\/wp\/v2\/media\/1492"}],"wp:attachment":[{"href":"https:\/\/fsportsnet.com\/pt\/wp-json\/wp\/v2\/media?parent=1489"}],"wp:term":[{"taxonomy":"product_brand","embeddable":true,"href":"https:\/\/fsportsnet.com\/pt\/wp-json\/wp\/v2\/product_brand?post=1489"},{"taxonomy":"product_cat","embeddable":true,"href":"https:\/\/fsportsnet.com\/pt\/wp-json\/wp\/v2\/product_cat?post=1489"},{"taxonomy":"product_tag","embeddable":true,"href":"https:\/\/fsportsnet.com\/pt\/wp-json\/wp\/v2\/product_tag?post=1489"}],"curies":[{"name":"wp","href":"https:\/\/api.w.org\/{rel}","templated":true}]}}