{"id":1497,"date":"2023-04-25T17:02:32","date_gmt":"2023-04-25T09:02:32","guid":{"rendered":"https:\/\/fsportsnet.com\/?post_type=product&#038;p=1497"},"modified":"2023-04-26T08:32:29","modified_gmt":"2023-04-26T00:32:29","slug":"ezgoal-hockey-folding-pro-goal","status":"publish","type":"product","link":"https:\/\/fsportsnet.com\/pt\/product\/ezgoal-hockey-folding-pro-goal\/","title":{"rendered":"Objetivo de h\u00f3quei de rua para crian\u00e7as da NHL Objetivo de h\u00f3quei em rolo de rua para jovens de PVC leve e port\u00e1til com rede 46 \u2033"},"content":{"rendered":"<ul class=\"a-unordered-list a-vertical a-spacing-mini\">\n<li><span class=\"a-list-item\">PVC<\/span><\/li>\n<li><span class=\"a-list-item\">Importado<\/span><\/li>\n<li><span class=\"a-list-item\">JOGUE EM QUALQUER LUGAR: As nossas balizas de h\u00f3quei leves foram concebidas para jogar onde quiser, seja na entrada da garagem, no terra\u00e7o ou no gin\u00e1sio.<\/span><\/li>\n<li><span class=\"a-list-item\">MONTAGEM R\u00c1PIDA: A rede de poli\u00e9ster pr\u00e9-ajustada e a fixa\u00e7\u00e3o da rede em manga de nylon permitem uma durabilidade duradoura com uma montagem sem esfor\u00e7o<\/span><\/li>\n<li><span class=\"a-list-item\">LEVE E PORT\u00c1TIL: Este conjunto \u00e9 constru\u00eddo em PVC leve para ser facilmente montado ou desmontado em segundos para facilitar a arruma\u00e7\u00e3o<\/span><\/li>\n<li><span class=\"a-list-item\">\u00d3PTIMO PARA CRIAN\u00c7AS: Concebida para jogadores de h\u00f3quei principiantes e juvenis, com esta baliza de 46\u2033 x 40\u2033 a divers\u00e3o nunca tem de parar.<\/span><\/li>\n<li><span class=\"a-list-item\">NHL STREET HOCKEY OFFICAL: Este objetivo de h\u00f3quei \u00e9 oficialmente licenciado pela National Hockey League, apenas para uso com bola oficial de h\u00f3quei de rua de 2 5\/8 \u2033<\/span><\/li>\n<li><\/li>\n<\/ul>","protected":false},"excerpt":{"rendered":"<p>Fsports 46 \u2033 Sleeve Net Hockey Goal \u00e9 perfeito para todos os iniciantes que procuram jogar nas ruas! O objetivo apresenta tubos de PVC de 1,5 \u2033 de alto impacto e rede pr\u00e9-ajustada dur\u00e1vel de poli\u00e9ster 2.400D para todos os climas. Monta-se rapidamente com a sua fixa\u00e7\u00e3o f\u00e1cil da rede de manga e acoplamentos de ajuste de precis\u00e3o. Este design proporciona uma constru\u00e7\u00e3o r\u00edgida. Que comecem os jogos! Tamanho da baliza: 46\u2033 (L) X 40\u2033 (A) X 22\u2033 (P).<\/p>","protected":false},"featured_media":1500,"template":"","meta":{"_gspb_post_css":""},"product_brand":[],"product_cat":[37],"product_tag":[],"class_list":{"0":"post-1497","1":"product","2":"type-product","3":"status-publish","4":"has-post-thumbnail","6":"product_cat-hockey-goal","8":"first","9":"instock","10":"shipping-taxable","11":"product-type-simple"},"_links":{"self":[{"href":"https:\/\/fsportsnet.com\/pt\/wp-json\/wp\/v2\/product\/1497","targetHints":{"allow":["GET"]}}],"collection":[{"href":"https:\/\/fsportsnet.com\/pt\/wp-json\/wp\/v2\/product"}],"about":[{"href":"https:\/\/fsportsnet.com\/pt\/wp-json\/wp\/v2\/types\/product"}],"wp:featuredmedia":[{"embeddable":true,"href":"https:\/\/fsportsnet.com\/pt\/wp-json\/wp\/v2\/media\/1500"}],"wp:attachment":[{"href":"https:\/\/fsportsnet.com\/pt\/wp-json\/wp\/v2\/media?parent=1497"}],"wp:term":[{"taxonomy":"product_brand","embeddable":true,"href":"https:\/\/fsportsnet.com\/pt\/wp-json\/wp\/v2\/product_brand?post=1497"},{"taxonomy":"product_cat","embeddable":true,"href":"https:\/\/fsportsnet.com\/pt\/wp-json\/wp\/v2\/product_cat?post=1497"},{"taxonomy":"product_tag","embeddable":true,"href":"https:\/\/fsportsnet.com\/pt\/wp-json\/wp\/v2\/product_tag?post=1497"}],"curies":[{"name":"wp","href":"https:\/\/api.w.org\/{rel}","templated":true}]}}