{"id":1502,"date":"2023-04-26T08:32:46","date_gmt":"2023-04-26T00:32:46","guid":{"rendered":"https:\/\/fsportsnet.com\/?post_type=product&#038;p=1502"},"modified":"2023-04-26T08:41:47","modified_gmt":"2023-04-26T00:41:47","slug":"better-hockey-extreme-goal-targets-sharp-shooting-training-aid","status":"publish","type":"product","link":"https:\/\/fsportsnet.com\/pt\/product\/better-hockey-extreme-goal-targets-sharp-shooting-training-aid\/","title":{"rendered":"Better Hockey Extreme Goal Targets Aux\u00edlio de Treino de Remate Acentuado"},"content":{"rendered":"<ul class=\"a-unordered-list a-vertical a-spacing-mini\">\n<li><span class=\"a-list-item\">AJUDA-O A MARCAR MAIS GOLOS - estes auxiliares de treino de h\u00f3quei inteligentes ajudam-no a melhorar a sua precis\u00e3o de remate<\/span><\/li>\n<li><span class=\"a-list-item\">PRATICAR COMO OS PROS - estes inovadores alvos para balizas de h\u00f3quei de qualidade superior s\u00e3o utilizados por mais de 100 jogadores da NHL<\/span><\/li>\n<li><span class=\"a-list-item\">PERMITE TENTAR M\u00daLTIPLOS \u00c2NGULOS - \u00e9 fornecido num conjunto de tr\u00eas alvos para que possa criar exerc\u00edcios que melhorem a sua precis\u00e3o<\/span><\/li>\n<li><span class=\"a-list-item\">Fabricado com a mais alta qualidade - material leve e extremamente resistente. Depois de atingirem os alvos, voltam \u00e0 sua posi\u00e7\u00e3o original<\/span><\/li>\n<li><span class=\"a-list-item\">Adapta-se a qualquer rede de h\u00f3quei de tamanho regulamentar - f\u00e1cil de instalar em segundos. A baliza que aparece nas imagens n\u00e3o est\u00e1 inclu\u00edda<\/span><\/li>\n<\/ul>","protected":false},"excerpt":{"rendered":"<p>O Fsports Hockey Goal Target \u00e9 perfeito para todos os iniciantes que procuram jogar nas ruas! O objetivo apresenta tubos de PVC de 1,5 \u2033 de alto impacto e rede pr\u00e9-ajustada dur\u00e1vel de poli\u00e9ster 2.400D para todos os climas. Monta-se rapidamente com a sua fixa\u00e7\u00e3o f\u00e1cil da rede de manga e acoplamentos de ajuste de precis\u00e3o. Este design proporciona uma constru\u00e7\u00e3o r\u00edgida. Que comecem os jogos! Tamanho da baliza: 46\u2033 (L) X 40\u2033 (A) X 22\u2033 (P).<\/p>","protected":false},"featured_media":1494,"template":"","meta":{"_gspb_post_css":""},"product_brand":[],"product_cat":[37],"product_tag":[],"class_list":{"0":"post-1502","1":"product","2":"type-product","3":"status-publish","4":"has-post-thumbnail","6":"product_cat-hockey-goal","8":"first","9":"instock","10":"shipping-taxable","11":"product-type-simple"},"_links":{"self":[{"href":"https:\/\/fsportsnet.com\/pt\/wp-json\/wp\/v2\/product\/1502","targetHints":{"allow":["GET"]}}],"collection":[{"href":"https:\/\/fsportsnet.com\/pt\/wp-json\/wp\/v2\/product"}],"about":[{"href":"https:\/\/fsportsnet.com\/pt\/wp-json\/wp\/v2\/types\/product"}],"wp:featuredmedia":[{"embeddable":true,"href":"https:\/\/fsportsnet.com\/pt\/wp-json\/wp\/v2\/media\/1494"}],"wp:attachment":[{"href":"https:\/\/fsportsnet.com\/pt\/wp-json\/wp\/v2\/media?parent=1502"}],"wp:term":[{"taxonomy":"product_brand","embeddable":true,"href":"https:\/\/fsportsnet.com\/pt\/wp-json\/wp\/v2\/product_brand?post=1502"},{"taxonomy":"product_cat","embeddable":true,"href":"https:\/\/fsportsnet.com\/pt\/wp-json\/wp\/v2\/product_cat?post=1502"},{"taxonomy":"product_tag","embeddable":true,"href":"https:\/\/fsportsnet.com\/pt\/wp-json\/wp\/v2\/product_tag?post=1502"}],"curies":[{"name":"wp","href":"https:\/\/api.w.org\/{rel}","templated":true}]}}