{"id":1505,"date":"2023-04-26T08:42:15","date_gmt":"2023-04-26T00:42:15","guid":{"rendered":"https:\/\/fsportsnet.com\/?post_type=product&#038;p=1505"},"modified":"2023-04-26T08:50:28","modified_gmt":"2023-04-26T00:50:28","slug":"ultimate-knight-street-hockey-practice-shooting-target","status":"publish","type":"product","link":"https:\/\/fsportsnet.com\/pt\/product\/ultimate-knight-street-hockey-practice-shooting-target\/","title":{"rendered":"Alvo de tiro para treino de h\u00f3quei de rua Ultimate Knight"},"content":{"rendered":"<ul class=\"a-unordered-list a-vertical a-spacing-mini\">\n<li><span class=\"a-list-item\">ACERTAR NO ALVO: Inclui 5 zonas de alvo principais para imitar um guarda-redes real e melhorar a pontaria e a precis\u00e3o<\/span><\/li>\n<li><span class=\"a-list-item\">Resistente \u00e0s intemp\u00e9ries: PVC resistente \u00e0s intemp\u00e9ries artisticamente concebido com rebordo refor\u00e7ado e fundo ponderado<\/span><\/li>\n<li><span class=\"a-list-item\">AJUSTE UNIVERSAL: Fixa-se a qualquer baliza de h\u00f3quei de rua padr\u00e3o de 54 \"x 44\" com as armadilhas de bungee inclu\u00eddas<\/span><\/li>\n<li><span class=\"a-list-item\">MONTAGEM F\u00c1CIL: F\u00e1cil de montar e desmontar com fechos el\u00e1sticos duradouros que prendem as 10 argolas<\/span><\/li>\n<li><span class=\"a-list-item\">OBJECTIVO N\u00c3O INCLU\u00cdDO: \u00d3timo para atiradores principiantes e interm\u00e9dios para melhorar a sua pontaria.<\/span><\/li>\n<\/ul>","protected":false},"excerpt":{"rendered":"<p>A rede Fsports Hockey Goal Target \u00e9 perfeita para todos os principiantes que procuram jogar na rua! Constru\u00edda a partir de materiais duradouros e resistentes a todas as condi\u00e7\u00f5es climat\u00e9ricas, esta rede foi concebida para um desempenho m\u00e1ximo, fa\u00e7a chuva ou fa\u00e7a sol. Perfeita para a entrada da garagem, para o ringue de patinagem ou para qualquer outro s\u00edtio onde o jogo o leve.<\/p>","protected":false},"featured_media":1493,"template":"","meta":{"_gspb_post_css":""},"product_brand":[],"product_cat":[37],"product_tag":[],"class_list":{"0":"post-1505","1":"product","2":"type-product","3":"status-publish","4":"has-post-thumbnail","6":"product_cat-hockey-goal","8":"first","9":"instock","10":"shipping-taxable","11":"product-type-simple"},"_links":{"self":[{"href":"https:\/\/fsportsnet.com\/pt\/wp-json\/wp\/v2\/product\/1505","targetHints":{"allow":["GET"]}}],"collection":[{"href":"https:\/\/fsportsnet.com\/pt\/wp-json\/wp\/v2\/product"}],"about":[{"href":"https:\/\/fsportsnet.com\/pt\/wp-json\/wp\/v2\/types\/product"}],"wp:featuredmedia":[{"embeddable":true,"href":"https:\/\/fsportsnet.com\/pt\/wp-json\/wp\/v2\/media\/1493"}],"wp:attachment":[{"href":"https:\/\/fsportsnet.com\/pt\/wp-json\/wp\/v2\/media?parent=1505"}],"wp:term":[{"taxonomy":"product_brand","embeddable":true,"href":"https:\/\/fsportsnet.com\/pt\/wp-json\/wp\/v2\/product_brand?post=1505"},{"taxonomy":"product_cat","embeddable":true,"href":"https:\/\/fsportsnet.com\/pt\/wp-json\/wp\/v2\/product_cat?post=1505"},{"taxonomy":"product_tag","embeddable":true,"href":"https:\/\/fsportsnet.com\/pt\/wp-json\/wp\/v2\/product_tag?post=1505"}],"curies":[{"name":"wp","href":"https:\/\/api.w.org\/{rel}","templated":true}]}}