{"id":1507,"date":"2023-04-26T09:23:28","date_gmt":"2023-04-26T01:23:28","guid":{"rendered":"https:\/\/fsportsnet.com\/?post_type=product&#038;p=1507"},"modified":"2023-04-26T09:40:44","modified_gmt":"2023-04-26T01:40:44","slug":"regulation-6-x-6-lacrosse-net-with-steel-frame","status":"publish","type":"product","link":"https:\/\/fsportsnet.com\/pt\/product\/regulation-6-x-6-lacrosse-net-with-steel-frame\/","title":{"rendered":"Rede de lacrosse de 6\u2032 x 6\u2032 com estrutura de a\u00e7o"},"content":{"rendered":"<p>MONTAGEM E DESMONTAGEM INSTANT\u00c2NEAS: F\u00e1cil de montar e desmontar em menos de 3 minutos para que possa jogar ou praticar em qualquer lugar<br \/>\nO MELHOR AUXILIAR DE TREINO: Rede de treino perfeita para jogadores de lacrosse de todos os n\u00edveis, para jogos, jogos de equipa ou sess\u00f5es de treino<br \/>\nTAMANHO DO REGULAMENTO: A abertura da baliza mede 6 p\u00e9s de largura x 6 p\u00e9s de altura x 6,5 p\u00e9s de profundidade. O conjunto completo inclui rede de lacrosse, estrutura e mala de transporte port\u00e1til<br \/>\nINDISPENS\u00c1VEL PARA TREINADORES E JOGADORES: Adequado para programas LAX e organiza\u00e7\u00f5es que exigem desempenho e qualidade sem gastar muito<br \/>\nCONSTRU\u00c7\u00c3O DUR\u00c1VEL: A estrutura dobr\u00e1vel refor\u00e7ada do tipo arco \u00e9 fornecida com uma rede de poli\u00e9ster de alta densidade e uma mala de transporte port\u00e1til; \u00f3ptima para jogadores de lacrosse, treinadores e acampamentos<\/p>\n<p>1. tamanho: 4 x 4\u2032, 6 x 6\u2032<br \/>\n2.Estrutura: \u03a625 x 1.0mm tubo de a\u00e7o &amp; \u03a612.7mm postes de fibra de vidro<br \/>\n3.Net: Tecido de poli\u00e9ster de 5 camadas de 1,5\u201d sem n\u00f3s e tecido oxford 420\/600D<br \/>\nTamanho da embalagem individual: 64X10X18 cm<\/p>","protected":false},"excerpt":{"rendered":"<p>Rede de lacrosse 6 \u2032 x 6 \u2032 do regulamento com estrutura de a\u00e7o Objetivo de lacrosse port\u00e1til Objetivos de lacrosse colegiados<br \/>\nBaliza de lacrosse port\u00e1til<\/p>","protected":false},"featured_media":1546,"template":"","meta":{"_gspb_post_css":""},"product_brand":[],"product_cat":[38],"product_tag":[],"class_list":{"0":"post-1507","1":"product","2":"type-product","3":"status-publish","4":"has-post-thumbnail","6":"product_cat-lacrosse-goal","8":"first","9":"instock","10":"shipping-taxable","11":"product-type-simple"},"_links":{"self":[{"href":"https:\/\/fsportsnet.com\/pt\/wp-json\/wp\/v2\/product\/1507","targetHints":{"allow":["GET"]}}],"collection":[{"href":"https:\/\/fsportsnet.com\/pt\/wp-json\/wp\/v2\/product"}],"about":[{"href":"https:\/\/fsportsnet.com\/pt\/wp-json\/wp\/v2\/types\/product"}],"wp:featuredmedia":[{"embeddable":true,"href":"https:\/\/fsportsnet.com\/pt\/wp-json\/wp\/v2\/media\/1546"}],"wp:attachment":[{"href":"https:\/\/fsportsnet.com\/pt\/wp-json\/wp\/v2\/media?parent=1507"}],"wp:term":[{"taxonomy":"product_brand","embeddable":true,"href":"https:\/\/fsportsnet.com\/pt\/wp-json\/wp\/v2\/product_brand?post=1507"},{"taxonomy":"product_cat","embeddable":true,"href":"https:\/\/fsportsnet.com\/pt\/wp-json\/wp\/v2\/product_cat?post=1507"},{"taxonomy":"product_tag","embeddable":true,"href":"https:\/\/fsportsnet.com\/pt\/wp-json\/wp\/v2\/product_tag?post=1507"}],"curies":[{"name":"wp","href":"https:\/\/api.w.org\/{rel}","templated":true}]}}