{"id":1547,"date":"2023-04-26T09:23:42","date_gmt":"2023-04-26T01:23:42","guid":{"rendered":"https:\/\/fsportsnet.com\/?post_type=product&#038;p=1547"},"modified":"2023-04-26T09:36:52","modified_gmt":"2023-04-26T01:36:52","slug":"mini-kids-lacrosse-net-with-steel-frame-4-x-4","status":"publish","type":"product","link":"https:\/\/fsportsnet.com\/pt\/product\/mini-kids-lacrosse-net-with-steel-frame-4-x-4\/","title":{"rendered":"Rede de lacrosse para crian\u00e7as com estrutura de a\u00e7o 4\u2032 x 4\u2032"},"content":{"rendered":"<p>MONTAGEM E DESMONTAGEM INSTANT\u00c2NEAS: F\u00e1cil de montar e desmontar em menos de 3 minutos para que possa jogar ou praticar em qualquer lugar<br \/>\nO MELHOR AUXILIAR DE TREINO: Rede de treino perfeita para jogadores de lacrosse Small Kids de todos os n\u00edveis, para jogos, jogos de equipa ou sess\u00f5es de treino<br \/>\nTAMANHO DO REGULAMENTO: A abertura da baliza mede 4 p\u00e9s de largura x 4 p\u00e9s de altura. O conjunto completo inclui rede de lacrosse, estrutura e mala de transporte port\u00e1til<br \/>\nINDISPENS\u00c1VEL PARA TREINADORES E JOGADORES: Adequado para programas LAX e organiza\u00e7\u00f5es que exigem desempenho e qualidade sem gastar muito<br \/>\nCONSTRU\u00c7\u00c3O DUR\u00c1VEL: A estrutura dobr\u00e1vel refor\u00e7ada do tipo arco \u00e9 fornecida com uma rede de poli\u00e9ster de alta densidade e uma mala de transporte port\u00e1til; \u00f3ptima para jogadores de lacrosse, treinadores e acampamentos<\/p>\n<p>1. tamanho: 4 X 4\u2032<br \/>\n2.Estrutura: \u03a625 x 1.0mm tubo de a\u00e7o &amp; \u03a612.7mm postes de fibra de vidro<br \/>\n3.Net: Tecido de poli\u00e9ster de 5 camadas de 1,5\u201d sem n\u00f3s e tecido oxford 420\/600D<br \/>\nTamanho da embalagem individual: 64X10X18 cm<\/p>","protected":false},"excerpt":{"rendered":"<ul class=\"a-unordered-list a-vertical a-spacing-mini\">\n<li><span class=\"a-list-item\">APRENDER A JOGAR: Esta baliza para jovens \u00e9 perfeita para os mais novos praticarem as suas capacidades de lacrosse e desenvolverem o gosto pelo jogo!<\/span><\/li>\n<li><span class=\"a-list-item\">MONTAGEM R\u00c1PIDA E F\u00c1CIL: Esta baliza \u00e9 extremamente f\u00e1cil de montar. Basta deslizar os tubos atrav\u00e9s da rede e ligar cada canto! Folha de instru\u00e7\u00f5es inclu\u00edda<\/span><\/li>\n<li><span class=\"a-list-item\">MELHORAR A COORDENA\u00c7\u00c3O: Esta baliza cor de laranja brilhante ajudar\u00e1 as crian\u00e7as a concentrarem-se no seu alvo e a melhorarem o seu lan\u00e7amento e pontaria!<\/span><\/li>\n<li><span class=\"a-list-item\">TAMANHO JOVEM: A rede de 4x4 p\u00e9s tem o tamanho perfeito para os jovens jogadores praticarem as suas habilidades de remate e de guarda-redes<\/span><\/li>\n<li><span class=\"a-list-item\">PORT\u00c1TIL: Concebemos esta baliza para ser leve e port\u00e1til, para que a possa levar facilmente para o quintal, para a praia, para o parque ou para qualquer outro lugar onde o jogo o leve!<\/span><\/li>\n<\/ul>","protected":false},"featured_media":1515,"template":"","meta":{"_gspb_post_css":""},"product_brand":[],"product_cat":[38],"product_tag":[],"class_list":{"0":"post-1547","1":"product","2":"type-product","3":"status-publish","4":"has-post-thumbnail","6":"product_cat-lacrosse-goal","8":"first","9":"instock","10":"shipping-taxable","11":"product-type-simple"},"_links":{"self":[{"href":"https:\/\/fsportsnet.com\/pt\/wp-json\/wp\/v2\/product\/1547","targetHints":{"allow":["GET"]}}],"collection":[{"href":"https:\/\/fsportsnet.com\/pt\/wp-json\/wp\/v2\/product"}],"about":[{"href":"https:\/\/fsportsnet.com\/pt\/wp-json\/wp\/v2\/types\/product"}],"wp:featuredmedia":[{"embeddable":true,"href":"https:\/\/fsportsnet.com\/pt\/wp-json\/wp\/v2\/media\/1515"}],"wp:attachment":[{"href":"https:\/\/fsportsnet.com\/pt\/wp-json\/wp\/v2\/media?parent=1547"}],"wp:term":[{"taxonomy":"product_brand","embeddable":true,"href":"https:\/\/fsportsnet.com\/pt\/wp-json\/wp\/v2\/product_brand?post=1547"},{"taxonomy":"product_cat","embeddable":true,"href":"https:\/\/fsportsnet.com\/pt\/wp-json\/wp\/v2\/product_cat?post=1547"},{"taxonomy":"product_tag","embeddable":true,"href":"https:\/\/fsportsnet.com\/pt\/wp-json\/wp\/v2\/product_tag?post=1547"}],"curies":[{"name":"wp","href":"https:\/\/api.w.org\/{rel}","templated":true}]}}