{"id":1553,"date":"2023-04-26T09:58:07","date_gmt":"2023-04-26T01:58:07","guid":{"rendered":"https:\/\/fsportsnet.com\/?post_type=product&#038;p=1553"},"modified":"2023-04-26T10:03:27","modified_gmt":"2023-04-26T02:03:27","slug":"4ft-kids-lacrosse-goal-backyard-training-exercise-lacrosse-net","status":"publish","type":"product","link":"https:\/\/fsportsnet.com\/pt\/product\/4ft-kids-lacrosse-goal-backyard-training-exercise-lacrosse-net\/","title":{"rendered":"4ft Kids Lacrosse Goal Backyard Training Exerc\u00edcio Lacrosse Net"},"content":{"rendered":"<ul class=\"a-unordered-list a-vertical a-spacing-mini\">\n<li><span class=\"a-list-item\">Melhor Equipamento de Treino de Lacrosse - \u00c9 muito mais port\u00e1til do que as redes de a\u00e7o normais, cabendo at\u00e9 na parte de tr\u00e1s do seu SUV ou simplesmente transportada ao ombro, agarre e v\u00e1 praticar em qualquer lugar!<\/span><\/li>\n<li><span class=\"a-list-item\">F\u00e1cil de abrir, f\u00e1cil de dobrar - \u00c9 super f\u00e1cil de abrir e dobrar em poucos minutos. Basta dobrar a baliza para um tamanho mais pequeno e coloc\u00e1-la no saco de transporte fornecido. At\u00e9 uma crian\u00e7a consegue abri-la e desmont\u00e1-la sozinha!<\/span><\/li>\n<li><span class=\"a-list-item\">Estrutura de fibra de vidro dur\u00e1vel - O nosso objetivo \u00e9 ser resistente a todas as condi\u00e7\u00f5es climat\u00e9ricas, concebido atrav\u00e9s da tecnologia de enrolamento de filamentos, \u00e9 suficientemente resistente e flex\u00edvel contra ventos fortes e repentinos! N\u00e3o deixe que o tempo estrague o seu dia.<\/span><\/li>\n<li><span class=\"a-list-item\">Os melhores presentes de lacrosse para rapazes - \u00c9 port\u00e1til, f\u00e1cil de abrir e dobrar e at\u00e9 uma crian\u00e7a pode mont\u00e1-lo sozinha. Absolutamente o presente mais original para crian\u00e7as e adolescentes que adoram lacrosse!<\/span><\/li>\n<li><span class=\"a-list-item\">Para todos os amantes de lacrosse - Encontrar o equipamento de treino correto \u00e9 uma parte importante para completar o seu pacote de equipamento de lacrosse. A melhor escolha para os entusiastas do lacrosse, a nossa baliza de lacrosse.<\/span><\/li>\n<\/ul>","protected":false},"excerpt":{"rendered":"<h4 class=\"a-spacing-mini\">Configura\u00e7\u00e3o r\u00e1pida e f\u00e1cil<\/h4>\n<p>A baliza tem um design de dobragem r\u00e1pida que lhe permite montar a baliza em segundos, sem esfor\u00e7o. \u00c9 f\u00e1cil e simples montar a baliza, n\u00e3o sendo necess\u00e1rias ferramentas ou parafusos. At\u00e9 uma crian\u00e7a pode instal\u00e1-la facilmente. Comece a praticar imediatamente e n\u00e3o precisa de perder mais tempo s\u00f3 para montar uma baliza.<\/p>","protected":false},"featured_media":1525,"template":"","meta":{"_gspb_post_css":""},"product_brand":[],"product_cat":[38],"product_tag":[],"class_list":{"0":"post-1553","1":"product","2":"type-product","3":"status-publish","4":"has-post-thumbnail","6":"product_cat-lacrosse-goal","8":"first","9":"instock","10":"shipping-taxable","11":"product-type-simple"},"_links":{"self":[{"href":"https:\/\/fsportsnet.com\/pt\/wp-json\/wp\/v2\/product\/1553","targetHints":{"allow":["GET"]}}],"collection":[{"href":"https:\/\/fsportsnet.com\/pt\/wp-json\/wp\/v2\/product"}],"about":[{"href":"https:\/\/fsportsnet.com\/pt\/wp-json\/wp\/v2\/types\/product"}],"wp:featuredmedia":[{"embeddable":true,"href":"https:\/\/fsportsnet.com\/pt\/wp-json\/wp\/v2\/media\/1525"}],"wp:attachment":[{"href":"https:\/\/fsportsnet.com\/pt\/wp-json\/wp\/v2\/media?parent=1553"}],"wp:term":[{"taxonomy":"product_brand","embeddable":true,"href":"https:\/\/fsportsnet.com\/pt\/wp-json\/wp\/v2\/product_brand?post=1553"},{"taxonomy":"product_cat","embeddable":true,"href":"https:\/\/fsportsnet.com\/pt\/wp-json\/wp\/v2\/product_cat?post=1553"},{"taxonomy":"product_tag","embeddable":true,"href":"https:\/\/fsportsnet.com\/pt\/wp-json\/wp\/v2\/product_tag?post=1553"}],"curies":[{"name":"wp","href":"https:\/\/api.w.org\/{rel}","templated":true}]}}