{"id":1554,"date":"2023-04-26T10:04:07","date_gmt":"2023-04-26T02:04:07","guid":{"rendered":"https:\/\/fsportsnet.com\/?post_type=product&#038;p=1554"},"modified":"2023-04-26T10:27:10","modified_gmt":"2023-04-26T02:27:10","slug":"ezgoal-lacrosse-folding-goal-with-steel-frame","status":"publish","type":"product","link":"https:\/\/fsportsnet.com\/pt\/product\/ezgoal-lacrosse-folding-goal-with-steel-frame\/","title":{"rendered":"Alvo de tiro com baliza de lacrosse Alvos de canto para pr\u00e1tica de tiro"},"content":{"rendered":"<ul class=\"a-unordered-list a-vertical a-spacing-mini\">\n<li><span class=\"a-list-item\">Alvo de tiro Premium: Este alvo de tiro \u00e0 prova de \u00e1gua de peso elevado \u00e9 feito de tecido de nylon de qualidade, o tecido do alvo de lacrosse \u00e9 port\u00e1til e f\u00e1cil de dobrar N\u00e3o se parte ou desvanece facilmente e pode suportar a maioria das condi\u00e7\u00f5es climat\u00e9ricas<\/span><\/li>\n<li><span class=\"a-list-item\">Objectivos de lacrosse de tamanho oficial: 6\u2032 x 6\u2032 Concebidas para utiliza\u00e7\u00e3o em balizas de lacrosse de tamanho oficial para jogadores adultos e jovens.<\/span><\/li>\n<li><span class=\"a-list-item\">9 zonas de pontua\u00e7\u00e3o: Este alvo de tiro de primeira qualidade possui 9 zonas de tiro realistas para ajudar os jogadores a praticar a sua precis\u00e3o de tiro sem necessidade de um guarda-redes, desde crian\u00e7as a jogadores experientes, os nossos objectivos de lacrosse s\u00e3o para principiantes, intermedi\u00e1rios e jogadores avan\u00e7ados.<\/span><\/li>\n<li><span class=\"a-list-item\">F\u00e1cil de instalar e transportar: equipado com 16 fivelas de cord\u00e3o el\u00e1stico que podem ser facilmente instaladas e ajustadas de acordo com as suas necessidades, e pode facilmente dobrar os acess\u00f3rios de lacrosse e guard\u00e1-los num saco, leve para os levar consigo para onde quer que v\u00e1, n\u00e3o ocupando demasiado espa\u00e7o ou energia<\/span><\/li>\n<\/ul>\n<ul class=\"a-unordered-list a-vertical a-spacing-mini\">\n<li>\u00a01. Dimens\u00f5es: 6x6x7 p\u00e9s<br \/>\n2. Quadro: 31.8\u00d70.8mm com 50pcs bungees<br \/>\n3. Rede: Rede sem n\u00f3s de poli\u00e9ster de 7 camadas de 1,5 polegadas<br \/>\n4. Peso: 11,35 quilogramas<br \/>\n5. Tamanho da embalagem: 39,4 x 16,4 x 4,8 polegadas<\/li>\n<\/ul>","protected":false},"excerpt":{"rendered":"<h4 class=\"a-spacing-mini\">Construir para brincar no quintal e ao ar livre<\/h4>\n<p>A nossa baliza de lacrosse foi concebida para jogos no quintal e treinos ao ar livre. Com a estrutura de a\u00e7o dur\u00e1vel e cavilhas para fixar a baliza ao solo, ajuda-o contra as condi\u00e7\u00f5es meteorol\u00f3gicas imprevis\u00edveis. A baliza robusta e est\u00e1vel proporciona-lhe uma experi\u00eancia de treino ininterrupto como nunca teve.<\/p>","protected":false},"featured_media":1529,"template":"","meta":{"_gspb_post_css":""},"product_brand":[],"product_cat":[38],"product_tag":[],"class_list":{"0":"post-1554","1":"product","2":"type-product","3":"status-publish","4":"has-post-thumbnail","6":"product_cat-lacrosse-goal","8":"first","9":"instock","10":"shipping-taxable","11":"product-type-simple"},"_links":{"self":[{"href":"https:\/\/fsportsnet.com\/pt\/wp-json\/wp\/v2\/product\/1554","targetHints":{"allow":["GET"]}}],"collection":[{"href":"https:\/\/fsportsnet.com\/pt\/wp-json\/wp\/v2\/product"}],"about":[{"href":"https:\/\/fsportsnet.com\/pt\/wp-json\/wp\/v2\/types\/product"}],"wp:featuredmedia":[{"embeddable":true,"href":"https:\/\/fsportsnet.com\/pt\/wp-json\/wp\/v2\/media\/1529"}],"wp:attachment":[{"href":"https:\/\/fsportsnet.com\/pt\/wp-json\/wp\/v2\/media?parent=1554"}],"wp:term":[{"taxonomy":"product_brand","embeddable":true,"href":"https:\/\/fsportsnet.com\/pt\/wp-json\/wp\/v2\/product_brand?post=1554"},{"taxonomy":"product_cat","embeddable":true,"href":"https:\/\/fsportsnet.com\/pt\/wp-json\/wp\/v2\/product_cat?post=1554"},{"taxonomy":"product_tag","embeddable":true,"href":"https:\/\/fsportsnet.com\/pt\/wp-json\/wp\/v2\/product_tag?post=1554"}],"curies":[{"name":"wp","href":"https:\/\/api.w.org\/{rel}","templated":true}]}}