{"id":1557,"date":"2023-04-26T14:13:41","date_gmt":"2023-04-26T06:13:41","guid":{"rendered":"https:\/\/fsportsnet.com\/?post_type=product&#038;p=1557"},"modified":"2023-04-26T14:13:42","modified_gmt":"2023-04-26T06:13:42","slug":"quickster-soccer-trainer-portable-soccer-rebounder-net","status":"publish","type":"product","link":"https:\/\/fsportsnet.com\/pt\/product\/quickster-soccer-trainer-portable-soccer-rebounder-net\/","title":{"rendered":"Quickster Soccer Trainer Rede de ressalto de futebol port\u00e1til"},"content":{"rendered":"<div id=\"featurebullets_feature_div\" class=\"celwidget\" data-feature-name=\"featurebullets\" data-csa-c-type=\"widget\" data-csa-c-content-id=\"featurebullets\" data-csa-c-slot-id=\"featurebullets_feature_div\" data-csa-c-asin=\"B00VUMGYLQ\" data-csa-c-is-in-initial-active-row=\"false\" data-csa-c-id=\"r02nsd-ek31ro-15bazj-k71de6\" data-cel-widget=\"featurebullets_feature_div\">\n<div id=\"feature-bullets\" class=\"a-section a-spacing-medium a-spacing-top-small\">\n<ul class=\"a-unordered-list a-vertical a-spacing-mini\">\n<li><span class=\"a-list-item\">Proporciona um rolamento real que ajuda a dominar o passe e a rece\u00e7\u00e3o no solo<\/span><\/li>\n<li><span class=\"a-list-item\">Maximize as repeti\u00e7\u00f5es prendendo a bola fora do ar com os p\u00e9s, coxas e peito<\/span><\/li>\n<li><span class=\"a-list-item\">Trabalhar os v\u00f3leis e os meios v\u00f3leis com o peito do p\u00e9 e os atacadores<\/span><\/li>\n<li><span class=\"a-list-item\">Atira a bola ao ar para cabeceamentos ofensivos para baixo e cabeceamentos defensivos para cima e para fora<\/span><\/li>\n<li><span class=\"a-list-item\">Port\u00e1til, leve e f\u00e1cil de guardar<\/span><\/li>\n<\/ul>\n<\/div>\n<\/div>\n<div id=\"serviceCapabilities_feature_div\" class=\"celwidget\" data-feature-name=\"serviceCapabilities\" data-csa-c-type=\"widget\" data-csa-c-content-id=\"serviceCapabilities\" data-csa-c-slot-id=\"serviceCapabilities_feature_div\" data-csa-c-asin=\"B00VUMGYLQ\" data-csa-c-is-in-initial-active-row=\"false\" data-csa-c-id=\"cdqbcs-cqt9yd-frehzg-ddrb62\" data-cel-widget=\"serviceCapabilities_feature_div\">1. Tamanho: 210x120x85cm<br \/>\n2. Tubo de a\u00e7o: \u03a625.4 x 1.0mm<br \/>\n3. Fibra de vidro: Postes s\u00f3lidos de 12,7 mm<br \/>\n4. Rede: 3 camadas de poli\u00e9ster de 1\u201d sem n\u00f3s<br \/>\nPoli\u00e9ster de 5 camadas de 1,75\u201d sem n\u00f3s<br \/>\n5. Saco: tecido oxford 420D<br \/>\n6. G.W 5.4kg, N.W 4.8kg<br \/>\n7. Tamanho da caixa: 20*12*84CM<\/div>","protected":false},"excerpt":{"rendered":"<p>O Quickster Soccer Trainer monta-se rapidamente, resiste aos passes mais dif\u00edceis e guarda-se facilmente. Leve mas dur\u00e1vel, este rebounder multi-t\u00e1til ajuda os jogadores a desenvolverem as suas capacidades de uma forma que deixa todos os outros rebounders sem qualquer efeito.<\/p>","protected":false},"featured_media":1562,"template":"","meta":{"_gspb_post_css":""},"product_brand":[],"product_cat":[32],"product_tag":[],"class_list":{"0":"post-1557","1":"product","2":"type-product","3":"status-publish","4":"has-post-thumbnail","6":"product_cat-rebounder","8":"first","9":"instock","10":"shipping-taxable","11":"product-type-simple"},"_links":{"self":[{"href":"https:\/\/fsportsnet.com\/pt\/wp-json\/wp\/v2\/product\/1557","targetHints":{"allow":["GET"]}}],"collection":[{"href":"https:\/\/fsportsnet.com\/pt\/wp-json\/wp\/v2\/product"}],"about":[{"href":"https:\/\/fsportsnet.com\/pt\/wp-json\/wp\/v2\/types\/product"}],"wp:featuredmedia":[{"embeddable":true,"href":"https:\/\/fsportsnet.com\/pt\/wp-json\/wp\/v2\/media\/1562"}],"wp:attachment":[{"href":"https:\/\/fsportsnet.com\/pt\/wp-json\/wp\/v2\/media?parent=1557"}],"wp:term":[{"taxonomy":"product_brand","embeddable":true,"href":"https:\/\/fsportsnet.com\/pt\/wp-json\/wp\/v2\/product_brand?post=1557"},{"taxonomy":"product_cat","embeddable":true,"href":"https:\/\/fsportsnet.com\/pt\/wp-json\/wp\/v2\/product_cat?post=1557"},{"taxonomy":"product_tag","embeddable":true,"href":"https:\/\/fsportsnet.com\/pt\/wp-json\/wp\/v2\/product_tag?post=1557"}],"curies":[{"name":"wp","href":"https:\/\/api.w.org\/{rel}","templated":true}]}}