{"id":1575,"date":"2023-04-26T14:25:12","date_gmt":"2023-04-26T06:25:12","guid":{"rendered":"https:\/\/fsportsnet.com\/?post_type=product&#038;p=1575"},"modified":"2023-04-27T10:10:00","modified_gmt":"2023-04-27T02:10:00","slug":"professional-soccer-rebound-net-7x7ft-angle-adjustable","status":"publish","type":"product","link":"https:\/\/fsportsnet.com\/pt\/product\/professional-soccer-rebound-net-7x7ft-angle-adjustable\/","title":{"rendered":"Rede de ressalto de futebol profissional 7x7 p\u00e9s com \u00e2ngulo ajust\u00e1vel"},"content":{"rendered":"<div id=\"featurebullets_feature_div\" class=\"celwidget\" data-feature-name=\"featurebullets\" data-csa-c-type=\"widget\" data-csa-c-content-id=\"featurebullets\" data-csa-c-slot-id=\"featurebullets_feature_div\" data-csa-c-asin=\"B00VUMGYLQ\" data-csa-c-is-in-initial-active-row=\"false\" data-csa-c-id=\"r02nsd-ek31ro-15bazj-k71de6\" data-cel-widget=\"featurebullets_feature_div\">\n<div id=\"feature-bullets\" class=\"a-section a-spacing-medium a-spacing-top-small\">\n<ul class=\"a-unordered-list a-vertical a-spacing-mini\">\n<li>1. Tamanho: 7x7ft<br \/>\n2. Tubo de a\u00e7o: \u03a625 x 1.0mm<br \/>\n3. Fibra de vidro: Postes s\u00f3lidos de 12,7 mm<br \/>\n4. Rede: 3ply x 2,5cm<\/li>\n<li>\n<h1 class=\"a-size-base-plus a-text-bold\">Sobre este artigo<\/h1>\n<ul class=\"a-unordered-list a-vertical a-spacing-mini\">\n<li><span class=\"a-list-item\">PROJETO AJUST\u00c1VEL DE \u00c2NGULO - Com o design exclusivo de ajuste de \u00e2ngulo, voc\u00ea pode levantar a rede de rebote em 2 \u00e2ngulos para ter um m\u00e9todo de retorno diferente para criar um ambiente de pr\u00e1tica mais realista do que qualquer outro rebote no mercado. Leve o seu jogo de futebol para o pr\u00f3ximo n\u00edvel para receber qualquer tipo de passe. Ajusta os \u00e2ngulos para praticar as capacidades de captura de solo, joelho, peito e calor.<\/span><\/li>\n<li><span class=\"a-list-item\">FERRAMENTA DE TREINO PROFISSIONAL - O rebounder possui uma rede de ressalto de alta tens\u00e3o. Concebido para os jogadores que treinam em conjunto ou a solo, para melhorar a precis\u00e3o e a per\u00edcia em todos os aspectos do jogo. Desfrute de cada minuto de remate de bolas em qualquer \u00e2ngulo gra\u00e7as \u00e0 grande superf\u00edcie de 7 p\u00e9s por 7 p\u00e9s, sem \u00e1reas \u201cmortas\u201d que n\u00e3o recuperam. Com bungees de alta qualidade, uma \u00e1rea de retorno de quase 72 p\u00e9s quadrados e um alvo pintado para que a sua pontaria esteja no ponto - o seu jogo de futebol estar\u00e1 a caminho de se tornar lend\u00e1rio.<\/span><\/li>\n<li><span class=\"a-list-item\">CONSTRU\u00c7\u00c3O ROBUSTA - Fabricada em a\u00e7o revestido a p\u00f3 e rede de qualidade superior, a rede resiste a in\u00fameras pancadas e n\u00e3o tomba. Tirando partido da rede de poli\u00e9ster sem n\u00f3s com revestimento de PU 420D, a nossa rede de batida de golfe sobrevive ao abuso das tacadas mais dif\u00edceis, \u00e9poca ap\u00f3s \u00e9poca.<\/span><\/li>\n<li><span class=\"a-list-item\">MULTI-FUN\u00c7\u00c3O - A nossa rede pode ser utilizada no interior ou no exterior sem preocupa\u00e7\u00f5es. A estrutura tem pernas de apoio extra-longas para maior estabilidade no ch\u00e3o, enquanto outras 4 cavilhas de solo para ultra-estabilidade. Perfeita para lacrosse, basebol, softbol, futebol, futebol americano, basquetebol, voleibol, t\u00e9nis e desportos de raquete. Pode ser utilizado como um contra-ataque port\u00e1til para qualquer desporto e \u00e9 perfeito para sess\u00f5es de treino ou jogos em qualquer quintal, garagem ou campo.<\/span><\/li>\n<li><span class=\"a-list-item\">F\u00c1CIL MONTAGEM - Gra\u00e7as ao design, a nossa rede de rebounder n\u00e3o precisa de ser montada de forma complicada, apenas se monta em minutos e n\u00e3o requer quaisquer cordas de suporte. Pode ser utilizada na relva, areia, ch\u00e3o de gin\u00e1sio, bet\u00e3o e muito mais.<\/span><\/li>\n<\/ul>\n<\/li>\n<\/ul>\n<\/div>\n<\/div>\n<div id=\"serviceCapabilities_feature_div\" class=\"celwidget\" data-feature-name=\"serviceCapabilities\" data-csa-c-type=\"widget\" data-csa-c-content-id=\"serviceCapabilities\" data-csa-c-slot-id=\"serviceCapabilities_feature_div\" data-csa-c-asin=\"B00VUMGYLQ\" data-csa-c-is-in-initial-active-row=\"false\" data-csa-c-id=\"cdqbcs-cqt9yd-frehzg-ddrb62\" data-cel-widget=\"serviceCapabilities_feature_div\"><\/div>","protected":false},"excerpt":{"rendered":"<p>A rede de ressalto Fsports Soccer Trainer n\u00e3o precisa de ser montada de forma complicada, monta-se em minutos e n\u00e3o requer quaisquer cordas de suporte. Pode ser utilizada na relva, areia, ch\u00e3o de gin\u00e1sio, bet\u00e3o e muito mais.<\/p>","protected":false},"featured_media":1582,"template":"","meta":{"_gspb_post_css":""},"product_brand":[],"product_cat":[32],"product_tag":[],"class_list":{"0":"post-1575","1":"product","2":"type-product","3":"status-publish","4":"has-post-thumbnail","6":"product_cat-rebounder","8":"first","9":"instock","10":"shipping-taxable","11":"product-type-simple"},"_links":{"self":[{"href":"https:\/\/fsportsnet.com\/pt\/wp-json\/wp\/v2\/product\/1575","targetHints":{"allow":["GET"]}}],"collection":[{"href":"https:\/\/fsportsnet.com\/pt\/wp-json\/wp\/v2\/product"}],"about":[{"href":"https:\/\/fsportsnet.com\/pt\/wp-json\/wp\/v2\/types\/product"}],"wp:featuredmedia":[{"embeddable":true,"href":"https:\/\/fsportsnet.com\/pt\/wp-json\/wp\/v2\/media\/1582"}],"wp:attachment":[{"href":"https:\/\/fsportsnet.com\/pt\/wp-json\/wp\/v2\/media?parent=1575"}],"wp:term":[{"taxonomy":"product_brand","embeddable":true,"href":"https:\/\/fsportsnet.com\/pt\/wp-json\/wp\/v2\/product_brand?post=1575"},{"taxonomy":"product_cat","embeddable":true,"href":"https:\/\/fsportsnet.com\/pt\/wp-json\/wp\/v2\/product_cat?post=1575"},{"taxonomy":"product_tag","embeddable":true,"href":"https:\/\/fsportsnet.com\/pt\/wp-json\/wp\/v2\/product_tag?post=1575"}],"curies":[{"name":"wp","href":"https:\/\/api.w.org\/{rel}","templated":true}]}}