{"id":1600,"date":"2023-04-27T10:10:37","date_gmt":"2023-04-27T02:10:37","guid":{"rendered":"https:\/\/fsportsnet.com\/?post_type=product&#038;p=1600"},"modified":"2023-04-27T10:18:52","modified_gmt":"2023-04-27T02:18:52","slug":"solo-soccer-net-trainer-and-rebounder-with-carry-bag","status":"publish","type":"product","link":"https:\/\/fsportsnet.com\/pt\/product\/solo-soccer-net-trainer-and-rebounder-with-carry-bag\/","title":{"rendered":"Solo Soccer Net Trainer e Rebounder com saco de transporte"},"content":{"rendered":"<div id=\"featurebullets_feature_div\" class=\"celwidget\" data-feature-name=\"featurebullets\" data-csa-c-type=\"widget\" data-csa-c-content-id=\"featurebullets\" data-csa-c-slot-id=\"featurebullets_feature_div\" data-csa-c-asin=\"B00VUMGYLQ\" data-csa-c-is-in-initial-active-row=\"false\" data-csa-c-id=\"r02nsd-ek31ro-15bazj-k71de6\" data-cel-widget=\"featurebullets_feature_div\">\n<div id=\"feature-bullets\" class=\"a-section a-spacing-medium a-spacing-top-small\">\n<ul class=\"a-unordered-list a-vertical a-spacing-mini\">\n<li>1. Tamanho: 1X1,5m<br \/>\n2. Tela :Poli\u00e9ster<br \/>\n3. Moldura: Dia \u03a625*1.0mm<br \/>\n4. Poste: Fibra de vidro s\u00f3lida de 12,7 mm<br \/>\n5. Saco :600D oxford<\/li>\n<li>\n<h1 class=\"a-size-base-plus a-text-bold\">Sobre este artigo<\/h1>\n<ul class=\"a-unordered-list a-vertical a-spacing-mini\">\n<li><span class=\"a-list-item\">Trabalhar os v\u00f3leis e os meios v\u00f3leis com o peito do p\u00e9 e os atacadores<\/span><\/li>\n<li><span class=\"a-list-item\">Retirar a bola do ar com os p\u00e9s, as coxas e o peito, maximizando as repeti\u00e7\u00f5es<\/span><\/li>\n<li><span class=\"a-list-item\">Port\u00e1til, leve e f\u00e1cil de guardar<\/span><\/li>\n<li><span class=\"a-list-item\">Espig\u00f5es para fixar a rede ao solo<\/span><\/li>\n<li><span class=\"a-list-item\">A rede mede 5\u2019x 3\u2019, saco de transporte inclu\u00eddo<\/span><\/li>\n<li><span class=\"a-list-item\">MULTI-FUN\u00c7\u00c3O - A nossa rede pode ser utilizada no interior ou no exterior sem preocupa\u00e7\u00f5es. A estrutura tem pernas de apoio extra-longas para maior estabilidade no ch\u00e3o, enquanto outras 4 cavilhas de solo para ultra-estabilidade. Perfeita para lacrosse, basebol, softbol, futebol, futebol americano, basquetebol, voleibol, t\u00e9nis e desportos de raquete. Pode ser utilizado como um contra-ataque port\u00e1til para qualquer desporto e \u00e9 perfeito para sess\u00f5es de treino ou jogos em qualquer quintal, garagem ou campo.<\/span><\/li>\n<li><span class=\"a-list-item\">F\u00c1CIL MONTAGEM - Gra\u00e7as ao design, a nossa rede de rebounder n\u00e3o precisa de ser montada de forma complicada, apenas se monta em minutos e n\u00e3o requer quaisquer cordas de suporte. Pode ser utilizada na relva, areia, ch\u00e3o de gin\u00e1sio, bet\u00e3o e muito mais.<\/span><\/li>\n<\/ul>\n<\/li>\n<\/ul>\n<\/div>\n<\/div>\n<div id=\"serviceCapabilities_feature_div\" class=\"celwidget\" data-feature-name=\"serviceCapabilities\" data-csa-c-type=\"widget\" data-csa-c-content-id=\"serviceCapabilities\" data-csa-c-slot-id=\"serviceCapabilities_feature_div\" data-csa-c-asin=\"B00VUMGYLQ\" data-csa-c-is-in-initial-active-row=\"false\" data-csa-c-id=\"cdqbcs-cqt9yd-frehzg-ddrb62\" data-cel-widget=\"serviceCapabilities_feature_div\"><\/div>","protected":false},"excerpt":{"rendered":"<p>Ajuda os atletas a trabalhar o controlo da bola no ar com os p\u00e9s, as coxas e o peito, concentrando-se em maximizar as repeti\u00e7\u00f5es. O Soccer Trainer Solo \u00e9 ideal para trabalhar voleios e meios voleios com o peito do p\u00e9 e os atacadores, criando melhores h\u00e1bitos de controlo da bola e precis\u00e3o. Os atletas ser\u00e3o capazes de pegar nestas compet\u00eancias praticadas e transferi-las para situa\u00e7\u00f5es de jogo. Concebido com uma rede de ressalto ideal, constru\u00edda para durar ao longo de v\u00e1rias \u00e9pocas de utiliza\u00e7\u00e3o. Utilize o Soccer Trainer Solo para praticar no quintal e melhorar a t\u00e9cnica atrav\u00e9s do treino a solo para ser melhor em campo. Incrivelmente port\u00e1til, leve e pode ser guardado facilmente com o saco de transporte inclu\u00eddo. Os espig\u00f5es est\u00e3o incorporados para fixar a rede no solo.<\/p>","protected":false},"featured_media":1599,"template":"","meta":{"_gspb_post_css":""},"product_brand":[],"product_cat":[32],"product_tag":[],"class_list":{"0":"post-1600","1":"product","2":"type-product","3":"status-publish","4":"has-post-thumbnail","6":"product_cat-rebounder","8":"first","9":"instock","10":"shipping-taxable","11":"product-type-simple"},"_links":{"self":[{"href":"https:\/\/fsportsnet.com\/pt\/wp-json\/wp\/v2\/product\/1600","targetHints":{"allow":["GET"]}}],"collection":[{"href":"https:\/\/fsportsnet.com\/pt\/wp-json\/wp\/v2\/product"}],"about":[{"href":"https:\/\/fsportsnet.com\/pt\/wp-json\/wp\/v2\/types\/product"}],"wp:featuredmedia":[{"embeddable":true,"href":"https:\/\/fsportsnet.com\/pt\/wp-json\/wp\/v2\/media\/1599"}],"wp:attachment":[{"href":"https:\/\/fsportsnet.com\/pt\/wp-json\/wp\/v2\/media?parent=1600"}],"wp:term":[{"taxonomy":"product_brand","embeddable":true,"href":"https:\/\/fsportsnet.com\/pt\/wp-json\/wp\/v2\/product_brand?post=1600"},{"taxonomy":"product_cat","embeddable":true,"href":"https:\/\/fsportsnet.com\/pt\/wp-json\/wp\/v2\/product_cat?post=1600"},{"taxonomy":"product_tag","embeddable":true,"href":"https:\/\/fsportsnet.com\/pt\/wp-json\/wp\/v2\/product_tag?post=1600"}],"curies":[{"name":"wp","href":"https:\/\/api.w.org\/{rel}","templated":true}]}}