{"id":1601,"date":"2023-04-27T10:19:08","date_gmt":"2023-04-27T02:19:08","guid":{"rendered":"https:\/\/fsportsnet.com\/?post_type=product&#038;p=1601"},"modified":"2023-04-27T10:29:21","modified_gmt":"2023-04-27T02:29:21","slug":"pitchback-baseball-and-softball-pitching-net-and-rebounder","status":"publish","type":"product","link":"https:\/\/fsportsnet.com\/pt\/product\/pitchback-baseball-and-softball-pitching-net-and-rebounder\/","title":{"rendered":"Rede de lan\u00e7amento e ressalto PitchBack para basebol e softbol"},"content":{"rendered":"<div id=\"featurebullets_feature_div\" class=\"celwidget\" data-feature-name=\"featurebullets\" data-csa-c-type=\"widget\" data-csa-c-content-id=\"featurebullets\" data-csa-c-slot-id=\"featurebullets_feature_div\" data-csa-c-asin=\"B00VUMGYLQ\" data-csa-c-is-in-initial-active-row=\"false\" data-csa-c-id=\"r02nsd-ek31ro-15bazj-k71de6\" data-cel-widget=\"featurebullets_feature_div\">\n<div id=\"feature-bullets\" class=\"a-section a-spacing-medium a-spacing-top-small\">\n<ul class=\"a-unordered-list a-vertical a-spacing-mini\">\n<li>1. tamanho: 60\u00d744 \u201dx42\u201d<br \/>\n2. Rede: PE 30 camadas1,75\u2033\/5 camadas de poli\u00e9ster<br \/>\n3. Moldura: Dia25.4*0.8mm<\/li>\n<li>\n<h1 class=\"a-size-base-plus a-text-bold\">Sobre este artigo<\/h1>\n<ul class=\"a-unordered-list a-vertical a-spacing-mini\">\n<li><span class=\"a-list-item\">Port\u00e1til, leve e f\u00e1cil de guardar<\/span><\/li>\n<li><span class=\"a-list-item\">Espig\u00f5es para fixar a rede ao solo<\/span><\/li>\n<li><span class=\"a-list-item\">Chuta as bolas para tr\u00e1s numa variedade de \u00e2ngulos para praticar o lan\u00e7amento, o arremesso e a coloca\u00e7\u00e3o em campo<\/span><\/li>\n<li><span class=\"a-list-item\">Detalhes de constru\u00e7\u00e3o dur\u00e1veis, com estrutura met\u00e1lica robusta e material de rede resistente<\/span><\/li>\n<li><span class=\"a-list-item\">Montagem r\u00e1pida e f\u00e1cil<\/span><\/li>\n<\/ul>\n<\/li>\n<li>O treinador de basebol Fsports PitchBack \u00e9 a ferramenta perfeita para equipas de basebol, equipas de softbol ou jogadores individuais. Refor\u00e7a a confian\u00e7a sempre que se aproxima do monte. Obtenha feedback autom\u00e1tico e pratique simula\u00e7\u00f5es de bolas de basebol, lan\u00e7amentos em linha ou lan\u00e7amentos em altura, consoante o \u00e2ngulo ajust\u00e1vel da estrutura. A fita de alvo da zona de strike inclu\u00edda \u00e9 ajust\u00e1vel e permite aos lan\u00e7adores aperfei\u00e7oar a pontaria, melhorando a sua t\u00e9cnica geral.\n<p>Com uma configura\u00e7\u00e3o pr\u00e1tica e f\u00e1cil portabilidade, o Fsports PitchBack \u00e9 excelente para todos os jogadores e equipas de diamantes. Basta montar o seu auxiliar de treino no parque, no campo ou mesmo no seu quintal para horas de divers\u00e3o. O treino com a rede de ressalto robusta melhora o lan\u00e7amento e a coloca\u00e7\u00e3o em campo, uma vez que os \u00e2ngulos ajust\u00e1veis do pitchback permitem lan\u00e7amentos de pop flies, line drives e grounders.<\/p>\n<p>Esta robusta rede de ressalto Pitchback multiposi\u00e7\u00f5es simula bolas de terra, lan\u00e7amentos em linha e lan\u00e7amentos em altura, ajustando o \u00e2ngulo. Devolve as bolas a partir de uma variedade de \u00e2ngulos e inclui uma fita de alvo da zona de strike para os lan\u00e7amentos. Ideal para todos os jogadores de basebol e softbol, com uma constru\u00e7\u00e3o resistente, um design dobr\u00e1vel e uma estrutura angular que facilita a arruma\u00e7\u00e3o e o transporte. Est\u00e3o inclu\u00eddas estacas para estabilidade.<\/li>\n<\/ul>\n<\/div>\n<\/div>","protected":false},"excerpt":{"rendered":"<p>Carater\u00edsticas e especifica\u00e7\u00f5es:<\/p>\n<p>O robusto treinador de redes de ressalto melhora o lan\u00e7amento e o campo<br \/>\n\u00c2ngulos de recuo ajust\u00e1veis para voos rasantes, lan\u00e7amentos em linha e lan\u00e7amentos no solo<br \/>\nConstru\u00e7\u00e3o resistente e duradoura com estrutura met\u00e1lica robusta e rede de 21 camadas para todas as condi\u00e7\u00f5es climat\u00e9ricas<br \/>\nO design dobr\u00e1vel facilita a arruma\u00e7\u00e3o e o transporte<br \/>\nEstacas de terra inclu\u00eddas<br \/>\nDevolve as bolas numa variedade de \u00e2ngulos para praticar o lan\u00e7amento, o arremesso e a coloca\u00e7\u00e3o em campo<br \/>\nA estrutura angular \u00e9 montada de forma r\u00e1pida e f\u00e1cil<\/p>","protected":false},"featured_media":1589,"template":"","meta":{"_gspb_post_css":""},"product_brand":[],"product_cat":[32],"product_tag":[],"class_list":{"0":"post-1601","1":"product","2":"type-product","3":"status-publish","4":"has-post-thumbnail","6":"product_cat-rebounder","8":"first","9":"instock","10":"shipping-taxable","11":"product-type-simple"},"_links":{"self":[{"href":"https:\/\/fsportsnet.com\/pt\/wp-json\/wp\/v2\/product\/1601","targetHints":{"allow":["GET"]}}],"collection":[{"href":"https:\/\/fsportsnet.com\/pt\/wp-json\/wp\/v2\/product"}],"about":[{"href":"https:\/\/fsportsnet.com\/pt\/wp-json\/wp\/v2\/types\/product"}],"wp:featuredmedia":[{"embeddable":true,"href":"https:\/\/fsportsnet.com\/pt\/wp-json\/wp\/v2\/media\/1589"}],"wp:attachment":[{"href":"https:\/\/fsportsnet.com\/pt\/wp-json\/wp\/v2\/media?parent=1601"}],"wp:term":[{"taxonomy":"product_brand","embeddable":true,"href":"https:\/\/fsportsnet.com\/pt\/wp-json\/wp\/v2\/product_brand?post=1601"},{"taxonomy":"product_cat","embeddable":true,"href":"https:\/\/fsportsnet.com\/pt\/wp-json\/wp\/v2\/product_cat?post=1601"},{"taxonomy":"product_tag","embeddable":true,"href":"https:\/\/fsportsnet.com\/pt\/wp-json\/wp\/v2\/product_tag?post=1601"}],"curies":[{"name":"wp","href":"https:\/\/api.w.org\/{rel}","templated":true}]}}