{"id":1603,"date":"2023-04-27T10:29:50","date_gmt":"2023-04-27T02:29:50","guid":{"rendered":"https:\/\/fsportsnet.com\/?post_type=product&#038;p=1603"},"modified":"2023-04-27T10:55:14","modified_gmt":"2023-04-27T02:55:14","slug":"pitch-back-baseball-rebounder-net-softball-baseball-bounce-back-net","status":"publish","type":"product","link":"https:\/\/fsportsnet.com\/pt\/product\/pitch-back-baseball-rebounder-net-softball-baseball-bounce-back-net\/","title":{"rendered":"Rede de ressalto de basebol Pitch Back Rede de ressalto de basebol\/softbol"},"content":{"rendered":"<div id=\"featurebullets_feature_div\" class=\"celwidget\" data-feature-name=\"featurebullets\" data-csa-c-type=\"widget\" data-csa-c-content-id=\"featurebullets\" data-csa-c-slot-id=\"featurebullets_feature_div\" data-csa-c-asin=\"B00VUMGYLQ\" data-csa-c-is-in-initial-active-row=\"false\" data-csa-c-id=\"r02nsd-ek31ro-15bazj-k71de6\" data-cel-widget=\"featurebullets_feature_div\">\n<div id=\"feature-bullets\" class=\"a-section a-spacing-medium a-spacing-top-small\">\n<ul class=\"a-unordered-list a-vertical a-spacing-mini\">\n<li>Tamanho: 6\u00d74\u2032<br \/>\nAltura ajust\u00e1vel: 113\/136\/157\/172cm<br \/>\nEstrutura: Tubo de metal quadrado com 1\u201d de di\u00e2metro e 1,0 mm de espessura<br \/>\nRede: Rede PE 30 ply 1.75\u2033 com n\u00f3s torcidos<br \/>\nGancho de corda el\u00e1stica: 28 unidades<br \/>\nEmbalagem: Cada conjunto numa caixa de cart\u00e3o K=K, 94x24x10cm, NW 7kg<\/li>\n<li>\n<h1 class=\"a-size-base-plus a-text-bold\">Sobre este artigo<\/h1>\n<ul class=\"a-unordered-list a-vertical a-spacing-mini\">\n<li>\n<div id=\"featurebullets_feature_div\" class=\"celwidget\" data-feature-name=\"featurebullets\" data-csa-c-type=\"widget\" data-csa-c-content-id=\"featurebullets\" data-csa-c-slot-id=\"featurebullets_feature_div\" data-csa-c-asin=\"B0B2J8KKZ2\" data-csa-c-is-in-initial-active-row=\"false\" data-csa-c-id=\"qda9rz-af8e7w-31fb81-8p0mr8\" data-cel-widget=\"featurebullets_feature_div\">\n<div id=\"feature-bullets\" class=\"a-section a-spacing-medium a-spacing-top-small\">\n<ul class=\"a-unordered-list a-vertical a-spacing-mini\">\n<li><span class=\"a-list-item\">AJUDA DE TREINAMENTO ESSENCIAL: Muito resistente, dur\u00e1vel, \u00e9 perfeito para arremessar e pegar! Projetado para ser um parceiro de pr\u00e1tica individual para arremessos de beisebol e softball.<\/span><\/li>\n<li><span class=\"a-list-item\">\u00c2NGULOS AJUST\u00c1VEIS F\u00c1CEIS DE COLOCAR\uff1a O ajuste f\u00e1cil de auto-alinhamento do bot\u00e3o de press\u00e3o torna a configura\u00e7\u00e3o sem complica\u00e7\u00f5es. Possui ajuste r\u00e1pido da rede, a al\u00e7a de tra\u00e7\u00e3o inovadora permite alternar facilmente entre quatro \u00e2ngulos de arremesso; \u00d3timo para colocar bolas no ch\u00e3o, simulando moscas pop e drives ao vivo, arremessando, pegando e muito mais!<\/span><\/li>\n<li><span class=\"a-list-item\">REBOUNDER DE ESTRUTURA DE A\u00c7O DUR\u00c1VEL: Constru\u00eddo com a\u00e7o robusto e rede de malha que recupera a bola ap\u00f3s cada arremesso, o conjunto de parafusos de transporte pesado elimina a vibra\u00e7\u00e3o e os bungies protegidos por malha garantem o uso externo a longo prazo.<\/span><\/li>\n<li><span class=\"a-list-item\">FAZ UM GRANDE PRESENTE PARA OS AMANTES DO BASEBALL: Qualquer sexo, qualquer idade a partir dos 6 anos 20+ Eles podem lidar com seu pr\u00f3prio n\u00edvel de habilidade, Pitch hard ou soft, Mudar de dire\u00e7\u00e3o como em fly ball ou grounder, Ele apenas atende totalmente \u00e0s nossas necessidades e os leva para fora em uma quantidade relativamente pequena de espa\u00e7o e permite que eles tanto o exerc\u00edcio f\u00edsico quanto as atividades de constru\u00e7\u00e3o de habilidades.<\/span><\/li>\n<li><span class=\"a-list-item\">F\u00c1CIL DE DOBRAR E ARMAZENAR: O design leve e port\u00e1til da estrutura traseira do passo facilita o transporte em movimento. Dobra-se para um armazenamento r\u00e1pido e f\u00e1cil.<\/span><\/li>\n<\/ul>\n<\/div>\n<\/div>\n<div id=\"provenanceCertifications_feature_div\" class=\"celwidget\" data-feature-name=\"provenanceCertifications\" data-csa-c-type=\"widget\" data-csa-c-content-id=\"provenanceCertifications\" data-csa-c-slot-id=\"provenanceCertifications_feature_div\" data-csa-c-asin=\"B0B2J8KKZ2\" data-csa-c-is-in-initial-active-row=\"false\" data-csa-c-id=\"b7t4e5-ojg1lt-tufzka-eqicxf\" data-cel-widget=\"provenanceCertifications_feature_div\"><\/div>\n<div id=\"serviceCapabilities_feature_div\" class=\"celwidget\" data-feature-name=\"serviceCapabilities\" data-csa-c-type=\"widget\" data-csa-c-content-id=\"serviceCapabilities\" data-csa-c-slot-id=\"serviceCapabilities_feature_div\" data-csa-c-asin=\"B0B2J8KKZ2\" data-csa-c-is-in-initial-active-row=\"false\" data-csa-c-id=\"alaz1v-tu9j3l-cr60xr-o2fhur\" data-cel-widget=\"serviceCapabilities_feature_div\"><\/div>\n<\/li>\n<\/ul>\n<\/li>\n<li><\/li>\n<\/ul>\n<\/div>\n<\/div>","protected":false},"excerpt":{"rendered":"<p>Carater\u00edsticas e especifica\u00e7\u00f5es:<\/p>\n<p>O robusto treinador de redes de ressalto melhora o lan\u00e7amento e o campo<br \/>\n\u00c2ngulos de recuo ajust\u00e1veis para voos rasantes, lan\u00e7amentos em linha e lan\u00e7amentos no solo<br \/>\nConstru\u00e7\u00e3o resistente e duradoura com estrutura met\u00e1lica robusta e rede para todas as condi\u00e7\u00f5es climat\u00e9ricas<br \/>\nO design dobr\u00e1vel facilita a arruma\u00e7\u00e3o e o transporte<br \/>\nEstacas de terra inclu\u00eddas<br \/>\nDevolve as bolas numa variedade de \u00e2ngulos para praticar o lan\u00e7amento, o arremesso e a coloca\u00e7\u00e3o em campo<br \/>\nA estrutura angular \u00e9 montada de forma r\u00e1pida e f\u00e1cil<\/p>","protected":false},"featured_media":1604,"template":"","meta":{"_gspb_post_css":""},"product_brand":[],"product_cat":[32],"product_tag":[],"class_list":{"0":"post-1603","1":"product","2":"type-product","3":"status-publish","4":"has-post-thumbnail","6":"product_cat-rebounder","8":"first","9":"instock","10":"shipping-taxable","11":"product-type-simple"},"_links":{"self":[{"href":"https:\/\/fsportsnet.com\/pt\/wp-json\/wp\/v2\/product\/1603","targetHints":{"allow":["GET"]}}],"collection":[{"href":"https:\/\/fsportsnet.com\/pt\/wp-json\/wp\/v2\/product"}],"about":[{"href":"https:\/\/fsportsnet.com\/pt\/wp-json\/wp\/v2\/types\/product"}],"wp:featuredmedia":[{"embeddable":true,"href":"https:\/\/fsportsnet.com\/pt\/wp-json\/wp\/v2\/media\/1604"}],"wp:attachment":[{"href":"https:\/\/fsportsnet.com\/pt\/wp-json\/wp\/v2\/media?parent=1603"}],"wp:term":[{"taxonomy":"product_brand","embeddable":true,"href":"https:\/\/fsportsnet.com\/pt\/wp-json\/wp\/v2\/product_brand?post=1603"},{"taxonomy":"product_cat","embeddable":true,"href":"https:\/\/fsportsnet.com\/pt\/wp-json\/wp\/v2\/product_cat?post=1603"},{"taxonomy":"product_tag","embeddable":true,"href":"https:\/\/fsportsnet.com\/pt\/wp-json\/wp\/v2\/product_tag?post=1603"}],"curies":[{"name":"wp","href":"https:\/\/api.w.org\/{rel}","templated":true}]}}