{"id":1612,"date":"2023-04-27T10:55:26","date_gmt":"2023-04-27T02:55:26","guid":{"rendered":"https:\/\/fsportsnet.com\/?post_type=product&#038;p=1612"},"modified":"2023-04-27T11:17:57","modified_gmt":"2023-04-27T03:17:57","slug":"sports-baseball-rebounder-net-3-way-baseball-softball-pitchback-net","status":"publish","type":"product","link":"https:\/\/fsportsnet.com\/pt\/product\/sports-baseball-rebounder-net-3-way-baseball-softball-pitchback-net\/","title":{"rendered":"Rede de rebote de beisebol esportivo Rede de rebote de beisebol de 3 vias Softball Pitchback"},"content":{"rendered":"<div id=\"featurebullets_feature_div\" class=\"celwidget\" data-feature-name=\"featurebullets\" data-csa-c-type=\"widget\" data-csa-c-content-id=\"featurebullets\" data-csa-c-slot-id=\"featurebullets_feature_div\" data-csa-c-asin=\"B00VUMGYLQ\" data-csa-c-is-in-initial-active-row=\"false\" data-csa-c-id=\"r02nsd-ek31ro-15bazj-k71de6\" data-cel-widget=\"featurebullets_feature_div\">\n<div id=\"feature-bullets\" class=\"a-section a-spacing-medium a-spacing-top-small\">\n<ul class=\"a-unordered-list a-vertical a-spacing-mini\">\n<li>1. Tamanho: 55 polegadas<br \/>\n2. Tubo de a\u00e7o: \u03a619\u00d70.6mm<br \/>\n3. Rede: rede PE de 24 camadas<br \/>\n4. N.W 2.72kg, G.W 2.95kg<br \/>\n5. Tamanho da embalagem: 21,54\u00d712,8\u00d73,35\u201d<\/li>\n<li>\n<h1 class=\"a-size-base-plus a-text-bold\">Sobre este artigo<\/h1>\n<ul class=\"a-unordered-list a-vertical a-spacing-mini\">\n<li>\n<div id=\"featurebullets_feature_div\" class=\"celwidget\" data-feature-name=\"featurebullets\" data-csa-c-type=\"widget\" data-csa-c-content-id=\"featurebullets\" data-csa-c-slot-id=\"featurebullets_feature_div\" data-csa-c-asin=\"B0B2J8KKZ2\" data-csa-c-is-in-initial-active-row=\"false\" data-csa-c-id=\"qda9rz-af8e7w-31fb81-8p0mr8\" data-cel-widget=\"featurebullets_feature_div\">\n<div id=\"feature-bullets\" class=\"a-section a-spacing-medium a-spacing-top-small\">\n<ul class=\"a-unordered-list a-vertical a-spacing-mini\">\n<li><span class=\"a-list-item\">RETORNO DE M\u00daLTIPLOS \u00c2NGULOS: Este pitch back \u00e9 constru\u00eddo com uma estrutura de m\u00faltiplos \u00e2ngulos para produzir pop flies, grounders e line drives<\/span><\/li>\n<li><span class=\"a-list-item\">ZONA DE STRIKE DE F\u00c1CIL FIXA\u00c7\u00c3O: Trabalhe para dominar a precis\u00e3o e as capacidades de lan\u00e7amento, fixando o stick strike z1 na altura desejada. N\u00e3o \u00e9 necess\u00e1rio apanhador, basta recuar e atingir o alvo<\/span><\/li>\n<li><span class=\"a-list-item\">CONSTRU\u00c7\u00c3O EM A\u00c7O PARA TODAS AS CONDI\u00c7\u00d5ES CLIM\u00c1TICAS: Constru\u00edda com tubos de a\u00e7o de 3\/4 polegadas resistentes \u00e0s condi\u00e7\u00f5es climat\u00e9ricas para garantir que pode suportar uma utiliza\u00e7\u00e3o intensa ano ap\u00f3s ano<\/span><\/li>\n<li><span class=\"a-list-item\">REDE RESISTENTE: A rede de PE de 24 camadas foi concebida para se manter apertada para um ressalto fi\u00e1vel e consistente, sess\u00e3o ap\u00f3s sess\u00e3o<\/span><\/li>\n<li><span class=\"a-list-item\">PERFEITO PARA O BASEBALL JUVENIL: Este rebounder \u00e9 a ferramenta de treino perfeita para qualquer Little Leaguer praticar lan\u00e7amento, arremesso, campo e muito mais<\/span><\/li>\n<li><\/li>\n<\/ul>\n<\/div>\n<\/div>\n<div id=\"provenanceCertifications_feature_div\" class=\"celwidget\" data-feature-name=\"provenanceCertifications\" data-csa-c-type=\"widget\" data-csa-c-content-id=\"provenanceCertifications\" data-csa-c-slot-id=\"provenanceCertifications_feature_div\" data-csa-c-asin=\"B0B2J8KKZ2\" data-csa-c-is-in-initial-active-row=\"false\" data-csa-c-id=\"b7t4e5-ojg1lt-tufzka-eqicxf\" data-cel-widget=\"provenanceCertifications_feature_div\"><\/div>\n<div id=\"serviceCapabilities_feature_div\" class=\"celwidget\" data-feature-name=\"serviceCapabilities\" data-csa-c-type=\"widget\" data-csa-c-content-id=\"serviceCapabilities\" data-csa-c-slot-id=\"serviceCapabilities_feature_div\" data-csa-c-asin=\"B0B2J8KKZ2\" data-csa-c-is-in-initial-active-row=\"false\" data-csa-c-id=\"alaz1v-tu9j3l-cr60xr-o2fhur\" data-cel-widget=\"serviceCapabilities_feature_div\"><\/div>\n<\/li>\n<\/ul>\n<\/li>\n<li><\/li>\n<\/ul>\n<\/div>\n<\/div>","protected":false},"excerpt":{"rendered":"<ul class=\"a-unordered-list a-vertical\">\n<li><span class=\"a-list-item\"><span class=\"a-size-base\">\u00c9 um instrumento de pr\u00e1tica individual perfeito para os amantes do basebol, do softbol, etc.<\/span><\/span><\/li>\n<li><span class=\"a-list-item\"><span class=\"a-size-base\">Quando n\u00e3o est\u00e1 a ser utilizado, pode ser dobrado e colocado na garagem sem ocupar espa\u00e7o.<\/span><\/span><\/li>\n<li><span class=\"a-list-item\"><span class=\"a-size-base\">A estrutura simples torna a instala\u00e7\u00e3o desta rede de ressalto muito simples, sem gastar muito tempo e m\u00e3o de obra.<\/span><\/span><\/li>\n<li><span class=\"a-list-item\"><span class=\"a-size-base\">Esta rede de ressalto \u00e9 adequada para pessoas de diferentes idades.<\/span><\/span><\/li>\n<li><span class=\"a-list-item\"><span class=\"a-size-base\">O tipo vermelho pode proporcionar o prazer de estar no jogo.<\/span><\/span><\/li>\n<\/ul>","protected":false},"featured_media":1617,"template":"","meta":{"_gspb_post_css":""},"product_brand":[],"product_cat":[32],"product_tag":[],"class_list":{"0":"post-1612","1":"product","2":"type-product","3":"status-publish","4":"has-post-thumbnail","6":"product_cat-rebounder","8":"first","9":"instock","10":"shipping-taxable","11":"product-type-simple"},"_links":{"self":[{"href":"https:\/\/fsportsnet.com\/pt\/wp-json\/wp\/v2\/product\/1612","targetHints":{"allow":["GET"]}}],"collection":[{"href":"https:\/\/fsportsnet.com\/pt\/wp-json\/wp\/v2\/product"}],"about":[{"href":"https:\/\/fsportsnet.com\/pt\/wp-json\/wp\/v2\/types\/product"}],"wp:featuredmedia":[{"embeddable":true,"href":"https:\/\/fsportsnet.com\/pt\/wp-json\/wp\/v2\/media\/1617"}],"wp:attachment":[{"href":"https:\/\/fsportsnet.com\/pt\/wp-json\/wp\/v2\/media?parent=1612"}],"wp:term":[{"taxonomy":"product_brand","embeddable":true,"href":"https:\/\/fsportsnet.com\/pt\/wp-json\/wp\/v2\/product_brand?post=1612"},{"taxonomy":"product_cat","embeddable":true,"href":"https:\/\/fsportsnet.com\/pt\/wp-json\/wp\/v2\/product_cat?post=1612"},{"taxonomy":"product_tag","embeddable":true,"href":"https:\/\/fsportsnet.com\/pt\/wp-json\/wp\/v2\/product_tag?post=1612"}],"curies":[{"name":"wp","href":"https:\/\/api.w.org\/{rel}","templated":true}]}}