{"id":1619,"date":"2023-04-27T11:18:11","date_gmt":"2023-04-27T03:18:11","guid":{"rendered":"https:\/\/fsportsnet.com\/?post_type=product&#038;p=1619"},"modified":"2023-04-27T11:41:14","modified_gmt":"2023-04-27T03:41:14","slug":"baseball-softball-pitchback-net-fielding-trainer-bounce-back-net","status":"publish","type":"product","link":"https:\/\/fsportsnet.com\/pt\/product\/baseball-softball-pitchback-net-fielding-trainer-bounce-back-net\/","title":{"rendered":"Rede de treino de campo para basebol e softbol Rede de ressalto"},"content":{"rendered":"<div id=\"featurebullets_feature_div\" class=\"celwidget\" data-feature-name=\"featurebullets\" data-csa-c-type=\"widget\" data-csa-c-content-id=\"featurebullets\" data-csa-c-slot-id=\"featurebullets_feature_div\" data-csa-c-asin=\"B00VUMGYLQ\" data-csa-c-is-in-initial-active-row=\"false\" data-csa-c-id=\"r02nsd-ek31ro-15bazj-k71de6\" data-cel-widget=\"featurebullets_feature_div\">\n<div id=\"feature-bullets\" class=\"a-section a-spacing-medium a-spacing-top-small\">\n<ul class=\"a-unordered-list a-vertical a-spacing-mini\">\n<li>1. Tamanho: 55,5\u00d742,5\u00d732,7\u201d<br \/>\n2. Rede: 30ply*1.75\u201d PE net<br \/>\n2. Tubo de a\u00e7o: \uffe032*0.8mm<\/li>\n<li>\n<h1 class=\"a-size-base-plus a-text-bold\">Sobre este artigo<\/h1>\n<ul class=\"a-unordered-list a-vertical a-spacing-mini\">\n<li>\n<div id=\"featurebullets_feature_div\" class=\"celwidget\" data-feature-name=\"featurebullets\" data-csa-c-type=\"widget\" data-csa-c-content-id=\"featurebullets\" data-csa-c-slot-id=\"featurebullets_feature_div\" data-csa-c-asin=\"B0B2J8KKZ2\" data-csa-c-is-in-initial-active-row=\"false\" data-csa-c-id=\"qda9rz-af8e7w-31fb81-8p0mr8\" data-cel-widget=\"featurebullets_feature_div\">\n<div id=\"feature-bullets\" class=\"a-section a-spacing-medium a-spacing-top-small\">\n<ul class=\"a-unordered-list a-vertical a-spacing-mini\">\n<li><span class=\"a-list-item\">RETORNO DE M\u00daLTIPLOS \u00c2NGULOS: Este pitch back \u00e9 constru\u00eddo com uma estrutura de m\u00faltiplos \u00e2ngulos para produzir pop flies, grounders e line drives<\/span><\/li>\n<li><span class=\"a-list-item\">ZONA DE STRIKE DE F\u00c1CIL FIXA\u00c7\u00c3O: Trabalhe para dominar a precis\u00e3o e as capacidades de lan\u00e7amento, fixando o stick strike z1 na altura desejada. N\u00e3o \u00e9 necess\u00e1rio apanhador, basta recuar e atingir o alvo<\/span><\/li>\n<li><span class=\"a-list-item\">A\u00e7o<\/span><\/li>\n<li><span class=\"a-list-item\">Importado<\/span><\/li>\n<li><span class=\"a-list-item\">Estrutura em a\u00e7o de 1,25 polegadas<\/span><\/li>\n<li><span class=\"a-list-item\">Ajusta-se para utiliza\u00e7\u00e3o a partir de v\u00e1rios \u00e2ngulos<\/span><\/li>\n<li><span class=\"a-list-item\">Rede PE de 30 camadas para todas as condi\u00e7\u00f5es climat\u00e9ricas com fita para a zona de ataque<\/span><\/li>\n<li><span class=\"a-list-item\">Dobra-se para uma arruma\u00e7\u00e3o pr\u00e1tica<\/span><\/li>\n<li><span class=\"a-list-item\">Concebida para o treino de lan\u00e7amento e de campo<\/span><\/li>\n<li><span class=\"a-list-item\">PERFEITO PARA O BASEBALL JUVENIL: Este rebounder \u00e9 a ferramenta de treino perfeita para qualquer Little Leaguer praticar lan\u00e7amento, arremesso, campo e muito mais<\/span><\/li>\n<\/ul>\n<\/div>\n<\/div>\n<div id=\"provenanceCertifications_feature_div\" class=\"celwidget\" data-feature-name=\"provenanceCertifications\" data-csa-c-type=\"widget\" data-csa-c-content-id=\"provenanceCertifications\" data-csa-c-slot-id=\"provenanceCertifications_feature_div\" data-csa-c-asin=\"B0B2J8KKZ2\" data-csa-c-is-in-initial-active-row=\"false\" data-csa-c-id=\"b7t4e5-ojg1lt-tufzka-eqicxf\" data-cel-widget=\"provenanceCertifications_feature_div\"><\/div>\n<div id=\"serviceCapabilities_feature_div\" class=\"celwidget\" data-feature-name=\"serviceCapabilities\" data-csa-c-type=\"widget\" data-csa-c-content-id=\"serviceCapabilities\" data-csa-c-slot-id=\"serviceCapabilities_feature_div\" data-csa-c-asin=\"B0B2J8KKZ2\" data-csa-c-is-in-initial-active-row=\"false\" data-csa-c-id=\"alaz1v-tu9j3l-cr60xr-o2fhur\" data-cel-widget=\"serviceCapabilities_feature_div\"><\/div>\n<\/li>\n<\/ul>\n<\/li>\n<li><\/li>\n<\/ul>\n<\/div>\n<\/div>","protected":false},"excerpt":{"rendered":"<ul class=\"a-unordered-list a-vertical\">\n<li><span class=\"a-list-item\"><span class=\"a-size-base\">\u00c9 um instrumento de pr\u00e1tica individual perfeito para os amantes do basebol, do softbol, etc.<\/span><\/span><\/li>\n<li><span class=\"a-list-item\"><span class=\"a-size-base\">Quando n\u00e3o est\u00e1 a ser utilizado, pode ser dobrado e colocado na garagem sem ocupar espa\u00e7o.<\/span><\/span><\/li>\n<li><span class=\"a-list-item\"><span class=\"a-size-base\">A estrutura simples torna a instala\u00e7\u00e3o desta rede de ressalto muito simples, sem gastar muito tempo e m\u00e3o de obra.<\/span><\/span><\/li>\n<li><span class=\"a-list-item\"><span class=\"a-size-base\">Esta rede de ressalto \u00e9 adequada para pessoas de diferentes idades.<\/span><\/span><\/li>\n<li><span class=\"a-list-item\"><span class=\"a-size-base\">O tipo vermelho pode proporcionar o prazer de estar no jogo.<\/span><\/span><\/li>\n<\/ul>","protected":false},"featured_media":1624,"template":"","meta":{"_gspb_post_css":""},"product_brand":[],"product_cat":[32],"product_tag":[],"class_list":{"0":"post-1619","1":"product","2":"type-product","3":"status-publish","4":"has-post-thumbnail","6":"product_cat-rebounder","8":"first","9":"instock","10":"shipping-taxable","11":"product-type-simple"},"_links":{"self":[{"href":"https:\/\/fsportsnet.com\/pt\/wp-json\/wp\/v2\/product\/1619","targetHints":{"allow":["GET"]}}],"collection":[{"href":"https:\/\/fsportsnet.com\/pt\/wp-json\/wp\/v2\/product"}],"about":[{"href":"https:\/\/fsportsnet.com\/pt\/wp-json\/wp\/v2\/types\/product"}],"wp:featuredmedia":[{"embeddable":true,"href":"https:\/\/fsportsnet.com\/pt\/wp-json\/wp\/v2\/media\/1624"}],"wp:attachment":[{"href":"https:\/\/fsportsnet.com\/pt\/wp-json\/wp\/v2\/media?parent=1619"}],"wp:term":[{"taxonomy":"product_brand","embeddable":true,"href":"https:\/\/fsportsnet.com\/pt\/wp-json\/wp\/v2\/product_brand?post=1619"},{"taxonomy":"product_cat","embeddable":true,"href":"https:\/\/fsportsnet.com\/pt\/wp-json\/wp\/v2\/product_cat?post=1619"},{"taxonomy":"product_tag","embeddable":true,"href":"https:\/\/fsportsnet.com\/pt\/wp-json\/wp\/v2\/product_tag?post=1619"}],"curies":[{"name":"wp","href":"https:\/\/api.w.org\/{rel}","templated":true}]}}