{"id":1649,"date":"2023-04-27T16:33:10","date_gmt":"2023-04-27T08:33:10","guid":{"rendered":"https:\/\/fsportsnet.com\/?post_type=product&#038;p=1649"},"modified":"2023-04-27T21:22:08","modified_gmt":"2023-04-27T13:22:08","slug":"football-training-rebounder-net-double","status":"publish","type":"product","link":"https:\/\/fsportsnet.com\/pt\/product\/football-training-rebounder-net-double\/","title":{"rendered":"Rede de treino de futebol com rebote duplo"},"content":{"rendered":"<div id=\"featurebullets_feature_div\" class=\"celwidget\" data-feature-name=\"featurebullets\" data-csa-c-type=\"widget\" data-csa-c-content-id=\"featurebullets\" data-csa-c-slot-id=\"featurebullets_feature_div\" data-csa-c-asin=\"B00VUMGYLQ\" data-csa-c-is-in-initial-active-row=\"false\" data-csa-c-id=\"r02nsd-ek31ro-15bazj-k71de6\" data-cel-widget=\"featurebullets_feature_div\">\n<div id=\"feature-bullets\" class=\"a-section a-spacing-medium a-spacing-top-small\">\n<ul class=\"a-unordered-list a-vertical a-spacing-mini\">\n<li>1. Tamanho total do rebounder - 2.5ftx2.5ft, 3ft x 3ft<br \/>\n2. rede de ressalto: rede de poli\u00e9ster de 7 camadas de 1,75<br \/>\n3. estrutura do rebounder: \u00f825.4x 1.0mm a\u00e7o revestido a p\u00f3 preto brilhante<\/li>\n<\/ul>\n<h1 class=\"a-size-base-plus a-text-bold\">Sobre este artigo<\/h1>\n<ul class=\"a-unordered-list a-vertical a-spacing-mini\">\n<li><span class=\"a-list-item\">Recentemente atualizado! A estrutura de ferro mais espessa e a rede mais espessa garantem que este artigo n\u00e3o se desfa\u00e7a ap\u00f3s pontap\u00e9s\/batidas fortes. Pode ser utilizada para futebol, basebol, basquetebol, \u00e9 muito resistente e duradoura.<\/span><\/li>\n<li><span class=\"a-list-item\">Perfeito para melhorar a habilidade m\u00faltipla - Contribui para os exerc\u00edcios de rea\u00e7\u00e3o, capacidade de resposta r\u00e1pida e apertada.<\/span><\/li>\n<li><span class=\"a-list-item\">FERRAMENTA DE TREINO PROFISSIONAL - O Rebounder possui uma rede de ressalto de alta tens\u00e3o. Concebido para os jogadores que treinam juntos ou sozinhos, para melhorar a precis\u00e3o e a habilidade em todos os aspectos do jogo.<\/span><\/li>\n<li><span class=\"a-list-item\">PAINEL AJUST\u00c1VEL INOVADOR MULTI-ANGULAR - Crie um ambiente de treino mais realista do que qualquer outro rebounder no mercado.<\/span><\/li>\n<li><span class=\"a-list-item\">\u3010Tanto para crian\u00e7as pequenas quanto para adolescentes\u3011\u00c9 um excelente presente para crian\u00e7as. A rede de rebote pode ser usada por uma grande faixa et\u00e1ria. Tamanho da rede em 2,5 p\u00e9sx2,5 p\u00e9s ou 3 p\u00e9s x 3 p\u00e9s<\/span><\/li>\n<\/ul>\n<\/div>\n<\/div>","protected":false},"excerpt":{"rendered":"<ul class=\"a-unordered-list a-vertical\">\n<li>Descri\u00e7\u00e3o do produto<br \/>\nTamanho ideal para utiliza\u00e7\u00e3o no interior ou no exterior e pr\u00e1tico para levar para a praia ou para o parque. Possui a mesma estrutura e componentes de alta resist\u00eancia que o Professional. A op\u00e7\u00e3o port\u00e1til de interior\/exterior para o desportista em desenvolvimento e s\u00e9rio tem mais \u00e1rea de ressalto. Apresenta sane (ressalto previs\u00edvel) de um lado e insane (ressalto imprevis\u00edvel) do outro.<br \/>\nTamanho pequeno e pr\u00e1tico para utiliza\u00e7\u00e3o no interior ou no exterior - leve-o para a praia ou para o parque para se divertir imenso. Modelo perfeito para iniciar os mais pequenos numa vida de divers\u00e3o saud\u00e1vel e ativa.<br \/>\nREBOUNDER DUR\u00c1VEL: A m\u00e1quina de ressalto possui uma rede de ressalto ultra-pesada de alta tens\u00e3o e uma estrutura de a\u00e7o robusta, concebida para ser utilizada em escolas, col\u00e9gios e campos de futebol.<\/li>\n<\/ul>","protected":false},"featured_media":1643,"template":"","meta":{"_gspb_post_css":""},"product_brand":[],"product_cat":[32],"product_tag":[],"class_list":{"0":"post-1649","1":"product","2":"type-product","3":"status-publish","4":"has-post-thumbnail","6":"product_cat-rebounder","8":"first","9":"instock","10":"shipping-taxable","11":"product-type-simple"},"_links":{"self":[{"href":"https:\/\/fsportsnet.com\/pt\/wp-json\/wp\/v2\/product\/1649","targetHints":{"allow":["GET"]}}],"collection":[{"href":"https:\/\/fsportsnet.com\/pt\/wp-json\/wp\/v2\/product"}],"about":[{"href":"https:\/\/fsportsnet.com\/pt\/wp-json\/wp\/v2\/types\/product"}],"wp:featuredmedia":[{"embeddable":true,"href":"https:\/\/fsportsnet.com\/pt\/wp-json\/wp\/v2\/media\/1643"}],"wp:attachment":[{"href":"https:\/\/fsportsnet.com\/pt\/wp-json\/wp\/v2\/media?parent=1649"}],"wp:term":[{"taxonomy":"product_brand","embeddable":true,"href":"https:\/\/fsportsnet.com\/pt\/wp-json\/wp\/v2\/product_brand?post=1649"},{"taxonomy":"product_cat","embeddable":true,"href":"https:\/\/fsportsnet.com\/pt\/wp-json\/wp\/v2\/product_cat?post=1649"},{"taxonomy":"product_tag","embeddable":true,"href":"https:\/\/fsportsnet.com\/pt\/wp-json\/wp\/v2\/product_tag?post=1649"}],"curies":[{"name":"wp","href":"https:\/\/api.w.org\/{rel}","templated":true}]}}