{"id":1651,"date":"2023-04-27T21:36:26","date_gmt":"2023-04-27T13:36:26","guid":{"rendered":"https:\/\/fsportsnet.com\/?post_type=product&#038;p=1651"},"modified":"2023-04-27T21:44:17","modified_gmt":"2023-04-27T13:44:17","slug":"sports-baseball-rebounders-pitchback-nest-pitch-return-trainer","status":"publish","type":"product","link":"https:\/\/fsportsnet.com\/pt\/product\/sports-baseball-rebounders-pitchback-nest-pitch-return-trainer\/","title":{"rendered":"Desporto Basebol Rebounders Pitchback Nest Pitch Return Trainer"},"content":{"rendered":"<h4 class=\"a-size-base-plus a-text-bold\">Sobre este artigo<\/h4>\n<ul class=\"a-unordered-list a-vertical a-spacing-mini\">\n<li><span class=\"a-list-item\">REDE PARA TODAS AS CONDI\u00c7\u00d5ES CLIMAT\u00c9RICAS: Nem as chuvas da primavera nem o calor do ver\u00e3o ir\u00e3o desfazer ou rasgar a rede dur\u00e1vel para todas as condi\u00e7\u00f5es climat\u00e9ricas deste treinador de basebol. Pratique as habilidades de retorno do basebol com facilidade e maior precis\u00e3o com uma rede de retorno que dura<\/span><\/li>\n<li><span class=\"a-list-item\">DESENHO CURVO \u00daNICO: Ajude o seu filho a praticar as t\u00e9cnicas de campo sem precisar de outra pessoa para bater os pop-ups ou grounders. Ajude as crian\u00e7as a aprender rapidamente as t\u00e9cnicas de campo corretas, dando-lhes a liberdade de passar horas ao ar livre com este treinador de basebol<\/span><\/li>\n<li><span class=\"a-list-item\">\u00c2NGULOS AJUST\u00c1VEIS: As pernas curvas e ajust\u00e1veis permitem \u00e2ngulos de retorno m\u00e1ximos para melhorar a pr\u00e1tica e o desempenho no campo. Porqu\u00ea investir centenas numa m\u00e1quina de lan\u00e7amento quando se pode obter mais valor com o treinador de retorno Franklin<\/span><\/li>\n<li><span class=\"a-list-item\">ESTRUTURA DE A\u00c7O DURADOURA: Embora esta rede de treino de basebol tenha sido concebida para todos os tipos de clima, pode dobrar a estrutura de a\u00e7o duradoura para uma f\u00e1cil arruma\u00e7\u00e3o quando n\u00e3o estiver a ser utilizada. Desfrute de anos de pr\u00e1tica fi\u00e1vel com esta rede de lan\u00e7amento<\/span><\/li>\n<li><span class=\"a-list-item\">T\u00c9CNICAS DE CAMPO DE PR\u00c1TICA: Tanto as crian\u00e7as como os adultos v\u00e3o gostar de utilizar esta rede flyback robusta, s\u00f3lida e fi\u00e1vel. Para al\u00e9m da sua estrutura de a\u00e7o, inclui tamb\u00e9m estacas para maior estabilidade, lan\u00e7amento ap\u00f3s lan\u00e7amento<\/span><\/li>\n<\/ul>","protected":false},"excerpt":{"rendered":"<ul class=\"a-unordered-list a-vertical\">\n<li>\n<h4 class=\"default\">Descri\u00e7\u00e3o do produto<\/h4>\n<div id=\"productDescription\" class=\"a-section a-spacing-small\">\n<p>Perfeita para a pr\u00e1tica de campo, esta rede de treino de basebol permite que mi\u00fados e gra\u00fados enfrentem os desafiantes lan\u00e7amentos, bolas de solo e tudo o que estiver entre eles nos \u00e2ngulos certos. Desde a pr\u00e1tica de basebol at\u00e9 ao softbol, nenhum outro treinador de basebol oferece uma rede de lan\u00e7amento t\u00e3o fi\u00e1vel e uma estrutura de a\u00e7o para a mais elevada fiabilidade e utiliza\u00e7\u00e3o robusta, dia ap\u00f3s dia.<\/p>\n<p>Agora, as crian\u00e7as podem praticar com um retorno de lan\u00e7amento de basebol que lhes permite aperfei\u00e7oar as suas capacidades de forma independente. Esta rede de ressalto de basebol para todas as condi\u00e7\u00f5es climat\u00e9ricas oferece um treino de campo mais eficaz do que uma m\u00e1quina de lan\u00e7amento, ao mesmo tempo que permite uma pr\u00e1tica e um aperfei\u00e7oamento consistentes. Dispon\u00edvel em dois tamanhos, 68 x 48 e 68 x 44, este treinador de retorno de basebol cabe facilmente num quintal, num p\u00e1tio ou em qualquer espa\u00e7o aberto.<\/p>\n<p>Melhore as capacidades de captura com uma rede de lan\u00e7amento de basebol que permite praticar o lan\u00e7amento de volta. N\u00e3o perca tempo com uma rede de treino de basebol de qualidade inferior que se deforma ou rasga. Veja porque \u00e9 que o treinador de retorno Franklin oferece o melhor valor e a melhor qualidade!<\/p>\n<\/div>\n<\/li>\n<\/ul>","protected":false},"featured_media":1635,"template":"","meta":{"_gspb_post_css":""},"product_brand":[],"product_cat":[32],"product_tag":[],"class_list":{"0":"post-1651","1":"product","2":"type-product","3":"status-publish","4":"has-post-thumbnail","6":"product_cat-rebounder","8":"first","9":"instock","10":"shipping-taxable","11":"product-type-simple"},"_links":{"self":[{"href":"https:\/\/fsportsnet.com\/pt\/wp-json\/wp\/v2\/product\/1651","targetHints":{"allow":["GET"]}}],"collection":[{"href":"https:\/\/fsportsnet.com\/pt\/wp-json\/wp\/v2\/product"}],"about":[{"href":"https:\/\/fsportsnet.com\/pt\/wp-json\/wp\/v2\/types\/product"}],"wp:featuredmedia":[{"embeddable":true,"href":"https:\/\/fsportsnet.com\/pt\/wp-json\/wp\/v2\/media\/1635"}],"wp:attachment":[{"href":"https:\/\/fsportsnet.com\/pt\/wp-json\/wp\/v2\/media?parent=1651"}],"wp:term":[{"taxonomy":"product_brand","embeddable":true,"href":"https:\/\/fsportsnet.com\/pt\/wp-json\/wp\/v2\/product_brand?post=1651"},{"taxonomy":"product_cat","embeddable":true,"href":"https:\/\/fsportsnet.com\/pt\/wp-json\/wp\/v2\/product_cat?post=1651"},{"taxonomy":"product_tag","embeddable":true,"href":"https:\/\/fsportsnet.com\/pt\/wp-json\/wp\/v2\/product_tag?post=1651"}],"curies":[{"name":"wp","href":"https:\/\/api.w.org\/{rel}","templated":true}]}}