{"id":1652,"date":"2023-04-27T21:44:28","date_gmt":"2023-04-27T13:44:28","guid":{"rendered":"https:\/\/fsportsnet.com\/?post_type=product&#038;p=1652"},"modified":"2023-04-27T21:52:23","modified_gmt":"2023-04-27T13:52:23","slug":"infinity-pitchback-screen-rebound-net-for-baseball-softball-training","status":"publish","type":"product","link":"https:\/\/fsportsnet.com\/pt\/product\/infinity-pitchback-screen-rebound-net-for-baseball-softball-training\/","title":{"rendered":"Rede de ressalto Infinity Pitchback Screen para treino de basebol e softbol"},"content":{"rendered":"<div id=\"featurebullets_feature_div\" class=\"celwidget\" data-feature-name=\"featurebullets\" data-csa-c-type=\"widget\" data-csa-c-content-id=\"featurebullets\" data-csa-c-slot-id=\"featurebullets_feature_div\" data-csa-c-asin=\"B00K4XH0EM\" data-csa-c-is-in-initial-active-row=\"false\" data-csa-c-id=\"76qs42-vg6emc-jbfs85-a0hjc1\" data-cel-widget=\"featurebullets_feature_div\">\n<div id=\"feature-bullets\" class=\"a-section a-spacing-medium a-spacing-top-small\">\n<h4 class=\"a-size-base-plus a-text-bold\">Sobre este artigo<\/h4>\n<ul class=\"a-unordered-list a-vertical a-spacing-mini\">\n<li><span class=\"a-list-item\">SEM NECESSIDADE DE AJUSTE: Concebido com uma curva \u00fanica, o ecr\u00e3 Infinity Pitchback rebate as bolas num n\u00famero infinito de \u00e2ngulos sem necessidade de ajustes. Mantenha-se concentrado e pratique durante mais tempo em vez de parar para mudar a orienta\u00e7\u00e3o da rede.<\/span><\/li>\n<li><span class=\"a-list-item\">A MELHOR FERRAMENTA DE TREINO: Utilize o ecr\u00e3 Infinity Pitchback para uma variedade de fins de treino. Pratique arremessos em toda a volta da placa com o contorno ajust\u00e1vel da zona de strike. Fa\u00e7a pop-ups, grounders e line drives sozinho ou com colegas de equipa.<\/span><\/li>\n<li><span class=\"a-list-item\">AUMENTO DA AGILIDADE: A dire\u00e7\u00e3o do ressalto muda em fun\u00e7\u00e3o do local de contacto com a bola, o que torna este ecr\u00e3 de ressalto excelente para os exerc\u00edcios de treino. Aumenta a agilidade dos jogadores ao reagir a bolas lan\u00e7adas em \u00e2ngulos estranhos e inesperados.<\/span><\/li>\n<li><span class=\"a-list-item\">ESTRUTURA DE A\u00c7O DURADOURA: A estrutura de 54 x 36 polegadas (4,5 x 3 p\u00e9s) \u00e9 feita de tubos de a\u00e7o com 1 polegada de di\u00e2metro, com revestimento em p\u00f3 para um acabamento mais duro e resistente que dura ao longo das esta\u00e7\u00f5es de utiliza\u00e7\u00e3o.<\/span><\/li>\n<li><span class=\"a-list-item\">REDE RESISTENTE \u00c0S INTEMP\u00c9RIES: A rede de polietileno (PE) de 30 camadas, resistente \u00e0s intemp\u00e9ries, \u00e9 fixada por 28 molas de a\u00e7o, o que lhe permite recuperar as bolas com verve e durar v\u00e1rias \u00e9pocas, mesmo em condi\u00e7\u00f5es climat\u00e9ricas dif\u00edceis.<\/span><\/li>\n<\/ul>\n<\/div>\n<\/div>\n<div id=\"provenanceCertifications_feature_div\" class=\"celwidget\" data-feature-name=\"provenanceCertifications\" data-csa-c-type=\"widget\" data-csa-c-content-id=\"provenanceCertifications\" data-csa-c-slot-id=\"provenanceCertifications_feature_div\" data-csa-c-asin=\"B00K4XH0EM\" data-csa-c-is-in-initial-active-row=\"false\" data-csa-c-id=\"9ycc5i-pj91ze-7iqs3v-3s236e\" data-cel-widget=\"provenanceCertifications_feature_div\"><\/div>\n<div id=\"serviceCapabilities_feature_div\" class=\"celwidget\" data-feature-name=\"serviceCapabilities\" data-csa-c-type=\"widget\" data-csa-c-content-id=\"serviceCapabilities\" data-csa-c-slot-id=\"serviceCapabilities_feature_div\" data-csa-c-asin=\"B00K4XH0EM\" data-csa-c-is-in-initial-active-row=\"false\" data-csa-c-id=\"q37kwg-bbuz9n-xifnc5-5dab9k\" data-cel-widget=\"serviceCapabilities_feature_div\"><\/div>","protected":false},"excerpt":{"rendered":"<ul class=\"a-unordered-list a-vertical\">\n<li>\n<h4 class=\"default\">Descri\u00e7\u00e3o do produto<\/h4>\n<div id=\"productDescription\" class=\"a-section a-spacing-small\">\n<p>Perfeita para a pr\u00e1tica de campo, esta rede de treino de basebol permite que mi\u00fados e gra\u00fados enfrentem os desafiantes lan\u00e7amentos, bolas de solo e tudo o que estiver entre eles nos \u00e2ngulos certos. Desde a pr\u00e1tica de basebol at\u00e9 ao softbol, nenhum outro treinador de basebol oferece uma rede de lan\u00e7amento t\u00e3o fi\u00e1vel e uma estrutura de a\u00e7o para a mais elevada fiabilidade e utiliza\u00e7\u00e3o robusta, dia ap\u00f3s dia.<\/p>\n<h3 class=\"a-spacing-mini\">\u00c2ngulos de ressalto infinitos sem ajuste<\/h3>\n<p>A forma \u00fanica do ecr\u00e3 de ressalto Infinity devolve bolas rasteiras, lineares e pop-flys sem qualquer ajuste. Lance a bola na parte superior do ecr\u00e3 para bolas rasteiras, no centro para lan\u00e7amentos em linha e na parte inferior para lan\u00e7amentos em linha.<\/p>\n<\/div>\n<\/li>\n<\/ul>","protected":false},"featured_media":1639,"template":"","meta":{"_gspb_post_css":""},"product_brand":[],"product_cat":[32],"product_tag":[],"class_list":{"0":"post-1652","1":"product","2":"type-product","3":"status-publish","4":"has-post-thumbnail","6":"product_cat-rebounder","8":"first","9":"instock","10":"shipping-taxable","11":"product-type-simple"},"_links":{"self":[{"href":"https:\/\/fsportsnet.com\/pt\/wp-json\/wp\/v2\/product\/1652","targetHints":{"allow":["GET"]}}],"collection":[{"href":"https:\/\/fsportsnet.com\/pt\/wp-json\/wp\/v2\/product"}],"about":[{"href":"https:\/\/fsportsnet.com\/pt\/wp-json\/wp\/v2\/types\/product"}],"wp:featuredmedia":[{"embeddable":true,"href":"https:\/\/fsportsnet.com\/pt\/wp-json\/wp\/v2\/media\/1639"}],"wp:attachment":[{"href":"https:\/\/fsportsnet.com\/pt\/wp-json\/wp\/v2\/media?parent=1652"}],"wp:term":[{"taxonomy":"product_brand","embeddable":true,"href":"https:\/\/fsportsnet.com\/pt\/wp-json\/wp\/v2\/product_brand?post=1652"},{"taxonomy":"product_cat","embeddable":true,"href":"https:\/\/fsportsnet.com\/pt\/wp-json\/wp\/v2\/product_cat?post=1652"},{"taxonomy":"product_tag","embeddable":true,"href":"https:\/\/fsportsnet.com\/pt\/wp-json\/wp\/v2\/product_tag?post=1652"}],"curies":[{"name":"wp","href":"https:\/\/api.w.org\/{rel}","templated":true}]}}