{"id":1666,"date":"2023-04-29T13:48:26","date_gmt":"2023-04-29T05:48:26","guid":{"rendered":"https:\/\/fsportsnet.com\/?post_type=product&#038;p=1666"},"modified":"2023-04-29T13:48:57","modified_gmt":"2023-04-29T05:48:57","slug":"switch-ball-game-set-with-2-launch-mesh-nets-and-2-balls","status":"publish","type":"product","link":"https:\/\/fsportsnet.com\/pt\/product\/switch-ball-game-set-with-2-launch-mesh-nets-and-2-balls\/","title":{"rendered":"Conjunto de jogo de bolas Switch com 2 redes de malha de lan\u00e7amento e 2 bolas"},"content":{"rendered":"<h4 class=\"a-size-base-plus a-text-bold\">Sobre este artigo<\/h4>\n<ul class=\"a-unordered-list a-vertical a-spacing-mini\">\n<li class=\"a-spacing-mini\"><span class=\"a-list-item\">BRINQUEDO DIVERTIDO: conjunto mono fling para crian\u00e7as, adolescentes, fam\u00edlias e perfeito para interiores e exteriores, quintal, praia e salas de jogo ou recreio.<\/span><\/li>\n<li class=\"a-spacing-mini\"><span class=\"a-list-item\">GRANDE DESENVOLVIMENTO: este jogo de atirar bolas \u00e9 uma \u00f3ptima maneira de desenvolver a coordena\u00e7\u00e3o m\u00e3o-olho, fortalece os m\u00fasculos das m\u00e3os e dos bra\u00e7os e \u00e9 \u00fanico e divertido de jogar.<\/span><\/li>\n<li class=\"a-spacing-mini\"><span class=\"a-list-item\">OS JOGOS AO AR LIVRE MANT\u00caM AS CRIAN\u00c7AS ACTIVAS: ajudam as crian\u00e7as a tornarem-se mais activas e socialmente competentes: n\u00e3o s\u00f3 as crian\u00e7as melhoram as suas capacidades interpessoais, como tamb\u00e9m aprendem li\u00e7\u00f5es valiosas sobre o esp\u00edrito de equipa e a competi\u00e7\u00e3o saud\u00e1vel: uma crian\u00e7a pode aprender que o mais importante \u00e9 a competi\u00e7\u00e3o saud\u00e1vel e n\u00e3o a vit\u00f3ria.<\/span><\/li>\n<li class=\"a-spacing-mini\"><span class=\"a-list-item\">JOGOS PARA CRIAN\u00c7AS: podem ajudar a canalizar positivamente as energias f\u00edsicas e mentais de uma crian\u00e7a, os jogos para crian\u00e7as tamb\u00e9m podem ajudar a crian\u00e7a a melhorar as capacidades de concentra\u00e7\u00e3o e a ensinar a import\u00e2ncia de concluir uma tarefa: podem melhorar a sua autoestima.<\/span><\/li>\n<li class=\"a-spacing-mini\"><span class=\"a-list-item\">CONTE\u00daDO: 2 Redes de Lan\u00e7amento, 1 Bola de T\u00e9nis, 1 Bola de Pickle<\/span><\/li>\n<li>Cada jogador tem uma rede e s\u00f3 \u00e9 necess\u00e1ria uma bola. Come\u00e7a-se por passar a bola para o outro jogador, lan\u00e7ando a rede para o exterior e impelindo a bola no ar na dire\u00e7\u00e3o do outro jogador, que depois apanha a bola na sua rede ou a faz ricochetear na sua pr\u00f3pria rede e voltar para ti. Podes jogar em competi\u00e7\u00e3o ou em equipa e tentar obter uma nova pontua\u00e7\u00e3o m\u00e1xima. Rapaz a jogar Mono Fling Switch Ball na praia, ao sol de ver\u00e3o, com os amigos<br \/>\nNovo jogo - novas compet\u00eancias!<br \/>\nEste \u00e9 um \u00f3timo jogo se estiveres \u00e0 procura de algo novo como brinquedo de exterior. H\u00e1 um pouco de curva de aprendizagem no in\u00edcio, mas ap\u00f3s cerca de 10 minutos, vai descobrir que \u00e9 bastante intuitivo e extremamente divertido! Os jogos de bola normais, em que apenas se passa algo para a frente e para tr\u00e1s, podem ser demasiado f\u00e1ceis e, ao fim de 10 minutos, podem ser muito aborrecidos e arrastados. No entanto, o Switch Ball \u00e9 \u00f3timo porque n\u00e3o se trata apenas de uma bola. O tempo e a coordena\u00e7\u00e3o olho-m\u00e3o, bem como as capacidades motoras finas, s\u00e3o realmente exigidos ao jogar este jogo!<\/p>\n<p>Switch Ball Inclui, duas bolas, 2 redes<br \/>\nO conjunto inclui<br \/>\nSwitch Ball Mono Fling, inclui uma bola de t\u00e9nis, uma bola de pickle, duas redes para 2 jogadores e um estojo de transporte para tudo, para que possa lev\u00e1-lo para onde quer que v\u00e1.<\/p>\n<p>Jogue virtualmente em qualquer lugar, incluindo uma praia, o parque, o seu quintal e muito mais!<\/p>\n<p>Rapariga a jogar mono fling Switch Ball no parque junto \u00e0 \u00e1gua, divertindo-se com os amigos<br \/>\nCome\u00e7ar uma nova moda<br \/>\nA Mono Fling Switch Ball \u00e9 uma novidade no mercado e tem suscitado muito entusiasmo ao longo dos meses de cria\u00e7\u00e3o deste produto \u00fanico no seu g\u00e9nero! N\u00e3o perca tempo e experimente o nosso novo conjunto!<\/li>\n<\/ul>","protected":false},"excerpt":{"rendered":"<p>Switch Ball \u00e9 uma nova vers\u00e3o dos jogos de bola, semelhante a jogos como badminton, t\u00e9nis e paddle ball, tudo num s\u00f3!<\/p>","protected":false},"featured_media":1669,"template":"","meta":{"_gspb_post_css":""},"product_brand":[],"product_cat":[35,40],"product_tag":[],"class_list":{"0":"post-1666","1":"product","2":"type-product","3":"status-publish","4":"has-post-thumbnail","6":"product_cat-multi-sports-net","7":"product_cat-outdoor-net","9":"first","10":"instock","11":"shipping-taxable","12":"product-type-simple"},"_links":{"self":[{"href":"https:\/\/fsportsnet.com\/pt\/wp-json\/wp\/v2\/product\/1666","targetHints":{"allow":["GET"]}}],"collection":[{"href":"https:\/\/fsportsnet.com\/pt\/wp-json\/wp\/v2\/product"}],"about":[{"href":"https:\/\/fsportsnet.com\/pt\/wp-json\/wp\/v2\/types\/product"}],"wp:featuredmedia":[{"embeddable":true,"href":"https:\/\/fsportsnet.com\/pt\/wp-json\/wp\/v2\/media\/1669"}],"wp:attachment":[{"href":"https:\/\/fsportsnet.com\/pt\/wp-json\/wp\/v2\/media?parent=1666"}],"wp:term":[{"taxonomy":"product_brand","embeddable":true,"href":"https:\/\/fsportsnet.com\/pt\/wp-json\/wp\/v2\/product_brand?post=1666"},{"taxonomy":"product_cat","embeddable":true,"href":"https:\/\/fsportsnet.com\/pt\/wp-json\/wp\/v2\/product_cat?post=1666"},{"taxonomy":"product_tag","embeddable":true,"href":"https:\/\/fsportsnet.com\/pt\/wp-json\/wp\/v2\/product_tag?post=1666"}],"curies":[{"name":"wp","href":"https:\/\/api.w.org\/{rel}","templated":true}]}}