{"id":1676,"date":"2023-04-29T14:52:22","date_gmt":"2023-04-29T06:52:22","guid":{"rendered":"https:\/\/fsportsnet.com\/?post_type=product&#038;p=1676"},"modified":"2024-01-18T17:07:53","modified_gmt":"2024-01-18T09:07:53","slug":"mini-portable-pickleball-net-for-driveway-kids-soccer-tennis-net","status":"publish","type":"product","link":"https:\/\/fsportsnet.com\/pt\/product\/mini-portable-pickleball-net-for-driveway-kids-soccer-tennis-net\/","title":{"rendered":"Mini rede port\u00e1til de pickleball para entrada de autom\u00f3veis Rede de t\u00e9nis de futebol para crian\u00e7as"},"content":{"rendered":"<p>1. Tamanho: 3,0 m<br \/>\n2. Rede: Rede PE sem n\u00f3s de 5 camadas de 1,75<br \/>\n3. Tubo de a\u00e7o: \u03c619*0.6mm<br \/>\n4. Tecido\uff1a420D<br \/>\n5. Saco: Tecido oxford 210D com 1pcs LOGO<br \/>\n6. Embalagem: Cada um numa caixa de cart\u00e3o K=K, 88,5x21x12cm<br \/>\n7.G.W 4.2kg, N.W 3.3kg<\/p>","protected":false},"excerpt":{"rendered":"<ul class=\"a-unordered-list a-vertical a-spacing-mini\">\n<li class=\"a-spacing-mini\"><span class=\"a-list-item\">10 p\u00e9s utilizados para rede de t\u00e9nis, rede de t\u00e9nis de futebol, rede de pickleball<\/span><\/li>\n<li class=\"a-spacing-mini\"><span class=\"a-list-item\">18 p\u00e9s utilizados para rede de t\u00e9nis, rede de t\u00e9nis de futebol, rede de pickleball, rede de voleibol de piscina<\/span><\/li>\n<\/ul>","protected":false},"featured_media":1121,"template":"","meta":{"_gspb_post_css":""},"product_brand":[],"product_cat":[27],"product_tag":[],"class_list":{"0":"post-1676","1":"product","2":"type-product","3":"status-publish","4":"has-post-thumbnail","6":"product_cat-pickleball-net","8":"first","9":"instock","10":"shipping-taxable","11":"purchasable","12":"product-type-simple"},"_links":{"self":[{"href":"https:\/\/fsportsnet.com\/pt\/wp-json\/wp\/v2\/product\/1676","targetHints":{"allow":["GET"]}}],"collection":[{"href":"https:\/\/fsportsnet.com\/pt\/wp-json\/wp\/v2\/product"}],"about":[{"href":"https:\/\/fsportsnet.com\/pt\/wp-json\/wp\/v2\/types\/product"}],"wp:featuredmedia":[{"embeddable":true,"href":"https:\/\/fsportsnet.com\/pt\/wp-json\/wp\/v2\/media\/1121"}],"wp:attachment":[{"href":"https:\/\/fsportsnet.com\/pt\/wp-json\/wp\/v2\/media?parent=1676"}],"wp:term":[{"taxonomy":"product_brand","embeddable":true,"href":"https:\/\/fsportsnet.com\/pt\/wp-json\/wp\/v2\/product_brand?post=1676"},{"taxonomy":"product_cat","embeddable":true,"href":"https:\/\/fsportsnet.com\/pt\/wp-json\/wp\/v2\/product_cat?post=1676"},{"taxonomy":"product_tag","embeddable":true,"href":"https:\/\/fsportsnet.com\/pt\/wp-json\/wp\/v2\/product_tag?post=1676"}],"curies":[{"name":"wp","href":"https:\/\/api.w.org\/{rel}","templated":true}]}}