{"id":45591,"date":"2025-03-01T07:45:53","date_gmt":"2025-03-01T07:45:53","guid":{"rendered":"https:\/\/fsportsnet.com\/?post_type=product&#038;p=45591"},"modified":"2025-03-01T07:50:00","modified_gmt":"2025-03-01T07:50:00","slug":"softball-baseball-batting-cage-netting-heavy-duty-pe-pitching-batting-net-one-piece-square-practice-portable-pitching-cage-net-w-bag-net-only","status":"publish","type":"product","link":"https:\/\/fsportsnet.com\/pt\/product\/softball-baseball-batting-cage-netting-heavy-duty-pe-pitching-batting-net-one-piece-square-practice-portable-pitching-cage-net-w-bag-net-only\/","title":{"rendered":"Rede de gaiola de basebol de softbol Rede de batedura de arremesso de PE para servi\u00e7o pesado, pr\u00e1tica quadrada de uma pe\u00e7a Rede de gaiola de arremesso port\u00e1til com saco (apenas rede)"},"content":{"rendered":"<p>Sobre este artigo<br \/>\nGaiola de batedura grande e duradoura: Esta rede de gaiola de batedura de basebol de alta qualidade \u00e9 uma excelente escolha para equipamento de treino de basebol e softbol. Com uma dimens\u00e3o de 35x10x10FT, \u00e9 perfeita para todos os entusiastas do desporto, preparadores f\u00edsicos e treinadores profissionais, oferecendo um campo de treino exclusivo. O seu design totalmente fechado elimina as preocupa\u00e7\u00f5es com as bolas que voam para longe durante o treino. Adequado para utiliza\u00e7\u00e3o no interior e no exterior. Nota: Os postes e a estrutura n\u00e3o est\u00e3o inclu\u00eddos.<br \/>\nRede de conce\u00e7\u00e3o integrada: Especificamente concebida para as gaiolas de basebol, esta rede de uma s\u00f3 pe\u00e7a substitui as gaiolas de basebol quadradas. O seu design totalmente fechado evita o inc\u00f3modo de procurar bolas perdidas, tornando-a ideal para praticar as capacidades de bater e lan\u00e7ar, permitindo melhorias significativas nas capacidades de bater ou lan\u00e7ar.<br \/>\nMalha de alta qualidade: Feita de material PE, esta rede de gaiola de batedura apresenta uma excelente resist\u00eancia \u00e0s intemp\u00e9ries, utiliz\u00e1vel em quaisquer condi\u00e7\u00f5es. \u00c9 resistente ao desgaste e \u00e0 corros\u00e3o, ao vento e \u00e0 chuva, prevenindo eficazmente os danos causados pelo sol. Constru\u00edda a partir de uma malha com n\u00f3s de 30 fios, \u00e9 altamente dur\u00e1vel, garantindo uma vida \u00fatil mais longa. A malha \u00e9 espessa e resistente ao rasgamento, suportando eficazmente o impacto das bolas batidas.<br \/>\nDesign humanizado: Apresenta uma porta de gaiola recentemente adicionada, que abre e fecha com ganchos e la\u00e7os, facilitando a entrada e sa\u00edda dos atletas para o campo de treino. Este design melhora a sua experi\u00eancia de treino e a rede da gaiola de batimento \u00e9 adequada para atletas de todas as idades.<br \/>\nF\u00e1cil de instalar: Este equipamento de treino de basebol e softbol pode ser instalado com \u00eaxito por apenas duas pessoas, gra\u00e7as \u00e0 sua estrutura simples e instru\u00e7\u00f5es claras. F\u00e1cil de montar de uma s\u00f3 vez. \u00c9 fornecido com um saco de arruma\u00e7\u00e3o, o que facilita a sua desloca\u00e7\u00e3o e \u00e9 ideal para transportar para campos desportivos interiores ou exteriores.<\/p>","protected":false},"excerpt":{"rendered":"<p>Possibilidades de forma\u00e7\u00e3o ilimitadas<br \/>\nExperimente a versatilidade da gaiola de tacos para basebol e softbol. Compat\u00edvel com uma vasta gama de bolas, incluindo bolas de basebol, bolas de golfe, bolas de t\u00e9nis e petecas de badminton, esta rede responde a todas as suas necessidades de treino. Quer esteja a praticar no interior ou no exterior, esta rede tem tudo o que precisa. Diga adeus \u00e0s limita\u00e7\u00f5es e liberte todo o seu potencial com esta ferramenta de treino excecional.<\/p>","protected":false},"featured_media":45598,"template":"","meta":{"_gspb_post_css":""},"product_brand":[],"product_cat":[25],"product_tag":[28],"class_list":{"0":"post-45591","1":"product","2":"type-product","3":"status-publish","4":"has-post-thumbnail","6":"product_cat-baseball-net","7":"product_tag-baseball-net","9":"first","10":"instock","11":"shipping-taxable","12":"product-type-simple"},"_links":{"self":[{"href":"https:\/\/fsportsnet.com\/pt\/wp-json\/wp\/v2\/product\/45591","targetHints":{"allow":["GET"]}}],"collection":[{"href":"https:\/\/fsportsnet.com\/pt\/wp-json\/wp\/v2\/product"}],"about":[{"href":"https:\/\/fsportsnet.com\/pt\/wp-json\/wp\/v2\/types\/product"}],"wp:featuredmedia":[{"embeddable":true,"href":"https:\/\/fsportsnet.com\/pt\/wp-json\/wp\/v2\/media\/45598"}],"wp:attachment":[{"href":"https:\/\/fsportsnet.com\/pt\/wp-json\/wp\/v2\/media?parent=45591"}],"wp:term":[{"taxonomy":"product_brand","embeddable":true,"href":"https:\/\/fsportsnet.com\/pt\/wp-json\/wp\/v2\/product_brand?post=45591"},{"taxonomy":"product_cat","embeddable":true,"href":"https:\/\/fsportsnet.com\/pt\/wp-json\/wp\/v2\/product_cat?post=45591"},{"taxonomy":"product_tag","embeddable":true,"href":"https:\/\/fsportsnet.com\/pt\/wp-json\/wp\/v2\/product_tag?post=45591"}],"curies":[{"name":"wp","href":"https:\/\/api.w.org\/{rel}","templated":true}]}}