{"id":45626,"date":"2025-09-11T17:00:58","date_gmt":"2025-09-11T17:00:58","guid":{"rendered":"https:\/\/fsportsnet.com\/?post_type=product&#038;p=45626"},"modified":"2025-10-07T08:41:47","modified_gmt":"2025-10-07T08:41:47","slug":"10-x-8-ft-golf-practice-hitting-net","status":"publish","type":"product","link":"https:\/\/fsportsnet.com\/pt\/product\/10-x-8-ft-golf-practice-hitting-net\/","title":{"rendered":"Fangsheng 10 x 8 p\u00e9s Rede de Golfe para Treino"},"content":{"rendered":"<p>PN: GN016<br \/>\nGAIOLA DE GOLFE: Pratique com confian\u00e7a com bolas de golfe verdadeiras; o design da gaiola inclui redes de prote\u00e7\u00e3o em cada lado e uma rede de prote\u00e7\u00e3o na parte superior; possui um ecr\u00e3 de impacto de poli\u00e9ster tecido de alta densidade para utiliza\u00e7\u00e3o com simuladores de golfe e projectores (n\u00e3o inclu\u00eddos)<br \/>\nECR\u00c3 SIM: Inclui um ecr\u00e3 de impacto de 88 x 80 polegadas fabricado em poli\u00e9ster tecido de alta densidade para proporcionar um pano de fundo duradouro para o projetor; monitor de lan\u00e7amento e projetor n\u00e3o inclu\u00eddos<br \/>\nCONSTRU\u00c7\u00c3O PREMIUM: Concebida para suportar todas as velocidades de oscila\u00e7\u00e3o; fabricada em fibra de vidro resistente com uma rede ultra-dur\u00e1vel e um ecr\u00e3 de impacto refor\u00e7ado; a base da estrutura de a\u00e7o revestida a espuma minimiza o ressalto e evita que as bolas deslizem por baixo<br \/>\nGAIOLA SUPERIOR: Permite a pr\u00e1tica de tacos de grande altura, como cunhas, chips e at\u00e9 mesmo flop shots; Protege o teto durante o treino no interior<br \/>\nTAMANHO ENORME: O tamanho de 10\u2032 x 8\u2032 x 5,5\u2032 pode acomodar golfistas de todas as habilidades, destros ou canhotos; Monta em cerca de 5 minutos e inclui estojo de transporte para armazenamento; Tamanho recomendado da sala: teto de 9 p\u00e9s de altura com espa\u00e7o suficiente para a dist\u00e2ncia de batida desejada<\/p>","protected":false},"excerpt":{"rendered":"<p>Golf Range Cage 10 x 8 p\u00e9s Golf Practice Hitting Net - Escolha entre gr\u00e1ficos impressos, ecr\u00e3 de impacto, ecr\u00e3 de simulador em branco ou rede cl\u00e1ssica<\/p>","protected":false},"featured_media":45629,"template":"","meta":{"_gspb_post_css":""},"product_brand":[],"product_cat":[26],"product_tag":[],"class_list":{"0":"post-45626","1":"product","2":"type-product","3":"status-publish","4":"has-post-thumbnail","6":"product_cat-golf-net","8":"first","9":"instock","10":"shipping-taxable","11":"product-type-simple"},"_links":{"self":[{"href":"https:\/\/fsportsnet.com\/pt\/wp-json\/wp\/v2\/product\/45626","targetHints":{"allow":["GET"]}}],"collection":[{"href":"https:\/\/fsportsnet.com\/pt\/wp-json\/wp\/v2\/product"}],"about":[{"href":"https:\/\/fsportsnet.com\/pt\/wp-json\/wp\/v2\/types\/product"}],"wp:featuredmedia":[{"embeddable":true,"href":"https:\/\/fsportsnet.com\/pt\/wp-json\/wp\/v2\/media\/45629"}],"wp:attachment":[{"href":"https:\/\/fsportsnet.com\/pt\/wp-json\/wp\/v2\/media?parent=45626"}],"wp:term":[{"taxonomy":"product_brand","embeddable":true,"href":"https:\/\/fsportsnet.com\/pt\/wp-json\/wp\/v2\/product_brand?post=45626"},{"taxonomy":"product_cat","embeddable":true,"href":"https:\/\/fsportsnet.com\/pt\/wp-json\/wp\/v2\/product_cat?post=45626"},{"taxonomy":"product_tag","embeddable":true,"href":"https:\/\/fsportsnet.com\/pt\/wp-json\/wp\/v2\/product_tag?post=45626"}],"curies":[{"name":"wp","href":"https:\/\/api.w.org\/{rel}","templated":true}]}}