{"id":46485,"date":"2025-11-10T08:04:19","date_gmt":"2025-11-10T08:04:19","guid":{"rendered":"https:\/\/fsportsnet.com\/?post_type=product&#038;p=46485"},"modified":"2025-11-10T08:04:19","modified_gmt":"2025-11-10T08:04:19","slug":"foldable-soccer-training-goal-set-with-carry-bag-and-cones","status":"publish","type":"product","link":"https:\/\/fsportsnet.com\/pt\/product\/foldable-soccer-training-goal-set-with-carry-bag-and-cones\/","title":{"rendered":"Conjunto de balizas de treino de futebol dobr\u00e1veis com saco de transporte e cones"},"content":{"rendered":"<p>este conjunto de balizas de treino de futebol dobr\u00e1veis transforma qualquer espa\u00e7o aberto num mini campo. a estrutura \u00e9 montada em minutos e bloqueia para estabilidade na relva ou no relvado. uma rede dur\u00e1vel e sem n\u00f3s absorve os golpes e deixa cair a bola de forma limpa para repeti\u00e7\u00f5es r\u00e1pidas. os cones de marca\u00e7\u00e3o inclu\u00eddos ajudam-no a construir percursos, escadas de agilidade e zonas de remate, para que cada sess\u00e3o tenha um objetivo. tudo se dobra e cabe no saco de transporte para f\u00e1cil arruma\u00e7\u00e3o e viagem. \u00f3timo para crian\u00e7as, equipas ou jogadores individuais que queiram equipamento fi\u00e1vel para aumentar a precis\u00e3o, o toque e a confian\u00e7a.<\/p>","protected":false},"excerpt":{"rendered":"<p>Treine em qualquer lugar com este conjunto de balizas de futebol dobr\u00e1veis. A base est\u00e1vel e a rede resistente aguentam remates fortes e a tens\u00e3o el\u00e1stica suaviza os ressaltos. cones brilhantes mapeiam exerc\u00edcios de passe, remate e trabalho de p\u00e9s.<\/p>","protected":false},"featured_media":46489,"template":"","meta":{"_gspb_post_css":""},"product_brand":[],"product_cat":[29],"product_tag":[88,89,86,87,85,90],"class_list":{"0":"post-46485","1":"product","2":"type-product","3":"status-publish","4":"has-post-thumbnail","6":"product_cat-soccer-goal","7":"product_tag-backyard-practice","8":"product_tag-carry-bag","9":"product_tag-foldable-soccer-net","10":"product_tag-portable-goal-set","11":"product_tag-soccer-training-goal","12":"product_tag-training-cones","14":"first","15":"instock","16":"shipping-taxable","17":"product-type-simple"},"_links":{"self":[{"href":"https:\/\/fsportsnet.com\/pt\/wp-json\/wp\/v2\/product\/46485","targetHints":{"allow":["GET"]}}],"collection":[{"href":"https:\/\/fsportsnet.com\/pt\/wp-json\/wp\/v2\/product"}],"about":[{"href":"https:\/\/fsportsnet.com\/pt\/wp-json\/wp\/v2\/types\/product"}],"wp:featuredmedia":[{"embeddable":true,"href":"https:\/\/fsportsnet.com\/pt\/wp-json\/wp\/v2\/media\/46489"}],"wp:attachment":[{"href":"https:\/\/fsportsnet.com\/pt\/wp-json\/wp\/v2\/media?parent=46485"}],"wp:term":[{"taxonomy":"product_brand","embeddable":true,"href":"https:\/\/fsportsnet.com\/pt\/wp-json\/wp\/v2\/product_brand?post=46485"},{"taxonomy":"product_cat","embeddable":true,"href":"https:\/\/fsportsnet.com\/pt\/wp-json\/wp\/v2\/product_cat?post=46485"},{"taxonomy":"product_tag","embeddable":true,"href":"https:\/\/fsportsnet.com\/pt\/wp-json\/wp\/v2\/product_tag?post=46485"}],"curies":[{"name":"wp","href":"https:\/\/api.w.org\/{rel}","templated":true}]}}