{"id":46621,"date":"2025-11-10T09:28:16","date_gmt":"2025-11-10T09:28:16","guid":{"rendered":"https:\/\/fsportsnet.com\/?post_type=product&#038;p=46621"},"modified":"2025-12-04T06:20:24","modified_gmt":"2025-12-04T06:20:24","slug":"professional-multi-target-rebounder-net-with-5-accuracy-zones","status":"publish","type":"product","link":"https:\/\/fsportsnet.com\/pt\/product\/professional-multi-target-rebounder-net-with-5-accuracy-zones\/","title":{"rendered":"Rede de ressalto profissional multi-alvo com 5 zonas de precis\u00e3o"},"content":{"rendered":"<p>Conhe\u00e7a a rede de ressalto profissional multiobjectivo com 5 zonas de precis\u00e3o - concebida para fazer com que cada repeti\u00e7\u00e3o conte. A estrutura de a\u00e7o refor\u00e7ado mant\u00e9m-se firme sob remates fortes e a malha densa proporciona ressaltos limpos e previs\u00edveis. Cinco zonas marcadas orientam o seu objetivo para passes, remates e trabalho de toque. Ajuste a tens\u00e3o, prenda o painel e estar\u00e1 a treinar em minutos.<\/p>","protected":false},"excerpt":{"rendered":"<p>Aponte com mais precis\u00e3o com este rebounder multi-alvo. Cinco zonas de precis\u00e3o desafiam a coloca\u00e7\u00e3o, enquanto a estrutura de a\u00e7o e a malha apertada proporcionam retornos verdadeiros.<\/p>","protected":false},"featured_media":47051,"template":"","meta":{"_gspb_post_css":""},"product_brand":[],"product_cat":[32],"product_tag":[165,164,80,129,166,118],"class_list":{"0":"post-46621","1":"product","2":"type-product","3":"status-publish","4":"has-post-thumbnail","6":"product_cat-rebounder","7":"product_tag-accuracy-zones","8":"product_tag-multi-target-trainer","9":"product_tag-rebounder-net","10":"product_tag-solo-practice","11":"product_tag-sports-training","12":"product_tag-steel-frame","14":"first","15":"instock","16":"shipping-taxable","17":"product-type-simple"},"_links":{"self":[{"href":"https:\/\/fsportsnet.com\/pt\/wp-json\/wp\/v2\/product\/46621","targetHints":{"allow":["GET"]}}],"collection":[{"href":"https:\/\/fsportsnet.com\/pt\/wp-json\/wp\/v2\/product"}],"about":[{"href":"https:\/\/fsportsnet.com\/pt\/wp-json\/wp\/v2\/types\/product"}],"wp:featuredmedia":[{"embeddable":true,"href":"https:\/\/fsportsnet.com\/pt\/wp-json\/wp\/v2\/media\/47051"}],"wp:attachment":[{"href":"https:\/\/fsportsnet.com\/pt\/wp-json\/wp\/v2\/media?parent=46621"}],"wp:term":[{"taxonomy":"product_brand","embeddable":true,"href":"https:\/\/fsportsnet.com\/pt\/wp-json\/wp\/v2\/product_brand?post=46621"},{"taxonomy":"product_cat","embeddable":true,"href":"https:\/\/fsportsnet.com\/pt\/wp-json\/wp\/v2\/product_cat?post=46621"},{"taxonomy":"product_tag","embeddable":true,"href":"https:\/\/fsportsnet.com\/pt\/wp-json\/wp\/v2\/product_tag?post=46621"}],"curies":[{"name":"wp","href":"https:\/\/api.w.org\/{rel}","templated":true}]}}