{"id":46715,"date":"2025-11-10T10:23:30","date_gmt":"2025-11-10T10:23:30","guid":{"rendered":"https:\/\/fsportsnet.com\/?post_type=product&#038;p=46715"},"modified":"2025-11-10T10:23:30","modified_gmt":"2025-11-10T10:23:30","slug":"portable-regulation-pickleball-net-system-with-carry-bag","status":"publish","type":"product","link":"https:\/\/fsportsnet.com\/pt\/product\/portable-regulation-pickleball-net-system-with-carry-bag\/","title":{"rendered":"Sistema de rede de pickleball port\u00e1til e regulamentar com saco de transporte"},"content":{"rendered":"<p>Constru\u00edda para jogar todos os dias, esta rede de pickleball port\u00e1til e regulamentar monta-se rapidamente e bloqueia firmemente para uma verdadeira sensa\u00e7\u00e3o de campo. A estrutura de a\u00e7o resiste \u00e0 flex\u00e3o, enquanto a malha sem n\u00f3s se mant\u00e9m lisa e sem obst\u00e1culos.<\/p>","protected":false},"excerpt":{"rendered":"<p>Esta rede regulamentar port\u00e1til utiliza uma estrutura de a\u00e7o robusta e uma malha sem n\u00f3s para um ressalto consistente. As bases largas e ponderadas conferem estabilidade em caso de vento fraco.<\/p>","protected":false},"featured_media":46718,"template":"","meta":{"_gspb_post_css":""},"product_brand":[],"product_cat":[27],"product_tag":[163,89,159,171,160,118],"class_list":{"0":"post-46715","1":"product","2":"type-product","3":"status-publish","4":"has-post-thumbnail","6":"product_cat-pickleball-net","7":"product_tag-backyard-court","8":"product_tag-carry-bag","9":"product_tag-pickleball-net","10":"product_tag-portable-net-system","11":"product_tag-regulation-size","12":"product_tag-steel-frame","14":"first","15":"instock","16":"shipping-taxable","17":"product-type-simple"},"_links":{"self":[{"href":"https:\/\/fsportsnet.com\/pt\/wp-json\/wp\/v2\/product\/46715","targetHints":{"allow":["GET"]}}],"collection":[{"href":"https:\/\/fsportsnet.com\/pt\/wp-json\/wp\/v2\/product"}],"about":[{"href":"https:\/\/fsportsnet.com\/pt\/wp-json\/wp\/v2\/types\/product"}],"wp:featuredmedia":[{"embeddable":true,"href":"https:\/\/fsportsnet.com\/pt\/wp-json\/wp\/v2\/media\/46718"}],"wp:attachment":[{"href":"https:\/\/fsportsnet.com\/pt\/wp-json\/wp\/v2\/media?parent=46715"}],"wp:term":[{"taxonomy":"product_brand","embeddable":true,"href":"https:\/\/fsportsnet.com\/pt\/wp-json\/wp\/v2\/product_brand?post=46715"},{"taxonomy":"product_cat","embeddable":true,"href":"https:\/\/fsportsnet.com\/pt\/wp-json\/wp\/v2\/product_cat?post=46715"},{"taxonomy":"product_tag","embeddable":true,"href":"https:\/\/fsportsnet.com\/pt\/wp-json\/wp\/v2\/product_tag?post=46715"}],"curies":[{"name":"wp","href":"https:\/\/api.w.org\/{rel}","templated":true}]}}