{"id":46725,"date":"2025-11-10T11:06:45","date_gmt":"2025-11-10T11:06:45","guid":{"rendered":"https:\/\/fsportsnet.com\/?post_type=product&#038;p=46725"},"modified":"2025-11-10T11:06:46","modified_gmt":"2025-11-10T11:06:46","slug":"adjustable-tennis-rebounder-net-for-indoor-outdoor-practice","status":"publish","type":"product","link":"https:\/\/fsportsnet.com\/pt\/product\/adjustable-tennis-rebounder-net-for-indoor-outdoor-practice\/","title":{"rendered":"Rede de ressalto ajust\u00e1vel para t\u00e9nis para pr\u00e1tica no interior e exterior"},"content":{"rendered":"<p>Este rebounder de t\u00e9nis ajust\u00e1vel ajuda-o a treinar sem um parceiro. Altere o \u00e2ngulo para simular topspin, flat ou slice e ajuste o tempo das pancadas de fundo e dos voleios. A estrutura em tubo de a\u00e7o mant\u00e9m-se est\u00e1vel em campos, entradas de garagem ou gin\u00e1sios, enquanto o painel de rede silenciosa suaviza o impacto para uma pr\u00e1tica amiga dos vizinhos. A montagem sem ferramentas significa que estar\u00e1 a bater em minutos e o perfil fino pode ser facilmente guardado numa parede. Utilize-a para aquecimentos, escadas de trabalho de p\u00e9s e exerc\u00edcios de consist\u00eancia durante todo o ano, no interior ou no exterior. \u00c9 uma parede de treino fi\u00e1vel que pode deslocar para onde quer que jogue.<\/p>","protected":false},"excerpt":{"rendered":"<p>O painel ajust\u00e1vel fornece retornos limpos e realistas para que possa treinar o tempo e o trabalho de p\u00e9s. Estrutura de a\u00e7o est\u00e1vel, malha silenciosa, configura\u00e7\u00e3o r\u00e1pida e f\u00e1cil armazenamento para repeti\u00e7\u00f5es di\u00e1rias.<\/p>","protected":false},"featured_media":46726,"template":"","meta":{"_gspb_post_css":""},"product_brand":[],"product_cat":[33],"product_tag":[209,181,211,210,118,135],"class_list":{"0":"post-46725","1":"product","2":"type-product","3":"status-publish","4":"has-post-thumbnail","6":"product_cat-tennis-net","7":"product_tag-adjustable-tennis-net","8":"product_tag-indoor-outdoor-training","9":"product_tag-portable-tennis-trainer","10":"product_tag-practice-wall","11":"product_tag-steel-frame","12":"product_tag-tennis-rebounder","14":"first","15":"instock","16":"shipping-taxable","17":"product-type-simple"},"_links":{"self":[{"href":"https:\/\/fsportsnet.com\/pt\/wp-json\/wp\/v2\/product\/46725","targetHints":{"allow":["GET"]}}],"collection":[{"href":"https:\/\/fsportsnet.com\/pt\/wp-json\/wp\/v2\/product"}],"about":[{"href":"https:\/\/fsportsnet.com\/pt\/wp-json\/wp\/v2\/types\/product"}],"wp:featuredmedia":[{"embeddable":true,"href":"https:\/\/fsportsnet.com\/pt\/wp-json\/wp\/v2\/media\/46726"}],"wp:attachment":[{"href":"https:\/\/fsportsnet.com\/pt\/wp-json\/wp\/v2\/media?parent=46725"}],"wp:term":[{"taxonomy":"product_brand","embeddable":true,"href":"https:\/\/fsportsnet.com\/pt\/wp-json\/wp\/v2\/product_brand?post=46725"},{"taxonomy":"product_cat","embeddable":true,"href":"https:\/\/fsportsnet.com\/pt\/wp-json\/wp\/v2\/product_cat?post=46725"},{"taxonomy":"product_tag","embeddable":true,"href":"https:\/\/fsportsnet.com\/pt\/wp-json\/wp\/v2\/product_tag?post=46725"}],"curies":[{"name":"wp","href":"https:\/\/api.w.org\/{rel}","templated":true}]}}