{"id":571,"date":"2023-04-05T22:24:56","date_gmt":"2023-04-05T14:24:56","guid":{"rendered":"https:\/\/fsportsnet.com\/?post_type=product&#038;p=571"},"modified":"2023-04-25T11:38:30","modified_gmt":"2023-04-25T03:38:30","slug":"7x7-factory-wholesale-high-quality-portable-pitching-hitting-baseball-net","status":"publish","type":"product","link":"https:\/\/fsportsnet.com\/pt\/product\/7x7-factory-wholesale-high-quality-portable-pitching-hitting-baseball-net\/","title":{"rendered":"7\u2032 X 7\u2032 Rede de lan\u00e7amento de pr\u00e1tica de softbol de basebol Deluxe Tee Ball Caddy"},"content":{"rendered":"<p>1. Tamanho total: 7 x 7\u2032<br \/>\n2. Estrutura: Tubo de ferro pintado de preto com 1\u2033 de di\u00e2metro e 1,0 mm de espessura<br \/>\n3. P\u00f3lo: \u03a612.7mm fibra de vidro preta s\u00f3lida<br \/>\n4. Rede: Rede sem n\u00f3s de poli\u00e9ster preto de 7 camadas de 1,75\u2033 com encaderna\u00e7\u00e3o em tecido 420D<br \/>\n5. Material da mala de transporte: Tecido oxford 600D<br \/>\n6. Embalagem: Cada conjunto numa caixa de cart\u00e3o K=K, 114\u00d714,8\u00d714,8cm<br \/>\n7. G.W6.2kg, N.W 5.5kg<br \/>\n8. Embalagem: 1 x rede, 4 x tubos met\u00e1licos, 4 x postes, 1 x saco de transporte, 4 x estacas em forma de U, 1 x instru\u00e7\u00f5es A4<\/p>\n<p>\u3010TUDO EM UM PACOTE DE TREINADOR\u3011 7\u2019x7\u2032 Rede de pr\u00e1tica de softball de beisebol + Deluxe Tee (4,20 lbs) + Ball Caddy + 3 Pack Baseballs + Strike Zone Embalados juntos para treinadores, a zona de ataque designada facilita o morcego, perfeito para iniciantes e profissionais praticarem; Esta rede de pr\u00e1tica de beisebol e softball \u00e9 ideal para treinamento familiar e \u00e9 adequada para treinamento em equipe ou solo, fornecer\u00e1 tudo o que voc\u00ea precisa para a configura\u00e7\u00e3o de treinamento ao ar livre, quintal, quintal, gramado ou em qualquer lugar.<br \/>\n\u3010CONFIGURA\u00c7\u00c3O F\u00c1CIL E ULTRA PORT\u00c1TIL\u3011 F\u00e1cil configura\u00e7\u00e3o do 7\u2019x7\u2019 DLX NET, configura-se em menos de 2 minutos. Inclui estacas de a\u00e7o para maior estabilidade. E nossa rede de beisebol \u00e9 montada rapidamente e pode ser embalada em uma bolsa de transporte para f\u00e1cil armazenamento e coloca\u00e7\u00e3o, leve para f\u00e1cil transporte e transporte.<br \/>\n\u3010DELUXE TEE \u3011 \u00d3timo para qualquer sess\u00e3o de rebatidas de trabalho Tee. Funciona para qualquer atleta, o tee de beisebol \u00e9 ajust\u00e1vel em altura de 13,8 \u201da 37,4\u201d para diferentes necessidades. Z\u00edper de atualiza\u00e7\u00e3o e design port\u00e1til, configura-se em segundos, sem necessidade de ferramentas, totalmente dobr\u00e1vel. O caddy de bola de trip\u00e9 est\u00e1vel comporta at\u00e9 50 bolas de beisebol ou 30 softballs, tanto quanto um balde de 5 gal\u00f5es. Altura de 42\u201d, sem necessidade de se dobrar para agarrar uma bola.<\/p>","protected":false},"excerpt":{"rendered":"<p>7\u2019x7\u2032 Rede de pr\u00e1tica de softball de beisebol + Deluxe Tee (4,20 lbs) + Ball Caddy + 3 Pack Baseballs + Strike Zone Embalados juntos para treinadores, a zona de ataque designada facilita o bast\u00e3o, perfeito para iniciantes e profissionais praticarem; Esta rede de pr\u00e1tica de beisebol e softball \u00e9 ideal para treinamento familiar e \u00e9 adequada para treinamento em equipe ou solo, fornecer\u00e1 tudo o que voc\u00ea precisa para a configura\u00e7\u00e3o do treinamento ao ar livre, quintal, quintal, gramado ou em qualquer lugar.<\/p>","protected":false},"featured_media":1430,"template":"","meta":{"_gspb_post_css":""},"product_brand":[],"product_cat":[25],"product_tag":[28],"class_list":{"0":"post-571","1":"product","2":"type-product","3":"status-publish","4":"has-post-thumbnail","6":"product_cat-baseball-net","7":"product_tag-baseball-net","9":"first","10":"instock","11":"shipping-taxable","12":"product-type-simple"},"_links":{"self":[{"href":"https:\/\/fsportsnet.com\/pt\/wp-json\/wp\/v2\/product\/571","targetHints":{"allow":["GET"]}}],"collection":[{"href":"https:\/\/fsportsnet.com\/pt\/wp-json\/wp\/v2\/product"}],"about":[{"href":"https:\/\/fsportsnet.com\/pt\/wp-json\/wp\/v2\/types\/product"}],"wp:featuredmedia":[{"embeddable":true,"href":"https:\/\/fsportsnet.com\/pt\/wp-json\/wp\/v2\/media\/1430"}],"wp:attachment":[{"href":"https:\/\/fsportsnet.com\/pt\/wp-json\/wp\/v2\/media?parent=571"}],"wp:term":[{"taxonomy":"product_brand","embeddable":true,"href":"https:\/\/fsportsnet.com\/pt\/wp-json\/wp\/v2\/product_brand?post=571"},{"taxonomy":"product_cat","embeddable":true,"href":"https:\/\/fsportsnet.com\/pt\/wp-json\/wp\/v2\/product_cat?post=571"},{"taxonomy":"product_tag","embeddable":true,"href":"https:\/\/fsportsnet.com\/pt\/wp-json\/wp\/v2\/product_tag?post=571"}],"curies":[{"name":"wp","href":"https:\/\/api.w.org\/{rel}","templated":true}]}}