{"id":659,"date":"2023-04-05T22:52:32","date_gmt":"2023-04-05T14:52:32","guid":{"rendered":"https:\/\/fsportsnet.com\/?post_type=product&#038;p=659"},"modified":"2023-04-05T22:54:35","modified_gmt":"2023-04-05T14:54:35","slug":"7x7-baseball-practice-hitting-net","status":"publish","type":"product","link":"https:\/\/fsportsnet.com\/pt\/product\/7x7-baseball-practice-hitting-net\/","title":{"rendered":"Rede de batida para treino de basebol 7X7"},"content":{"rendered":"<ul>\n<li>Tamanho: 5x5 p\u00e9s, 6x6 p\u00e9s, 7x7 p\u00e9s, 8x8 p\u00e9s<\/li>\n<li>Rede de poli\u00e9ster sem n\u00f3s: 5 camadas 1.75\u2033, 7 camadas 1.75\u2033<\/li>\n<li>Tubo de a\u00e7o: \u03a625.4mm<\/li>\n<li>Espessura: 1,0 mm, 1,2 mm<\/li>\n<li>Fibra de vidro: \u03a612.7mm, \u03a614mm, \u03a616mm<\/li>\n<li>Encaderna\u00e7\u00e3o em tecido: 420D, 600D<\/li>\n<\/ul>","protected":false},"excerpt":{"rendered":"<p>Rede de treino de basebol e softbol 7*7 p\u00e9s Rede de treino de batimento port\u00e1til com saco de transporte e estrutura met\u00e1lica<\/p>","protected":false},"featured_media":663,"template":"","meta":{"_gspb_post_css":""},"product_brand":[],"product_cat":[25],"product_tag":[],"class_list":{"0":"post-659","1":"product","2":"type-product","3":"status-publish","4":"has-post-thumbnail","6":"product_cat-baseball-net","8":"first","9":"instock","10":"shipping-taxable","11":"product-type-simple"},"_links":{"self":[{"href":"https:\/\/fsportsnet.com\/pt\/wp-json\/wp\/v2\/product\/659","targetHints":{"allow":["GET"]}}],"collection":[{"href":"https:\/\/fsportsnet.com\/pt\/wp-json\/wp\/v2\/product"}],"about":[{"href":"https:\/\/fsportsnet.com\/pt\/wp-json\/wp\/v2\/types\/product"}],"wp:featuredmedia":[{"embeddable":true,"href":"https:\/\/fsportsnet.com\/pt\/wp-json\/wp\/v2\/media\/663"}],"wp:attachment":[{"href":"https:\/\/fsportsnet.com\/pt\/wp-json\/wp\/v2\/media?parent=659"}],"wp:term":[{"taxonomy":"product_brand","embeddable":true,"href":"https:\/\/fsportsnet.com\/pt\/wp-json\/wp\/v2\/product_brand?post=659"},{"taxonomy":"product_cat","embeddable":true,"href":"https:\/\/fsportsnet.com\/pt\/wp-json\/wp\/v2\/product_cat?post=659"},{"taxonomy":"product_tag","embeddable":true,"href":"https:\/\/fsportsnet.com\/pt\/wp-json\/wp\/v2\/product_tag?post=659"}],"curies":[{"name":"wp","href":"https:\/\/api.w.org\/{rel}","templated":true}]}}