{"id":725,"date":"2023-04-06T11:57:16","date_gmt":"2023-04-06T03:57:16","guid":{"rendered":"https:\/\/fsportsnet.com\/?post_type=product&#038;p=725"},"modified":"2023-04-06T11:57:16","modified_gmt":"2023-04-06T03:57:16","slug":"football-trainer-throwing-net-ft-002","status":"publish","type":"product","link":"https:\/\/fsportsnet.com\/pt\/product\/football-trainer-throwing-net-ft-002\/","title":{"rendered":"Rede de lan\u00e7amento para treinadores de futebol FT-002"},"content":{"rendered":"<h4 id=\"title\" class=\"a-size-large a-spacing-none\"><span id=\"productTitle\" class=\"a-size-large product-title-word-break\">Rede de lan\u00e7amento para treinadores de futebol - Escolha entre redes de 8 p\u00e9s x 8 p\u00e9s, 7 p\u00e9s x 7 p\u00e9s, 6 p\u00e9s x 6 p\u00e9s - Melhora a precis\u00e3o de lan\u00e7amento do QB - Inclui estrutura de arco dobr\u00e1vel e mala de transporte port\u00e1til<\/span><\/h4>","protected":false},"excerpt":{"rendered":"<p>1. Tamanho total: 7 x 7 p\u00e9s<br \/>\n2. Quadro: \u03a622mm dia 0.8mm espessura tubo de ferro pintado de preto<br \/>\n3. P\u00f3lo: \u03a69.5mm fibra de vidro preta<br \/>\n4. Rede: Rede sem n\u00f3s de poli\u00e9ster preto de 3 camadas de 1,5\u2033 com encaderna\u00e7\u00e3o em tecido 210D<br \/>\n5. Mala de transporte\/Saco de areia: tecido oxford 420D<\/p>","protected":false},"featured_media":689,"template":"","meta":{"_gspb_post_css":""},"product_brand":[],"product_cat":[30],"product_tag":[],"class_list":{"0":"post-725","1":"product","2":"type-product","3":"status-publish","4":"has-post-thumbnail","6":"product_cat-football-goal","8":"first","9":"instock","10":"shipping-taxable","11":"product-type-simple"},"_links":{"self":[{"href":"https:\/\/fsportsnet.com\/pt\/wp-json\/wp\/v2\/product\/725","targetHints":{"allow":["GET"]}}],"collection":[{"href":"https:\/\/fsportsnet.com\/pt\/wp-json\/wp\/v2\/product"}],"about":[{"href":"https:\/\/fsportsnet.com\/pt\/wp-json\/wp\/v2\/types\/product"}],"wp:featuredmedia":[{"embeddable":true,"href":"https:\/\/fsportsnet.com\/pt\/wp-json\/wp\/v2\/media\/689"}],"wp:attachment":[{"href":"https:\/\/fsportsnet.com\/pt\/wp-json\/wp\/v2\/media?parent=725"}],"wp:term":[{"taxonomy":"product_brand","embeddable":true,"href":"https:\/\/fsportsnet.com\/pt\/wp-json\/wp\/v2\/product_brand?post=725"},{"taxonomy":"product_cat","embeddable":true,"href":"https:\/\/fsportsnet.com\/pt\/wp-json\/wp\/v2\/product_cat?post=725"},{"taxonomy":"product_tag","embeddable":true,"href":"https:\/\/fsportsnet.com\/pt\/wp-json\/wp\/v2\/product_tag?post=725"}],"curies":[{"name":"wp","href":"https:\/\/api.w.org\/{rel}","templated":true}]}}