{"id":728,"date":"2023-04-06T12:00:49","date_gmt":"2023-04-06T04:00:49","guid":{"rendered":"https:\/\/fsportsnet.com\/?post_type=product&#038;p=728"},"modified":"2023-04-08T21:36:26","modified_gmt":"2023-04-08T13:36:26","slug":"fsports-football-trainer-throwing-net-ft-001","status":"publish","type":"product","link":"https:\/\/fsportsnet.com\/pt\/product\/fsports-football-trainer-throwing-net-ft-001\/","title":{"rendered":"Fsports Football Trainer Rede de lan\u00e7amento FT-001"},"content":{"rendered":"<ul class=\"a-unordered-list a-vertical a-spacing-mini\">\n<li><span class=\"a-list-item\">O MELHOR AUXILIAR DE TREINO: A rede de treino perfeita para jogadores de futebol de todos os n\u00edveis, para exerc\u00edcios de encaixe, lan\u00e7amento, passe curto, passe longo e muito mais!<\/span><\/li>\n<li><span class=\"a-list-item\">REDE DE LAN\u00c7AMENTO: Rede de treino QB de 6 p\u00e9s x 6 p\u00e9s com 3 bolsos de alvo que simulam \u00e1reas de rece\u00e7\u00e3o privilegiadas<\/span><\/li>\n<li><span class=\"a-list-item\">MELHORAR A PRECIS\u00c3O: Desenvolve as capacidades do quarterback e do jogador em acertar no local onde se encontra com os passes para melhorar as percentagens de conclus\u00e3o no jogo<\/span><\/li>\n<li><span class=\"a-list-item\">MONTAGEM R\u00c1PIDA: Estrutura dobr\u00e1vel refor\u00e7ada tipo arco com rede de poli\u00e9ster de alta densidade e mala de transporte port\u00e1til; \u00d3timo para jogadores de futebol, treinadores e acampamentos<\/span><\/li>\n<\/ul>","protected":false},"excerpt":{"rendered":"<p id=\"title\" class=\"a-size-large a-spacing-none\"><span id=\"productTitle\" class=\"a-size-large product-title-word-break\">Escolha entre redes de 8 p\u00e9s x 8 p\u00e9s ou 6 p\u00e9s x 6 p\u00e9s - Melhora a precis\u00e3o de lan\u00e7amento do QB - Inclui estrutura de arco dobr\u00e1vel e mala de transporte port\u00e1til<\/span><\/p>","protected":false},"featured_media":703,"template":"","meta":{"_gspb_post_css":""},"product_brand":[],"product_cat":[30],"product_tag":[],"class_list":{"0":"post-728","1":"product","2":"type-product","3":"status-publish","4":"has-post-thumbnail","6":"product_cat-football-goal","8":"first","9":"instock","10":"shipping-taxable","11":"product-type-simple"},"_links":{"self":[{"href":"https:\/\/fsportsnet.com\/pt\/wp-json\/wp\/v2\/product\/728","targetHints":{"allow":["GET"]}}],"collection":[{"href":"https:\/\/fsportsnet.com\/pt\/wp-json\/wp\/v2\/product"}],"about":[{"href":"https:\/\/fsportsnet.com\/pt\/wp-json\/wp\/v2\/types\/product"}],"wp:featuredmedia":[{"embeddable":true,"href":"https:\/\/fsportsnet.com\/pt\/wp-json\/wp\/v2\/media\/703"}],"wp:attachment":[{"href":"https:\/\/fsportsnet.com\/pt\/wp-json\/wp\/v2\/media?parent=728"}],"wp:term":[{"taxonomy":"product_brand","embeddable":true,"href":"https:\/\/fsportsnet.com\/pt\/wp-json\/wp\/v2\/product_brand?post=728"},{"taxonomy":"product_cat","embeddable":true,"href":"https:\/\/fsportsnet.com\/pt\/wp-json\/wp\/v2\/product_cat?post=728"},{"taxonomy":"product_tag","embeddable":true,"href":"https:\/\/fsportsnet.com\/pt\/wp-json\/wp\/v2\/product_tag?post=728"}],"curies":[{"name":"wp","href":"https:\/\/api.w.org\/{rel}","templated":true}]}}