{"id":732,"date":"2023-04-06T12:04:15","date_gmt":"2023-04-06T04:04:15","guid":{"rendered":"https:\/\/fsportsnet.com\/?post_type=product&#038;p=732"},"modified":"2023-04-06T12:04:15","modified_gmt":"2023-04-06T04:04:15","slug":"disc-golf-net-football-net-ft-006","status":"publish","type":"product","link":"https:\/\/fsportsnet.com\/pt\/product\/disc-golf-net-football-net-ft-006\/","title":{"rendered":"Rede de golfe de disco Rede de futebol FT-006"},"content":{"rendered":"<p>1. Tamanho total: 7 x 7 p\u00e9s<br \/>\n2. Estrutura: \u03a625.4mm dia 1.0mm espessura tubo de ferro pintado de preto<br \/>\n3. P\u00f3lo: \u03a62.7mm fibra de vidro preta<br \/>\n4. Rede: Rede sem n\u00f3s de poli\u00e9ster preto de 5 camadas de 1,75\u2033 com encaderna\u00e7\u00e3o em tecido 420D<br \/>\n5. Mala de transporte\/Saco de areia: tecido oxford 600D<br \/>\n6. Inclui 1 arma\u00e7\u00e3o de jogo, 1 rede de jogo, 1 alvo de jogo, 9 n\u00fameros de alvo<\/p>","protected":false},"excerpt":{"rendered":"<h5 id=\"title\" class=\"a-size-large a-spacing-none\"><span id=\"productTitle\" class=\"a-size-large product-title-word-break\">\u00a0Rede port\u00e1til de golfe de disco e rede de lan\u00e7amento de treinador de futebol, rede sem n\u00f3s de 7 p\u00e9s x 7 p\u00e9s para melhorar a precis\u00e3o de lan\u00e7amento do QB com 9 bolsos de alvo, com bolsa de transporte\u00a0<\/span><\/h5>","protected":false},"featured_media":688,"template":"","meta":{"_gspb_post_css":""},"product_brand":[],"product_cat":[30],"product_tag":[],"class_list":{"0":"post-732","1":"product","2":"type-product","3":"status-publish","4":"has-post-thumbnail","6":"product_cat-football-goal","8":"first","9":"instock","10":"shipping-taxable","11":"product-type-simple"},"_links":{"self":[{"href":"https:\/\/fsportsnet.com\/pt\/wp-json\/wp\/v2\/product\/732","targetHints":{"allow":["GET"]}}],"collection":[{"href":"https:\/\/fsportsnet.com\/pt\/wp-json\/wp\/v2\/product"}],"about":[{"href":"https:\/\/fsportsnet.com\/pt\/wp-json\/wp\/v2\/types\/product"}],"wp:featuredmedia":[{"embeddable":true,"href":"https:\/\/fsportsnet.com\/pt\/wp-json\/wp\/v2\/media\/688"}],"wp:attachment":[{"href":"https:\/\/fsportsnet.com\/pt\/wp-json\/wp\/v2\/media?parent=732"}],"wp:term":[{"taxonomy":"product_brand","embeddable":true,"href":"https:\/\/fsportsnet.com\/pt\/wp-json\/wp\/v2\/product_brand?post=732"},{"taxonomy":"product_cat","embeddable":true,"href":"https:\/\/fsportsnet.com\/pt\/wp-json\/wp\/v2\/product_cat?post=732"},{"taxonomy":"product_tag","embeddable":true,"href":"https:\/\/fsportsnet.com\/pt\/wp-json\/wp\/v2\/product_tag?post=732"}],"curies":[{"name":"wp","href":"https:\/\/api.w.org\/{rel}","templated":true}]}}