{"id":735,"date":"2023-04-06T13:59:50","date_gmt":"2023-04-06T05:59:50","guid":{"rendered":"https:\/\/fsportsnet.com\/?post_type=product&#038;p=735"},"modified":"2023-04-06T14:03:29","modified_gmt":"2023-04-06T06:03:29","slug":"multi-sports-net-football-throwing-net12ft-ft-007","status":"publish","type":"product","link":"https:\/\/fsportsnet.com\/pt\/product\/multi-sports-net-football-throwing-net12ft-ft-007\/","title":{"rendered":"Rede Multi Sports Net Rede de lan\u00e7amento de futebol12 p\u00e9s FT-007"},"content":{"rendered":"<p>1. Tamanho: 12x8 p\u00e9s<br \/>\n2. Rede: Rede sem n\u00f3s de poli\u00e9ster de 5 camadas de 1,75<br \/>\n3. Material: Tubo \u03a631.8mm+1.0mm<br \/>\n4. Vidro de abeto: \u03a614mm<br \/>\n5. Tecido: tecido oxford 600D<br \/>\n6. Saco: tecido 600D oxford+PVC<br \/>\n7. Embalagem: 1 conjunto em 1carrybag \uff0c 1 conjunto em 1 caixa, 20,5 \u00d7 14,5 \u00d7 111,5 cm<\/p>","protected":false},"excerpt":{"rendered":"<p>Rede de treino perfeita para jogadores de futebol de todas as capacidades para exerc\u00edcios de encaixe, lan\u00e7amento, passe curto, passe longo e muito mais!<\/p>","protected":false},"featured_media":738,"template":"","meta":{"_gspb_post_css":""},"product_brand":[],"product_cat":[30],"product_tag":[],"class_list":{"0":"post-735","1":"product","2":"type-product","3":"status-publish","4":"has-post-thumbnail","6":"product_cat-football-goal","8":"first","9":"instock","10":"shipping-taxable","11":"product-type-simple"},"_links":{"self":[{"href":"https:\/\/fsportsnet.com\/pt\/wp-json\/wp\/v2\/product\/735","targetHints":{"allow":["GET"]}}],"collection":[{"href":"https:\/\/fsportsnet.com\/pt\/wp-json\/wp\/v2\/product"}],"about":[{"href":"https:\/\/fsportsnet.com\/pt\/wp-json\/wp\/v2\/types\/product"}],"wp:featuredmedia":[{"embeddable":true,"href":"https:\/\/fsportsnet.com\/pt\/wp-json\/wp\/v2\/media\/738"}],"wp:attachment":[{"href":"https:\/\/fsportsnet.com\/pt\/wp-json\/wp\/v2\/media?parent=735"}],"wp:term":[{"taxonomy":"product_brand","embeddable":true,"href":"https:\/\/fsportsnet.com\/pt\/wp-json\/wp\/v2\/product_brand?post=735"},{"taxonomy":"product_cat","embeddable":true,"href":"https:\/\/fsportsnet.com\/pt\/wp-json\/wp\/v2\/product_cat?post=735"},{"taxonomy":"product_tag","embeddable":true,"href":"https:\/\/fsportsnet.com\/pt\/wp-json\/wp\/v2\/product_tag?post=735"}],"curies":[{"name":"wp","href":"https:\/\/api.w.org\/{rel}","templated":true}]}}