{"id":748,"date":"2023-04-06T15:55:48","date_gmt":"2023-04-06T07:55:48","guid":{"rendered":"https:\/\/fsportsnet.com\/?post_type=product&#038;p=748"},"modified":"2023-04-06T15:58:23","modified_gmt":"2023-04-06T07:58:23","slug":"innovations-portable-football-training-net-ft-009","status":"publish","type":"product","link":"https:\/\/fsportsnet.com\/pt\/product\/innovations-portable-football-training-net-ft-009\/","title":{"rendered":"Rede de treino de futebol port\u00e1til FT-009 Innovations"},"content":{"rendered":"<p>1. Tamanho total: 7x7 p\u00e9s<br \/>\n2. Estrutura: \u03a625.4 dia 1.0mm espessura tubo de ferro pintado de preto<br \/>\n3. P\u00f3lo: \u03a612.7mm fibra de vidro preta<br \/>\n4. Rede: Rede sem n\u00f3s de poli\u00e9ster preto de 5 camadas de 1,75\u2033 com encaderna\u00e7\u00e3o em tecido 420D<br \/>\n5. Mala de transporte\/Saco de areia: tecido oxford 420D<br \/>\n6. Embalagem: Cada conjunto numa caixa de cart\u00e3o K=K, 114\u00d714,8\u00d714,8cm<\/p>","protected":false},"excerpt":{"rendered":"<ul class=\"a-unordered-list a-vertical a-spacing-mini\">\n<li><span class=\"a-list-item\">A rede mede 6,9\u2019L x 6,9\u2019W x 2,5\u2019H e \u00e9 fornecida com um saco de transporte<\/span><\/li>\n<li><span class=\"a-list-item\">A estrutura \u00e9 feita de a\u00e7o dur\u00e1vel e as bielas s\u00e3o de fibra de vidro<\/span><\/li>\n<li><span class=\"a-list-item\">Inclui 5 alvos de passagem incorporados para melhorar a precis\u00e3o<\/span><\/li>\n<li><span class=\"a-list-item\">A rede \u00e9 de 5 camadas dur\u00e1vel, feita para durar<\/span><\/li>\n<li><span class=\"a-list-item\">Por Fsports Innovations<\/span><\/li>\n<\/ul>","protected":false},"featured_media":717,"template":"","meta":{"_gspb_post_css":""},"product_brand":[],"product_cat":[30],"product_tag":[],"class_list":{"0":"post-748","1":"product","2":"type-product","3":"status-publish","4":"has-post-thumbnail","6":"product_cat-football-goal","8":"first","9":"instock","10":"shipping-taxable","11":"product-type-simple"},"_links":{"self":[{"href":"https:\/\/fsportsnet.com\/pt\/wp-json\/wp\/v2\/product\/748","targetHints":{"allow":["GET"]}}],"collection":[{"href":"https:\/\/fsportsnet.com\/pt\/wp-json\/wp\/v2\/product"}],"about":[{"href":"https:\/\/fsportsnet.com\/pt\/wp-json\/wp\/v2\/types\/product"}],"wp:featuredmedia":[{"embeddable":true,"href":"https:\/\/fsportsnet.com\/pt\/wp-json\/wp\/v2\/media\/717"}],"wp:attachment":[{"href":"https:\/\/fsportsnet.com\/pt\/wp-json\/wp\/v2\/media?parent=748"}],"wp:term":[{"taxonomy":"product_brand","embeddable":true,"href":"https:\/\/fsportsnet.com\/pt\/wp-json\/wp\/v2\/product_brand?post=748"},{"taxonomy":"product_cat","embeddable":true,"href":"https:\/\/fsportsnet.com\/pt\/wp-json\/wp\/v2\/product_cat?post=748"},{"taxonomy":"product_tag","embeddable":true,"href":"https:\/\/fsportsnet.com\/pt\/wp-json\/wp\/v2\/product_tag?post=748"}],"curies":[{"name":"wp","href":"https:\/\/api.w.org\/{rel}","templated":true}]}}