{"id":751,"date":"2023-04-06T16:02:19","date_gmt":"2023-04-06T08:02:19","guid":{"rendered":"https:\/\/fsportsnet.com\/?post_type=product&#038;p=751"},"modified":"2023-04-06T16:11:09","modified_gmt":"2023-04-06T08:11:09","slug":"football-kicking-cage-football-net-ft-010","status":"publish","type":"product","link":"https:\/\/fsportsnet.com\/pt\/product\/football-kicking-cage-football-net-ft-010\/","title":{"rendered":"Gaiola de chuto para futebol Rede de futebol FT-010"},"content":{"rendered":"<p>1. Tamanho total: 7 x 4 p\u00e9s<br \/>\n2. Quadro: \u03a61\u2033 di\u00e2metro 1,2mm espessura tubo de ferro pintado de preto<br \/>\n3. P\u00f3lo: \u03a612.7mm fibra de vidro preta s\u00f3lida<br \/>\n4. Rede: Rede sem n\u00f3s de poli\u00e9ster preto de 7 camadas de 1,75\u2033 com encaderna\u00e7\u00e3o em tecido 420D<br \/>\n5. Mala de transporte\/Saco de areia: tecido oxford 600D<br \/>\n6. Embalagem: Cada conjunto numa caixa de cart\u00e3o K=K, 114\u00d714,8\u00d714,8cm, G.W6,8kg, N.W 5,8kg<\/p>","protected":false},"excerpt":{"rendered":"<p id=\"title\" class=\"a-size-large a-spacing-none\"><span id=\"productTitle\" class=\"a-size-large product-title-word-break\">Gaiola de chute de futebol, rede de futebol, rede de arremesso de futebol, rede de alvo de futebol, equipamento de treinamento de futebol para quintal, esportes m\u00faltiplos dispon\u00edveis (tamanho opcional)<\/span><\/p>","protected":false},"featured_media":723,"template":"","meta":{"_gspb_post_css":""},"product_brand":[],"product_cat":[30],"product_tag":[],"class_list":{"0":"post-751","1":"product","2":"type-product","3":"status-publish","4":"has-post-thumbnail","6":"product_cat-football-goal","8":"first","9":"instock","10":"shipping-taxable","11":"product-type-simple"},"_links":{"self":[{"href":"https:\/\/fsportsnet.com\/pt\/wp-json\/wp\/v2\/product\/751","targetHints":{"allow":["GET"]}}],"collection":[{"href":"https:\/\/fsportsnet.com\/pt\/wp-json\/wp\/v2\/product"}],"about":[{"href":"https:\/\/fsportsnet.com\/pt\/wp-json\/wp\/v2\/types\/product"}],"wp:featuredmedia":[{"embeddable":true,"href":"https:\/\/fsportsnet.com\/pt\/wp-json\/wp\/v2\/media\/723"}],"wp:attachment":[{"href":"https:\/\/fsportsnet.com\/pt\/wp-json\/wp\/v2\/media?parent=751"}],"wp:term":[{"taxonomy":"product_brand","embeddable":true,"href":"https:\/\/fsportsnet.com\/pt\/wp-json\/wp\/v2\/product_brand?post=751"},{"taxonomy":"product_cat","embeddable":true,"href":"https:\/\/fsportsnet.com\/pt\/wp-json\/wp\/v2\/product_cat?post=751"},{"taxonomy":"product_tag","embeddable":true,"href":"https:\/\/fsportsnet.com\/pt\/wp-json\/wp\/v2\/product_tag?post=751"}],"curies":[{"name":"wp","href":"https:\/\/api.w.org\/{rel}","templated":true}]}}