{"id":758,"date":"2023-04-06T16:28:52","date_gmt":"2023-04-06T08:28:52","guid":{"rendered":"https:\/\/fsportsnet.com\/?post_type=product&#038;p=758"},"modified":"2023-04-06T16:28:52","modified_gmt":"2023-04-06T08:28:52","slug":"8-ft-x-4-ft-football-training-vertical-target-net-ft-012","status":"publish","type":"product","link":"https:\/\/fsportsnet.com\/pt\/product\/8-ft-x-4-ft-football-training-vertical-target-net-ft-012\/","title":{"rendered":"Rede de alvo vertical para treino de futebol de 8 p\u00e9s x 4 p\u00e9s FT-012"},"content":{"rendered":"<p>1. Tamanho total: 8 x 4 p\u00e9s<br \/>\n2. Estrutura: \u03a625.4 dia 1.0mm espessura tubo de ferro pintado de preto<br \/>\n3. P\u00f3lo: \u03a612.7mm fibra de vidro preta<br \/>\n4. Rede: Rede sem n\u00f3s de poli\u00e9ster preto de 5 camadas de 1,75\u2033 com encaderna\u00e7\u00e3o em tecido 420D<br \/>\n5. Mala de transporte\/Saco de areia: tecido oxford 420D<br \/>\n6. Embalagem: Cada conjunto numa caixa de cart\u00e3o K=K, 114\u00d714,8\u00d714,8cm<\/p>","protected":false},"excerpt":{"rendered":"<p id=\"title\" class=\"a-size-large a-spacing-none\"><span id=\"productTitle\" class=\"a-size-large product-title-word-break\">Rede de alvo vertical para treino de futebol de 8 p\u00e9s x 4 p\u00e9s, melhora a precis\u00e3o de lan\u00e7amento do QB - Inclui estrutura de arco dobr\u00e1vel e mala de transporte port\u00e1til<\/span><\/p>","protected":false},"featured_media":720,"template":"","meta":{"_gspb_post_css":""},"product_brand":[],"product_cat":[30],"product_tag":[],"class_list":{"0":"post-758","1":"product","2":"type-product","3":"status-publish","4":"has-post-thumbnail","6":"product_cat-football-goal","8":"first","9":"instock","10":"shipping-taxable","11":"product-type-simple"},"_links":{"self":[{"href":"https:\/\/fsportsnet.com\/pt\/wp-json\/wp\/v2\/product\/758","targetHints":{"allow":["GET"]}}],"collection":[{"href":"https:\/\/fsportsnet.com\/pt\/wp-json\/wp\/v2\/product"}],"about":[{"href":"https:\/\/fsportsnet.com\/pt\/wp-json\/wp\/v2\/types\/product"}],"wp:featuredmedia":[{"embeddable":true,"href":"https:\/\/fsportsnet.com\/pt\/wp-json\/wp\/v2\/media\/720"}],"wp:attachment":[{"href":"https:\/\/fsportsnet.com\/pt\/wp-json\/wp\/v2\/media?parent=758"}],"wp:term":[{"taxonomy":"product_brand","embeddable":true,"href":"https:\/\/fsportsnet.com\/pt\/wp-json\/wp\/v2\/product_brand?post=758"},{"taxonomy":"product_cat","embeddable":true,"href":"https:\/\/fsportsnet.com\/pt\/wp-json\/wp\/v2\/product_cat?post=758"},{"taxonomy":"product_tag","embeddable":true,"href":"https:\/\/fsportsnet.com\/pt\/wp-json\/wp\/v2\/product_tag?post=758"}],"curies":[{"name":"wp","href":"https:\/\/api.w.org\/{rel}","templated":true}]}}