{"id":761,"date":"2023-04-06T16:43:36","date_gmt":"2023-04-06T08:43:36","guid":{"rendered":"https:\/\/fsportsnet.com\/?post_type=product&#038;p=761"},"modified":"2023-04-06T16:49:32","modified_gmt":"2023-04-06T08:49:32","slug":"baseball-softball-pitching-batting-training-net-bs-005","status":"publish","type":"product","link":"https:\/\/fsportsnet.com\/pt\/product\/baseball-softball-pitching-batting-training-net-bs-005\/","title":{"rendered":"Rede de treino para lan\u00e7amento de bolas de basebol e softbol BS-005"},"content":{"rendered":"<p>1. Tamanho total: 7 x 7\u2032<br \/>\n2. Estrutura: Tubo de ferro pintado de preto com 1\u2033 de di\u00e2metro e 1,0 mm de espessura<br \/>\n3. P\u00f3lo: \u03a612.7mm fibra de vidro preta s\u00f3lida<br \/>\n4. Rede: Rede sem n\u00f3s de poli\u00e9ster preto de 7 camadas de 1,75\u2033 com encaderna\u00e7\u00e3o em tecido 420D<br \/>\n5. Material da mala de transporte: 600D PU com tecido oxford de PVC<br \/>\n6. Embalagem: Cada conjunto numa caixa de cart\u00e3o K=K, 114\u00d714,8\u00d714,8cm, G.W6kg, N.W 5,5kg<\/p>","protected":false},"excerpt":{"rendered":"<p>A NET de 7\u2019x7\u2019 \u00e9 f\u00e1cil de montar em menos de 2 minutos. Inclui estacas de a\u00e7o para maior estabilidade. A nossa rede de basebol \u00e9 montada rapidamente e pode ser embalada num saco de transporte para facilitar a arruma\u00e7\u00e3o e a coloca\u00e7\u00e3o, sendo leve para facilitar o transporte.<\/p>","protected":false},"featured_media":764,"template":"","meta":{"_gspb_post_css":""},"product_brand":[],"product_cat":[25],"product_tag":[],"class_list":{"0":"post-761","1":"product","2":"type-product","3":"status-publish","4":"has-post-thumbnail","6":"product_cat-baseball-net","8":"first","9":"instock","10":"shipping-taxable","11":"product-type-simple"},"_links":{"self":[{"href":"https:\/\/fsportsnet.com\/pt\/wp-json\/wp\/v2\/product\/761","targetHints":{"allow":["GET"]}}],"collection":[{"href":"https:\/\/fsportsnet.com\/pt\/wp-json\/wp\/v2\/product"}],"about":[{"href":"https:\/\/fsportsnet.com\/pt\/wp-json\/wp\/v2\/types\/product"}],"wp:featuredmedia":[{"embeddable":true,"href":"https:\/\/fsportsnet.com\/pt\/wp-json\/wp\/v2\/media\/764"}],"wp:attachment":[{"href":"https:\/\/fsportsnet.com\/pt\/wp-json\/wp\/v2\/media?parent=761"}],"wp:term":[{"taxonomy":"product_brand","embeddable":true,"href":"https:\/\/fsportsnet.com\/pt\/wp-json\/wp\/v2\/product_brand?post=761"},{"taxonomy":"product_cat","embeddable":true,"href":"https:\/\/fsportsnet.com\/pt\/wp-json\/wp\/v2\/product_cat?post=761"},{"taxonomy":"product_tag","embeddable":true,"href":"https:\/\/fsportsnet.com\/pt\/wp-json\/wp\/v2\/product_tag?post=761"}],"curies":[{"name":"wp","href":"https:\/\/api.w.org\/{rel}","templated":true}]}}