{"id":784,"date":"2023-04-06T21:03:44","date_gmt":"2023-04-06T13:03:44","guid":{"rendered":"https:\/\/fsportsnet.com\/?post_type=product&#038;p=784"},"modified":"2023-04-07T11:57:09","modified_gmt":"2023-04-07T03:57:09","slug":"784","status":"publish","type":"product","link":"https:\/\/fsportsnet.com\/pt\/product\/784\/","title":{"rendered":"Rede de treino de basebol e softbol"},"content":{"rendered":"<p id=\"title\" class=\"a-size-large a-spacing-none\"><span id=\"productTitle\" class=\"a-size-large product-title-word-break\">Rede de treino de basebol e softbol 5\u00d75 p\u00e9s, rede de treino de batimento port\u00e1til 7x7 p\u00e9s com pacote de zona alvo, bolas de treino ponderadas e saco de transporte<\/span><\/p>\n<p>1. Tamanho total: 7 x 7\u2032<br \/>\n2. Estrutura: Tubo de ferro pintado de preto com 1\u2033 de di\u00e2metro e 1,0 mm de espessura<br \/>\n3. P\u00f3lo: \u03a612.7mm fibra de vidro preta s\u00f3lida<br \/>\n4. Rede: Rede sem n\u00f3s de poli\u00e9ster preto de 7 camadas de 1,75\u2033 com encaderna\u00e7\u00e3o em tecido 420D<br \/>\n5. Material da mala de transporte: 600D PU com tecido oxford de PVC<br \/>\n6. Embalagem: Cada conjunto numa caixa de cart\u00e3o K=K, 114\u00d714,8\u00d714,8cm, G.W6kg, N.W 5,5kg<br \/>\n7. Embalagem: 1 x rede, 4 x tubos met\u00e1licos, 4 x postes, 1 x saco de transporte, 4 x estacas em forma de U, 1 x instru\u00e7\u00f5es A4<\/p>\n<ul class=\"a-unordered-list a-vertical a-spacing-mini\">\n<li><span class=\"a-list-item\">DURABILIDADE COMPROVADA: 2 X rede de dupla espessura, estrutura pesada e robusta. O aumento da espessura acrescenta rigidez e peso para uma maior estabilidade ao bater na rede.<\/span><\/li>\n<li><span class=\"a-list-item\">PARE DE PERSEGUIR BOLAS PELO JARDIM: O nosso design dobr\u00e1vel \u00fanico torna a rede f\u00e1cil de montar para que possa come\u00e7ar a praticar em minutos e perder menos tempo a perseguir bolas.<\/span><\/li>\n<li><span class=\"a-list-item\">PERFEITO PARA O DESENVOLVIMENTO DE HABILIDADES DE BATER E LAN\u00c7AR: A nossa rede super forte de 7 camadas sem n\u00f3s e o aumento da espessura da estrutura acrescentam rigidez e peso para uma maior estabilidade ao bater e lan\u00e7ar na rede.<\/span><\/li>\n<li><span class=\"a-list-item\">DESMONTAGEM e F\u00c1CIL DE TRANSPORTAR: A rede e a estrutura robustas e est\u00e1veis, mas leves, desmontam-se no saco de transporte inclu\u00eddo para facilitar o transporte e a arruma\u00e7\u00e3o.<\/span><\/li>\n<\/ul>","protected":false},"excerpt":{"rendered":"<p>BS-006<\/p>\n<p>Zona de ataque leve, port\u00e1til e vis\u00edvel de 3 n\u00edveis, as dimens\u00f5es s\u00e3o 7 \u2032 p\u00e9s por 7 \u2032 p\u00e9s de altura.<\/p>","protected":false},"featured_media":768,"template":"","meta":{"_gspb_post_css":""},"product_brand":[],"product_cat":[25],"product_tag":[],"class_list":{"0":"post-784","1":"product","2":"type-product","3":"status-publish","4":"has-post-thumbnail","6":"product_cat-baseball-net","8":"first","9":"instock","10":"shipping-taxable","11":"product-type-simple"},"_links":{"self":[{"href":"https:\/\/fsportsnet.com\/pt\/wp-json\/wp\/v2\/product\/784","targetHints":{"allow":["GET"]}}],"collection":[{"href":"https:\/\/fsportsnet.com\/pt\/wp-json\/wp\/v2\/product"}],"about":[{"href":"https:\/\/fsportsnet.com\/pt\/wp-json\/wp\/v2\/types\/product"}],"wp:featuredmedia":[{"embeddable":true,"href":"https:\/\/fsportsnet.com\/pt\/wp-json\/wp\/v2\/media\/768"}],"wp:attachment":[{"href":"https:\/\/fsportsnet.com\/pt\/wp-json\/wp\/v2\/media?parent=784"}],"wp:term":[{"taxonomy":"product_brand","embeddable":true,"href":"https:\/\/fsportsnet.com\/pt\/wp-json\/wp\/v2\/product_brand?post=784"},{"taxonomy":"product_cat","embeddable":true,"href":"https:\/\/fsportsnet.com\/pt\/wp-json\/wp\/v2\/product_cat?post=784"},{"taxonomy":"product_tag","embeddable":true,"href":"https:\/\/fsportsnet.com\/pt\/wp-json\/wp\/v2\/product_tag?post=784"}],"curies":[{"name":"wp","href":"https:\/\/api.w.org\/{rel}","templated":true}]}}