{"id":857,"date":"2023-04-10T09:56:08","date_gmt":"2023-04-10T01:56:08","guid":{"rendered":"https:\/\/fsportsnet.com\/?post_type=product&#038;p=857"},"modified":"2023-04-10T09:56:09","modified_gmt":"2023-04-10T01:56:09","slug":"baseball-net-l-screen-baseball-pitching-net","status":"publish","type":"product","link":"https:\/\/fsportsnet.com\/pt\/product\/baseball-net-l-screen-baseball-pitching-net\/","title":{"rendered":"Rede de basebol L Screen Rede de lan\u00e7amento de basebol"},"content":{"rendered":"<p id=\"title\" class=\"a-size-large a-spacing-none\"><span id=\"productTitle\" class=\"a-size-large product-title-word-break\">Rede de basebol L-Screen 7ft x 7ft Premium-Grade Pitcher Protetor Screen Rede de basebol L Screen Equipamento de pr\u00e1tica de basebol Rede de lan\u00e7amento de basebol<\/span><\/p>","protected":false},"excerpt":{"rendered":"<p>1. Tamanho total: 7 x 7\u2032<br \/>\n2. Estrutura: Tubo de ferro pintado de preto com 1\u2033 de di\u00e2metro e 1,0 mm de espessura<br \/>\n3. P\u00f3lo: \u03a612.7mm fibra de vidro preta s\u00f3lida<br \/>\n4. Rede: Rede sem n\u00f3s de poli\u00e9ster preto de 7 camadas de 1,75\u2033 com encaderna\u00e7\u00e3o em tecido 420D<br \/>\n5. Material da mala de transporte: Tecido oxford 600D PVC<br \/>\n6. Embalagem: Cada conjunto numa caixa de cart\u00e3o K=K, 114\u00d714,8\u00d714,8cm, G.W6kg, N.W 5,5kg<br \/>\n7. Embalagem: 1 x rede, 4 x tubos met\u00e1licos, 4 x postes, 1 x saco de transporte, 4 x estacas em forma de U, 1 x instru\u00e7\u00f5es A4<\/p>","protected":false},"featured_media":773,"template":"","meta":{"_gspb_post_css":""},"product_brand":[],"product_cat":[25],"product_tag":[],"class_list":{"0":"post-857","1":"product","2":"type-product","3":"status-publish","4":"has-post-thumbnail","6":"product_cat-baseball-net","8":"first","9":"instock","10":"shipping-taxable","11":"product-type-simple"},"_links":{"self":[{"href":"https:\/\/fsportsnet.com\/pt\/wp-json\/wp\/v2\/product\/857","targetHints":{"allow":["GET"]}}],"collection":[{"href":"https:\/\/fsportsnet.com\/pt\/wp-json\/wp\/v2\/product"}],"about":[{"href":"https:\/\/fsportsnet.com\/pt\/wp-json\/wp\/v2\/types\/product"}],"wp:featuredmedia":[{"embeddable":true,"href":"https:\/\/fsportsnet.com\/pt\/wp-json\/wp\/v2\/media\/773"}],"wp:attachment":[{"href":"https:\/\/fsportsnet.com\/pt\/wp-json\/wp\/v2\/media?parent=857"}],"wp:term":[{"taxonomy":"product_brand","embeddable":true,"href":"https:\/\/fsportsnet.com\/pt\/wp-json\/wp\/v2\/product_brand?post=857"},{"taxonomy":"product_cat","embeddable":true,"href":"https:\/\/fsportsnet.com\/pt\/wp-json\/wp\/v2\/product_cat?post=857"},{"taxonomy":"product_tag","embeddable":true,"href":"https:\/\/fsportsnet.com\/pt\/wp-json\/wp\/v2\/product_tag?post=857"}],"curies":[{"name":"wp","href":"https:\/\/api.w.org\/{rel}","templated":true}]}}