{"id":861,"date":"2023-04-10T11:03:46","date_gmt":"2023-04-10T03:03:46","guid":{"rendered":"https:\/\/fsportsnet.com\/?post_type=product&#038;p=861"},"modified":"2023-04-10T11:46:09","modified_gmt":"2023-04-10T03:46:09","slug":"baseball-hitting-net-a-type-softball-goal-baseball-practice-net","status":"publish","type":"product","link":"https:\/\/fsportsnet.com\/pt\/product\/baseball-hitting-net-a-type-softball-goal-baseball-practice-net\/","title":{"rendered":"Rede de Batida de Basebol Tipo A Golo de Softbol Rede de Pr\u00e1tica de Basebol"},"content":{"rendered":"<p>1. Tamanho: 7 p\u00e9s A tipo<br \/>\n2. Rede de poli\u00e9ster sem n\u00f3s: 7 camadas 1.75\u2033<br \/>\n3. Tubo de a\u00e7o: \u03a625.4mm<br \/>\n4. Espessura: 1,0 mm<br \/>\n5. Fibra de vidro: \u03a612.7mm<br \/>\n6. Encaderna\u00e7\u00e3o em tecido: 420D<\/p>\n<ul class=\"a-unordered-list a-vertical a-spacing-mini\">\n<li><span class=\"a-list-item\">7 FT X 7 FT A SCREEN: O ecr\u00e3 de lan\u00e7amento de basebol e softbol proporciona uma barreira de seguran\u00e7a que protege os lan\u00e7adores dos lan\u00e7amentos de retorno durante a pr\u00e1tica de batimento; um auxiliar de treino indispens\u00e1vel para treinadores e jogadores de todos os n\u00edveis de aptid\u00e3o<\/span><\/li>\n<li><span class=\"a-list-item\">CONSTRU\u00c7\u00c3O PREMIUM: Possui uma estrutura tipo arco refor\u00e7ada com rede de poli\u00e9ster de alta densidade para m\u00e1xima prote\u00e7\u00e3o<\/span><\/li>\n<li><span class=\"a-list-item\">DESIGN PORT\u00c1TIL: O ecr\u00e3 pesa apenas 11 lbs e inclui uma mala de transporte para facilitar a arruma\u00e7\u00e3o e as viagens<\/span><\/li>\n<li><span class=\"a-list-item\">CONFIGURA\u00c7\u00c3O VERS\u00c1TIL: Acomoda jogadores destros e canhotos; tamb\u00e9m \u00e9 \u00f3ptima para utilizar com uma m\u00e1quina de lan\u00e7amento (\u00e9 necess\u00e1rio um espa\u00e7o de 1,5 p\u00e9s)<\/span><\/li>\n<li><span class=\"a-list-item\">MONTAGEM R\u00c1PIDA: Todo o ecr\u00e3 \u00e9 montado em 3 minutos (n\u00e3o s\u00e3o necess\u00e1rias ferramentas); pode ser facilmente transportado de e para o terreno com uma montagem e desmontagem r\u00e1pidas<\/span><\/li>\n<\/ul>\n<p>&nbsp;<\/p>","protected":false},"excerpt":{"rendered":"<p>Alta qualidade 7FT port\u00e1til dobr\u00e1vel Baseball Hitting Net Softball Goal Baseball Practice Net1. Tamanho: 7 p\u00e9s Um tipo<br \/>\n2. Rede de poli\u00e9ster sem n\u00f3s: 7 camadas 1.75\u2033<br \/>\n3. Tubo de a\u00e7o: \u03a625.4mm<br \/>\n4. Espessura: 1,0 mm<br \/>\n5. Fibra de vidro: \u03a612.7mm<br \/>\n6. Encaderna\u00e7\u00e3o em tecido: 420D<\/p>","protected":false},"featured_media":776,"template":"","meta":{"_gspb_post_css":""},"product_brand":[],"product_cat":[25],"product_tag":[],"class_list":{"0":"post-861","1":"product","2":"type-product","3":"status-publish","4":"has-post-thumbnail","6":"product_cat-baseball-net","8":"first","9":"instock","10":"shipping-taxable","11":"product-type-simple"},"_links":{"self":[{"href":"https:\/\/fsportsnet.com\/pt\/wp-json\/wp\/v2\/product\/861","targetHints":{"allow":["GET"]}}],"collection":[{"href":"https:\/\/fsportsnet.com\/pt\/wp-json\/wp\/v2\/product"}],"about":[{"href":"https:\/\/fsportsnet.com\/pt\/wp-json\/wp\/v2\/types\/product"}],"wp:featuredmedia":[{"embeddable":true,"href":"https:\/\/fsportsnet.com\/pt\/wp-json\/wp\/v2\/media\/776"}],"wp:attachment":[{"href":"https:\/\/fsportsnet.com\/pt\/wp-json\/wp\/v2\/media?parent=861"}],"wp:term":[{"taxonomy":"product_brand","embeddable":true,"href":"https:\/\/fsportsnet.com\/pt\/wp-json\/wp\/v2\/product_brand?post=861"},{"taxonomy":"product_cat","embeddable":true,"href":"https:\/\/fsportsnet.com\/pt\/wp-json\/wp\/v2\/product_cat?post=861"},{"taxonomy":"product_tag","embeddable":true,"href":"https:\/\/fsportsnet.com\/pt\/wp-json\/wp\/v2\/product_tag?post=861"}],"curies":[{"name":"wp","href":"https:\/\/api.w.org\/{rel}","templated":true}]}}