{"id":866,"date":"2023-04-10T11:52:30","date_gmt":"2023-04-10T03:52:30","guid":{"rendered":"https:\/\/fsportsnet.com\/?post_type=product&#038;p=866"},"modified":"2023-04-10T11:52:31","modified_gmt":"2023-04-10T03:52:31","slug":"12-ft-x-9-ft-sports-barrier-net-baseball-practice-hitting-net","status":"publish","type":"product","link":"https:\/\/fsportsnet.com\/pt\/product\/12-ft-x-9-ft-sports-barrier-net-baseball-practice-hitting-net\/","title":{"rendered":"Rede de Barreira Desportiva de 12 p\u00e9s x 9 p\u00e9s Rede de Batida para Pr\u00e1tica de Basebol"},"content":{"rendered":"<ul>\n<li><span class=\"a-list-item\">REDE DE BARREIRA 12\u2019x9\u2032; Esta tela de prote\u00e7\u00e3o port\u00e1til instant\u00e2nea ou backstop \u00e9 \u00f3tima para qualquer esporte; A grande estrutura em estilo arco mant\u00e9m a rede segura e fornece uma grande superf\u00edcie de impacto ou \u00e1rea de prote\u00e7\u00e3o; Perfeito para beisebol, lacrosse, basquete, futebol, h\u00f3quei em campo, softball, h\u00f3quei de rua<\/span><\/li>\n<\/ul>\n<ul class=\"a-unordered-list a-vertical a-spacing-mini\">\n<li><span class=\"a-list-item\">MONTAGEM R\u00c1PIDA E F\u00c1CIL \/ ULTRA PORT\u00c1TIL; A rede \u00e9 montada em menos de 3 minutos; n\u00e3o s\u00e3o necess\u00e1rias ferramentas; inclui estacas no solo para maior estabilidade; as redes podem suportar at\u00e9 os golpes ou remates mais fortes; as redes de barreira desmont\u00e1veis s\u00e3o montadas r\u00e1pida e facilmente para uma montagem sem stress; leves para facilitar a portabilidade e a desloca\u00e7\u00e3o pelo campo para diferentes \u00e1reas durante as sess\u00f5es de treino; desmontam-se para caberem no saco de transporte para facilitar a arruma\u00e7\u00e3o a longo prazo e a portabilidade em quase todos os ve\u00edculos<\/span><\/li>\n<li><span class=\"a-list-item\">DUR\u00c1VEL; A nossa rede foi concebida para aguentar o abuso dos golpes, lan\u00e7amentos e disparos mais dif\u00edceis; a estrutura de a\u00e7o e os postes flex\u00edveis de fibra de vidro proporcionam uma base est\u00e1vel para a nossa rede de poli\u00e9ster sem n\u00f3s com revestimento de PU<\/span><\/li>\n<li><span class=\"a-list-item\">TREINAR EM QUALQUER LUGAR \/ A QUALQUER MOMENTO; Ideal para utiliza\u00e7\u00e3o no exterior e no interior; Perfeito para proteger os espectadores e os jogadores, exerc\u00edcios de tee work, bater, lan\u00e7ar, bater, treinar em campo; Pode ser utilizado como um contraforte port\u00e1til para qualquer desporto no interior ou no exterior; Perfeito para sess\u00f5es de treino ou jogos de treino; Ideal para qualquer quintal, garagem ou campo; Funciona para treino individual ou em equipa<\/span><\/li>\n<li><span class=\"a-list-item\">INCLUI: Rede, estrutura, estacas de solo e saco de transporte em lona<\/span><\/li>\n<\/ul>","protected":false},"excerpt":{"rendered":"<p><span id=\"productTitle\" class=\"a-size-large product-title-word-break\">Rede de barreira desportiva de 12 p\u00e9s x 9 p\u00e9s | 108 SqFt de prote\u00e7\u00e3o | Backstop de seguran\u00e7a | Barricada port\u00e1til de configura\u00e7\u00e3o EZ para basebol, lacrosse, basquetebol, futebol, h\u00f3quei em campo, softbol<\/span><\/p>","protected":false},"featured_media":779,"template":"","meta":{"_gspb_post_css":""},"product_brand":[],"product_cat":[25],"product_tag":[],"class_list":{"0":"post-866","1":"product","2":"type-product","3":"status-publish","4":"has-post-thumbnail","6":"product_cat-baseball-net","8":"first","9":"instock","10":"shipping-taxable","11":"product-type-simple"},"_links":{"self":[{"href":"https:\/\/fsportsnet.com\/pt\/wp-json\/wp\/v2\/product\/866","targetHints":{"allow":["GET"]}}],"collection":[{"href":"https:\/\/fsportsnet.com\/pt\/wp-json\/wp\/v2\/product"}],"about":[{"href":"https:\/\/fsportsnet.com\/pt\/wp-json\/wp\/v2\/types\/product"}],"wp:featuredmedia":[{"embeddable":true,"href":"https:\/\/fsportsnet.com\/pt\/wp-json\/wp\/v2\/media\/779"}],"wp:attachment":[{"href":"https:\/\/fsportsnet.com\/pt\/wp-json\/wp\/v2\/media?parent=866"}],"wp:term":[{"taxonomy":"product_brand","embeddable":true,"href":"https:\/\/fsportsnet.com\/pt\/wp-json\/wp\/v2\/product_brand?post=866"},{"taxonomy":"product_cat","embeddable":true,"href":"https:\/\/fsportsnet.com\/pt\/wp-json\/wp\/v2\/product_cat?post=866"},{"taxonomy":"product_tag","embeddable":true,"href":"https:\/\/fsportsnet.com\/pt\/wp-json\/wp\/v2\/product_tag?post=866"}],"curies":[{"name":"wp","href":"https:\/\/api.w.org\/{rel}","templated":true}]}}