{"id":870,"date":"2023-04-10T11:59:40","date_gmt":"2023-04-10T03:59:40","guid":{"rendered":"https:\/\/fsportsnet.com\/?post_type=product&#038;p=870"},"modified":"2023-04-10T13:39:19","modified_gmt":"2023-04-10T05:39:19","slug":"baseball-softball-pitching-screen-pitcher-protection-net-l-screen-or-i-screen","status":"publish","type":"product","link":"https:\/\/fsportsnet.com\/pt\/product\/baseball-softball-pitching-screen-pitcher-protection-net-l-screen-or-i-screen\/","title":{"rendered":"Rede de prote\u00e7\u00e3o para lan\u00e7adores de basebol e softbol Ecr\u00e3 L ou Ecr\u00e3 I"},"content":{"rendered":"<div id=\"featurebullets_feature_div\" class=\"celwidget\" data-feature-name=\"featurebullets\" data-csa-c-type=\"widget\" data-csa-c-content-id=\"featurebullets\" data-csa-c-slot-id=\"featurebullets_feature_div\" data-csa-c-asin=\"B07CNT6PST\" data-csa-c-is-in-initial-active-row=\"false\" data-csa-c-id=\"yq3rio-99vc9q-mcnje0-kdyxde\" data-cel-widget=\"featurebullets_feature_div\">\n<div id=\"feature-bullets\" class=\"a-section a-spacing-medium a-spacing-top-small\">\n<ul class=\"a-unordered-list a-vertical a-spacing-mini\">\n<li>Tela de lan\u00e7amento de basebol e softbol Rede de prote\u00e7\u00e3o do lan\u00e7ador Tela L ou Tela I<\/li>\n<li><span class=\"a-list-item\">PRATICAR E JOGAR EM SEGURAN\u00c7A: A rede foi concebida principalmente para proteger os lan\u00e7adores de impulsos lineares de retorno<\/span><\/li>\n<li><span class=\"a-list-item\">TAMANHO PERFEITO: 4 p\u00e9s de largura x 7 p\u00e9s de altura - suficientemente grande para proteger o jarro, mas suficientemente pequeno para ficar fora do caminho<\/span><\/li>\n<li><span class=\"a-list-item\">CONSTRU\u00c7\u00c3O PREMIUM: Estrutura refor\u00e7ada tipo arco com rede de poli\u00e9ster de alta densidade<\/span><\/li>\n<\/ul>\n<\/div>\n<\/div>\n<ul>\n<li data-feature-name=\"provenanceCertifications\" data-csa-c-type=\"widget\" data-csa-c-content-id=\"provenanceCertifications\" data-csa-c-slot-id=\"provenanceCertifications_feature_div\" data-csa-c-asin=\"B07CNT6PST\" data-csa-c-is-in-initial-active-row=\"false\" data-csa-c-id=\"pwf3pm-c0titc-oha08-1xl09s\" data-cel-widget=\"provenanceCertifications_feature_div\">Especifica\u00e7\u00f5es<\/li>\n<li id=\"provenanceCertifications_feature_div\" class=\"celwidget\" data-feature-name=\"provenanceCertifications\" data-csa-c-type=\"widget\" data-csa-c-content-id=\"provenanceCertifications\" data-csa-c-slot-id=\"provenanceCertifications_feature_div\" data-csa-c-asin=\"B07CNT6PST\" data-csa-c-is-in-initial-active-row=\"false\" data-csa-c-id=\"pwf3pm-c0titc-oha08-1xl09s\" data-cel-widget=\"provenanceCertifications_feature_div\">1. Tamanho: 7 x 4\u2032<br \/>\n2. Quadro: \u03a612.7mm fibra de vidro &amp; \u03a625\u00d71.0mm tubo de a\u00e7o<br \/>\n3. Rede: Rede sem n\u00f3s de poli\u00e9ster preto de 5 camadas de 1,75\u2033 com encaderna\u00e7\u00e3o em tecido 420D<br \/>\n4. Embalagem: Cada conjunto numa caixa de cart\u00e3o K=K, 114\u00d714,8\u00d714,8cm\/1conjunto, G.W:4,55kg<\/li>\n<\/ul>\n<div id=\"serviceCapabilities_feature_div\" class=\"celwidget\" data-feature-name=\"serviceCapabilities\" data-csa-c-type=\"widget\" data-csa-c-content-id=\"serviceCapabilities\" data-csa-c-slot-id=\"serviceCapabilities_feature_div\" data-csa-c-asin=\"B07CNT6PST\" data-csa-c-is-in-initial-active-row=\"false\" data-csa-c-id=\"hq48za-fwcc1u-fjabvh-4buvi5\" data-cel-widget=\"serviceCapabilities_feature_div\"><\/div>","protected":false},"excerpt":{"rendered":"<p>Baseball &amp; Softball Pitching Screen Pitcher Protection Net L Screen or I Screen SAFELY PRACTICE AND PLAY: The net is primarily designed to protect pitchers from come-back line drives PERFECT SIZE: 4 ft wide x 7 ft tall &#8211; big enough to protect the pitcher, but small enough to stay out of the way PREMIUM [&hellip;]<\/p>\n","protected":false},"featured_media":882,"template":"","meta":{"_gspb_post_css":""},"product_brand":[],"product_cat":[25],"product_tag":[],"class_list":{"0":"post-870","1":"product","2":"type-product","3":"status-publish","4":"has-post-thumbnail","6":"product_cat-baseball-net","8":"first","9":"instock","10":"shipping-taxable","11":"product-type-simple"},"_links":{"self":[{"href":"https:\/\/fsportsnet.com\/pt\/wp-json\/wp\/v2\/product\/870","targetHints":{"allow":["GET"]}}],"collection":[{"href":"https:\/\/fsportsnet.com\/pt\/wp-json\/wp\/v2\/product"}],"about":[{"href":"https:\/\/fsportsnet.com\/pt\/wp-json\/wp\/v2\/types\/product"}],"wp:featuredmedia":[{"embeddable":true,"href":"https:\/\/fsportsnet.com\/pt\/wp-json\/wp\/v2\/media\/882"}],"wp:attachment":[{"href":"https:\/\/fsportsnet.com\/pt\/wp-json\/wp\/v2\/media?parent=870"}],"wp:term":[{"taxonomy":"product_brand","embeddable":true,"href":"https:\/\/fsportsnet.com\/pt\/wp-json\/wp\/v2\/product_brand?post=870"},{"taxonomy":"product_cat","embeddable":true,"href":"https:\/\/fsportsnet.com\/pt\/wp-json\/wp\/v2\/product_cat?post=870"},{"taxonomy":"product_tag","embeddable":true,"href":"https:\/\/fsportsnet.com\/pt\/wp-json\/wp\/v2\/product_tag?post=870"}],"curies":[{"name":"wp","href":"https:\/\/api.w.org\/{rel}","templated":true}]}}