{"id":879,"date":"2023-04-10T12:03:48","date_gmt":"2023-04-10T04:03:48","guid":{"rendered":"https:\/\/fsportsnet.com\/?post_type=product&#038;p=879"},"modified":"2023-04-29T14:39:07","modified_gmt":"2023-04-29T06:39:07","slug":"baseball-softball-practice-hitting-pitching-net-similar-to-bow-framegreat-for-all-skill-levelspop-up-easy-fold-up-fiberglass-framelight-weightportableblack","status":"publish","type":"product","link":"https:\/\/fsportsnet.com\/pt\/product\/baseball-softball-practice-hitting-pitching-net-similar-to-bow-framegreat-for-all-skill-levelspop-up-easy-fold-up-fiberglass-framelight-weightportableblack\/","title":{"rendered":"Rede de lan\u00e7amento para treino de basebol e softbol Fibra de vidro"},"content":{"rendered":"<ul class=\"a-unordered-list a-vertical a-spacing-mini\">\n<li><span class=\"a-list-item\">\u2211 AJUDA DE TREINO DEFINITIVA: Perfeito para jogadores de todas as habilidades para pr\u00e1tica de rebatidas, arremesso, campo, captura e uso de backstop, gaste menos tempo perseguindo bolas e mais tempo aprimorando habilidades.<\/span><\/li>\n<li><span class=\"a-list-item\">\u2211 CONFIGURA\u00c7\u00c3O R\u00c1PIDA E F\u00c1CIL: Estrutura de fibra de vidro dur\u00e1vel inclu\u00edda, configura-se em 90 segundos para um tamanho enorme de 5 ou 7 p\u00e9s com estacas de metal para ancorar a rede, tornando-a incrivelmente resistente e est\u00e1vel; quebra facilmente para transporte.<\/span><\/li>\n<li><span class=\"a-list-item\">\u2211 TREINAR EM QUALQUER LUGAR \/ A QUALQUER MOMENTO - \u00d3timo para uso externo e interno. Perfeito para o trabalho do tee, batendo, lan\u00e7ando, batendo, fielding. Pode ser usado como um backstop port\u00e1til. Ideal para sess\u00f5es de treino. \u00d3timo para qualquer quintal, garagem ou campo.<\/span><\/li>\n<li><span class=\"a-list-item\">\u2211 Inclui estacas met\u00e1licas para fixar a rede na relva ou no campo de terra.<\/span><\/li>\n<li>1. Tamanho: 5x5 p\u00e9s<br \/>\n2. Quadro: \u03a611x4mm fibra de vidro vazia desgaste el\u00e1stico<br \/>\n3. Rede: Rede de poli\u00e9ster branca sem n\u00f3s de 3 camadas de 1,5\u201d.<br \/>\n4. Alvo: Cinta de 1\u201d.<br \/>\n5. Tecido: tecido oxford 210D<br \/>\n6. Saco: tecido oxford 210D<\/li>\n<\/ul>","protected":false},"excerpt":{"rendered":"<p>\u2211 ULTIMATE TRAINING AID: Perfect for players of all abilities for batting practice, pitching, fielding, catching, and backstop use spend less time chasing balls and more time honing skills. \u2211 EASY QUICK SETUP: Durable fiberglass frame included, sets up in 90 seconds to huge 5 foot or 7 foot size with metal stakes to anchor [&hellip;]<\/p>\n","protected":false},"featured_media":787,"template":"","meta":{"_gspb_post_css":""},"product_brand":[],"product_cat":[25],"product_tag":[],"class_list":{"0":"post-879","1":"product","2":"type-product","3":"status-publish","4":"has-post-thumbnail","6":"product_cat-baseball-net","8":"first","9":"instock","10":"shipping-taxable","11":"product-type-simple"},"_links":{"self":[{"href":"https:\/\/fsportsnet.com\/pt\/wp-json\/wp\/v2\/product\/879","targetHints":{"allow":["GET"]}}],"collection":[{"href":"https:\/\/fsportsnet.com\/pt\/wp-json\/wp\/v2\/product"}],"about":[{"href":"https:\/\/fsportsnet.com\/pt\/wp-json\/wp\/v2\/types\/product"}],"wp:featuredmedia":[{"embeddable":true,"href":"https:\/\/fsportsnet.com\/pt\/wp-json\/wp\/v2\/media\/787"}],"wp:attachment":[{"href":"https:\/\/fsportsnet.com\/pt\/wp-json\/wp\/v2\/media?parent=879"}],"wp:term":[{"taxonomy":"product_brand","embeddable":true,"href":"https:\/\/fsportsnet.com\/pt\/wp-json\/wp\/v2\/product_brand?post=879"},{"taxonomy":"product_cat","embeddable":true,"href":"https:\/\/fsportsnet.com\/pt\/wp-json\/wp\/v2\/product_cat?post=879"},{"taxonomy":"product_tag","embeddable":true,"href":"https:\/\/fsportsnet.com\/pt\/wp-json\/wp\/v2\/product_tag?post=879"}],"curies":[{"name":"wp","href":"https:\/\/api.w.org\/{rel}","templated":true}]}}