{"id":886,"date":"2023-04-10T13:49:27","date_gmt":"2023-04-10T05:49:27","guid":{"rendered":"https:\/\/fsportsnet.com\/?post_type=product&#038;p=886"},"modified":"2023-04-10T13:49:27","modified_gmt":"2023-04-10T05:49:27","slug":"pop-up-baseball-net-practice-net-for-kids","status":"publish","type":"product","link":"https:\/\/fsportsnet.com\/pt\/product\/pop-up-baseball-net-practice-net-for-kids\/","title":{"rendered":"Rede de pr\u00e1tica de basebol Pop Up para crian\u00e7as"},"content":{"rendered":"<ul>\n<li><span class=\"a-list-item\">REDE DESPORTIVA PARA TODOS OS FINS: Quer esteja a jogar basebol, lacrosse, h\u00f3quei, futebol ou qualquer outro desporto, esta rede \u00e9 a pe\u00e7a perfeita de equipamento de treino para ter \u00e0 sua disposi\u00e7\u00e3o<\/span><\/li>\n<\/ul>\n<ul class=\"a-unordered-list a-vertical a-spacing-mini\">\n<li><span class=\"a-list-item\">TAMANHO ENORME: Monta at\u00e9 7 \u2032 p\u00e9s de altura e 8 \u2032 p\u00e9s de largura para fornecer cobertura m\u00e1xima, quer voc\u00ea esteja acertando um arremesso suave, atirando na rede ou praticando uma variedade de outras habilidades<\/span><\/li>\n<li><span class=\"a-list-item\">CONSTRU\u00c7\u00c3O DUR\u00c1VEL: Constru\u00edda com uma rede de poli\u00e9ster para todas as condi\u00e7\u00f5es climat\u00e9ricas e postes de suporte de fibra de vidro fortes e flex\u00edveis para garantir um desempenho de alta qualidade esta\u00e7\u00e3o ap\u00f3s esta\u00e7\u00e3o<\/span><\/li>\n<li><span class=\"a-list-item\">ESTACAS DE SOLO INCLU\u00cdDAS: Esta rede \u00e9 fornecida com estacas de solo inclu\u00eddas para que possa fixar a rede ao solo para maior estabilidade e apoio<\/span><\/li>\n<li><span class=\"a-list-item\">BOLSA DE TRANSPORTE PORT\u00c1TIL: O design leve e a bolsa de transporte inclu\u00edda facilitam o transporte desta rede para a praia, o parque ou o quintal. Al\u00e9m disso, \u00e9 f\u00e1cil de embalar e guardar quando n\u00e3o est\u00e1 a ser utilizada<\/span><\/li>\n<\/ul>","protected":false},"excerpt":{"rendered":"<p><span id=\"productTitle\" class=\"a-size-large product-title-word-break\">Rede de Basebol Pop Up - Rede de Basebol + Teeball Port\u00e1til para Bater + Lan\u00e7ar - Rede de Treino para Crian\u00e7as - Rede para Jovens de Todos os Desportos<\/span><\/p>","protected":false},"featured_media":912,"template":"","meta":{"_gspb_post_css":""},"product_brand":[],"product_cat":[25],"product_tag":[],"class_list":{"0":"post-886","1":"product","2":"type-product","3":"status-publish","4":"has-post-thumbnail","6":"product_cat-baseball-net","8":"first","9":"instock","10":"shipping-taxable","11":"product-type-simple"},"_links":{"self":[{"href":"https:\/\/fsportsnet.com\/pt\/wp-json\/wp\/v2\/product\/886","targetHints":{"allow":["GET"]}}],"collection":[{"href":"https:\/\/fsportsnet.com\/pt\/wp-json\/wp\/v2\/product"}],"about":[{"href":"https:\/\/fsportsnet.com\/pt\/wp-json\/wp\/v2\/types\/product"}],"wp:featuredmedia":[{"embeddable":true,"href":"https:\/\/fsportsnet.com\/pt\/wp-json\/wp\/v2\/media\/912"}],"wp:attachment":[{"href":"https:\/\/fsportsnet.com\/pt\/wp-json\/wp\/v2\/media?parent=886"}],"wp:term":[{"taxonomy":"product_brand","embeddable":true,"href":"https:\/\/fsportsnet.com\/pt\/wp-json\/wp\/v2\/product_brand?post=886"},{"taxonomy":"product_cat","embeddable":true,"href":"https:\/\/fsportsnet.com\/pt\/wp-json\/wp\/v2\/product_cat?post=886"},{"taxonomy":"product_tag","embeddable":true,"href":"https:\/\/fsportsnet.com\/pt\/wp-json\/wp\/v2\/product_tag?post=886"}],"curies":[{"name":"wp","href":"https:\/\/api.w.org\/{rel}","templated":true}]}}