{"id":913,"date":"2023-04-10T13:54:04","date_gmt":"2023-04-10T05:54:04","guid":{"rendered":"https:\/\/fsportsnet.com\/?post_type=product&#038;p=913"},"modified":"2023-04-10T13:54:04","modified_gmt":"2023-04-10T05:54:04","slug":"portable-disc-golf-training-net-baseball-net","status":"publish","type":"product","link":"https:\/\/fsportsnet.com\/pt\/product\/portable-disc-golf-training-net-baseball-net\/","title":{"rendered":"Rede de treino de golfe de disco port\u00e1til Rede de basebol"},"content":{"rendered":"<p>1. Tamanho total: 7 x 7\u2032<br \/>\n2. Estrutura: Tubo de ferro pintado de preto com 1\u2033 de di\u00e2metro e 1,0 mm de espessura<br \/>\n3. P\u00f3lo: \u03a612.7mm fibra de vidro preta s\u00f3lida<br \/>\n4. Rede: Rede sem n\u00f3s de poli\u00e9ster preto de 7 camadas de 1,75\u2033 com encaderna\u00e7\u00e3o em tecido 420D<br \/>\n5. Material da mala de transporte: 600D PU com tecido oxford de PVC<br \/>\n6. Embalagem: Cada conjunto numa caixa de cart\u00e3o K=K, 114\u00d714,8\u00d714,8cm, G.W6kg, N.W 5,5kg<br \/>\n7. Embalagem: 1 x rede, 4 x tubos met\u00e1licos, 4 x postes, 1 x saco de transporte, 4 x estacas em forma de U, 1 x instru\u00e7\u00f5es A4<\/p>\n<ul class=\"a-unordered-list a-vertical a-spacing-mini\">\n<li><span class=\"a-list-item\">F\u00c1CIL CONFIGURA\u00c7\u00c3O R\u00c1PIDA \/ ULTRA PORT\u00c1TIL; A rede \u00e9 montada em menos de 2 minutos sem necessidade de ferramentas; Leve e f\u00e1cil de deslocar para diferentes locais durante as sess\u00f5es de treino; Desmonta-se para caber no saco de transporte para facilitar o armazenamento a longo prazo e a portabilidade em qualquer ve\u00edculo<\/span><\/li>\n<li><span class=\"a-list-item\">TREINO EM EQUIPA OU SOLIT\u00c1RIO; Ferramenta de treino perfeita para praticar sozinho; Esta rede ajud\u00e1-lo-\u00e1 a praticar os seus drives, hits ou chips sempre que quiser praticar sozinho em casa ou em qualquer espa\u00e7o de treino<\/span><\/li>\n<li><span class=\"a-list-item\">DUR\u00c1VEL; Constru\u00eddo para durar \u00e9poca ap\u00f3s \u00e9poca<\/span><\/li>\n<li><span class=\"a-list-item\">AL\u00c7AS DE Ombro; Os cord\u00f5es de cintura funcionam como al\u00e7as de ombro leves<\/span><\/li>\n<\/ul>","protected":false},"excerpt":{"rendered":"<p>1. Overall size: 7 x 7&#8242; 2. Frame: 1&#8243; dia 1.0mm thick black paint iron pipe 3. Pole: \u03a612.7mm solid black fiberglass 4. Net: 7 ply 1.75&#8243; black polyester knotless net with 420D fabric binding 5. Carry case material: 600D PU with PVC oxford fabric 6. Packing: Each set in a K=K carton, 114&#215;14.8&#215;14.8cm, G.W6kg, [&hellip;]<\/p>\n","protected":false},"featured_media":789,"template":"","meta":{"_gspb_post_css":""},"product_brand":[],"product_cat":[25],"product_tag":[],"class_list":{"0":"post-913","1":"product","2":"type-product","3":"status-publish","4":"has-post-thumbnail","6":"product_cat-baseball-net","8":"first","9":"instock","10":"shipping-taxable","11":"product-type-simple"},"_links":{"self":[{"href":"https:\/\/fsportsnet.com\/pt\/wp-json\/wp\/v2\/product\/913","targetHints":{"allow":["GET"]}}],"collection":[{"href":"https:\/\/fsportsnet.com\/pt\/wp-json\/wp\/v2\/product"}],"about":[{"href":"https:\/\/fsportsnet.com\/pt\/wp-json\/wp\/v2\/types\/product"}],"wp:featuredmedia":[{"embeddable":true,"href":"https:\/\/fsportsnet.com\/pt\/wp-json\/wp\/v2\/media\/789"}],"wp:attachment":[{"href":"https:\/\/fsportsnet.com\/pt\/wp-json\/wp\/v2\/media?parent=913"}],"wp:term":[{"taxonomy":"product_brand","embeddable":true,"href":"https:\/\/fsportsnet.com\/pt\/wp-json\/wp\/v2\/product_brand?post=913"},{"taxonomy":"product_cat","embeddable":true,"href":"https:\/\/fsportsnet.com\/pt\/wp-json\/wp\/v2\/product_cat?post=913"},{"taxonomy":"product_tag","embeddable":true,"href":"https:\/\/fsportsnet.com\/pt\/wp-json\/wp\/v2\/product_tag?post=913"}],"curies":[{"name":"wp","href":"https:\/\/api.w.org\/{rel}","templated":true}]}}