{"id":916,"date":"2023-04-10T13:54:30","date_gmt":"2023-04-10T05:54:30","guid":{"rendered":"https:\/\/fsportsnet.com\/?post_type=product&#038;p=916"},"modified":"2023-04-10T14:02:42","modified_gmt":"2023-04-10T06:02:42","slug":"7ft-portable-folding-baseball-hitting-net-softball-goal-baseball-practice-net","status":"publish","type":"product","link":"https:\/\/fsportsnet.com\/pt\/product\/7ft-portable-folding-baseball-hitting-net-softball-goal-baseball-practice-net\/","title":{"rendered":"7FT Rede de Batida de Basebol Dobr\u00e1vel Port\u00e1til Rede de Pr\u00e1tica de Basebol de Golo de Softbol"},"content":{"rendered":"<p>1. Tamanho: 7x7ft<br \/>\n2. Tubo de a\u00e7o: \u03a625.4mm x 1.0mm<br \/>\n3. Rede: Rede PE sem n\u00f3s de 5 camadas de 1,75<br \/>\n4. Acess\u00f3rios: 4 estacas tipo U, 1 manual, um saco<br \/>\n5. Material do saco: Tecido Oxford 600D PU<br \/>\n6. Tamanho do CTN: 112x30x13cm<br \/>\n7. N.W 8.5kg; G.W 9.5kg<\/p>\n<ul class=\"a-unordered-list a-vertical a-spacing-mini\">\n<li><span class=\"a-list-item\">F\u00c1CIL CONFIGURA\u00c7\u00c3O R\u00c1PIDA \/ ULTRA PORT\u00c1TIL; A rede \u00e9 montada em menos de 2 minutos sem necessidade de ferramentas; Leve e f\u00e1cil de deslocar para diferentes locais durante as sess\u00f5es de treino; Desmonta-se para caber no saco de transporte para facilitar o armazenamento a longo prazo e a portabilidade em qualquer ve\u00edculo<\/span><\/li>\n<li><span class=\"a-list-item\">TREINO EM EQUIPA OU SOLIT\u00c1RIO; Ferramenta de treino perfeita para praticar sozinho; Esta rede ajud\u00e1-lo-\u00e1 a praticar os seus drives, hits ou chips sempre que quiser praticar sozinho em casa ou em qualquer espa\u00e7o de treino<\/span><\/li>\n<li><span class=\"a-list-item\">DUR\u00c1VEL; Constru\u00eddo para durar \u00e9poca ap\u00f3s \u00e9poca<\/span><\/li>\n<li><span class=\"a-list-item\">AL\u00c7AS DE Ombro; Os cord\u00f5es de cintura funcionam como al\u00e7as de ombro leves<\/span><\/li>\n<\/ul>","protected":false},"excerpt":{"rendered":"<p>7FT Rede de Batida de Basebol Dobr\u00e1vel Port\u00e1til Rede de Pr\u00e1tica de Basebol de Golo de Softbol<br \/>\nAuxiliares de treino de lan\u00e7amento Equipamento de treino de basebol<\/p>","protected":false},"featured_media":892,"template":"","meta":{"_gspb_post_css":""},"product_brand":[],"product_cat":[25],"product_tag":[],"class_list":{"0":"post-916","1":"product","2":"type-product","3":"status-publish","4":"has-post-thumbnail","6":"product_cat-baseball-net","8":"first","9":"instock","10":"shipping-taxable","11":"product-type-simple"},"_links":{"self":[{"href":"https:\/\/fsportsnet.com\/pt\/wp-json\/wp\/v2\/product\/916","targetHints":{"allow":["GET"]}}],"collection":[{"href":"https:\/\/fsportsnet.com\/pt\/wp-json\/wp\/v2\/product"}],"about":[{"href":"https:\/\/fsportsnet.com\/pt\/wp-json\/wp\/v2\/types\/product"}],"wp:featuredmedia":[{"embeddable":true,"href":"https:\/\/fsportsnet.com\/pt\/wp-json\/wp\/v2\/media\/892"}],"wp:attachment":[{"href":"https:\/\/fsportsnet.com\/pt\/wp-json\/wp\/v2\/media?parent=916"}],"wp:term":[{"taxonomy":"product_brand","embeddable":true,"href":"https:\/\/fsportsnet.com\/pt\/wp-json\/wp\/v2\/product_brand?post=916"},{"taxonomy":"product_cat","embeddable":true,"href":"https:\/\/fsportsnet.com\/pt\/wp-json\/wp\/v2\/product_cat?post=916"},{"taxonomy":"product_tag","embeddable":true,"href":"https:\/\/fsportsnet.com\/pt\/wp-json\/wp\/v2\/product_tag?post=916"}],"curies":[{"name":"wp","href":"https:\/\/api.w.org\/{rel}","templated":true}]}}