{"id":921,"date":"2023-04-10T14:21:32","date_gmt":"2023-04-10T06:21:32","guid":{"rendered":"https:\/\/fsportsnet.com\/?post_type=product&#038;p=921"},"modified":"2023-04-10T14:29:14","modified_gmt":"2023-04-10T06:29:14","slug":"9-hole-pitching-net-with-strike-zone","status":"publish","type":"product","link":"https:\/\/fsportsnet.com\/pt\/product\/9-hole-pitching-net-with-strike-zone\/","title":{"rendered":"Rede de lan\u00e7amento de 9 buracos com zona de batida"},"content":{"rendered":"<p>70x70cm<br \/>\n1. Tubo de a\u00e7o: 32 mm<br \/>\n2. Rede\uff1aRede de poli\u00e9ster de 7 camadas<br \/>\n3. Corda: corda PE 75ply<br \/>\n4. Manga: PVC de 0,5 mm<br \/>\n5. a camada interna de algod\u00e3o p\u00e9rola e a camada externa de tecido de malha de PVC<br \/>\n6. Ilh\u00f3 26pcs, estacas 4pcs<br \/>\n7. Tamanho da caixa: 82x76x9cm<\/p>\n<ul class=\"a-unordered-list a-vertical a-spacing-mini\">\n<li><span class=\"a-list-item\">A Fsports Perfect Pitch - rede de lan\u00e7amento de 9 buracos com zona de strike \u00e9 port\u00e1til para que possa praticar o seu lan\u00e7amento e arremesso, sem um apanhador, como um profissional! O auxiliar de treino perfeito para um lan\u00e7ador de basebol de qualquer idade.<\/span><\/li>\n<li><span class=\"a-list-item\">ZONA DE AVISO PRECISO - Uma placa de beisebol padr\u00e3o tem 17 \u2033 de largura e nossa rede tem 20 \u2033 de largura (sem incluir o acolchoamento de espuma), fornecendo uma zona de ataque precisa dos arremessadores com uma polegada e meia extra em cada lado.<\/span><\/li>\n<li><span class=\"a-list-item\">ESTRUTURA DE A\u00c7O FORTE - Este alvo de lan\u00e7amento est\u00e1 coberto com espuma de impacto, esta estrutura resistente n\u00e3o se dobra nem trava quando a bola lhe bate. Perfeito para utiliza\u00e7\u00e3o no interior ou no exterior. A rede industrial de nove quadrados de calibre #60 foi constru\u00edda para durar.<\/span><\/li>\n<li><span class=\"a-list-item\">AJUSTE R\u00c1PIDO E F\u00c1CIL DA ALTURA - Passe mais tempo a lan\u00e7ar strikes e menos tempo a modificar o seu equipamento de treino de basebol e softbol. Retire o pino e o parafuso e escolha um novo orif\u00edcio na estrutura. F\u00e1cil! Montagem r\u00e1pida - insira as pernas e est\u00e1 pronto a lan\u00e7ar em apenas 1 minuto!<\/span><\/li>\n<li><span class=\"a-list-item\">A PR\u00c1TICA TORNA-SE PERMANENTE - A pr\u00e1tica perfeita torna-a perfeita. Esta rede de treino de lan\u00e7amento \u00e9 o equipamento de lan\u00e7amento perfeito para a sua equipa de softbol ou basebol de lan\u00e7amento r\u00e1pido, ou para alguns lan\u00e7amentos extra no seu pr\u00f3prio quintal.<\/span><\/li>\n<\/ul>","protected":false},"excerpt":{"rendered":"<p>Rede de tacada de beisebol dobr\u00e1vel e port\u00e1til Objetivo de beisebol Rede de pr\u00e1tica de beisebol Auxiliares de treinamento de arremesso Equipamento de treinamento de beisebol<\/p>","protected":false},"featured_media":923,"template":"","meta":{"_gspb_post_css":""},"product_brand":[],"product_cat":[25],"product_tag":[],"class_list":{"0":"post-921","1":"product","2":"type-product","3":"status-publish","4":"has-post-thumbnail","6":"product_cat-baseball-net","8":"first","9":"instock","10":"shipping-taxable","11":"product-type-simple"},"_links":{"self":[{"href":"https:\/\/fsportsnet.com\/pt\/wp-json\/wp\/v2\/product\/921","targetHints":{"allow":["GET"]}}],"collection":[{"href":"https:\/\/fsportsnet.com\/pt\/wp-json\/wp\/v2\/product"}],"about":[{"href":"https:\/\/fsportsnet.com\/pt\/wp-json\/wp\/v2\/types\/product"}],"wp:featuredmedia":[{"embeddable":true,"href":"https:\/\/fsportsnet.com\/pt\/wp-json\/wp\/v2\/media\/923"}],"wp:attachment":[{"href":"https:\/\/fsportsnet.com\/pt\/wp-json\/wp\/v2\/media?parent=921"}],"wp:term":[{"taxonomy":"product_brand","embeddable":true,"href":"https:\/\/fsportsnet.com\/pt\/wp-json\/wp\/v2\/product_brand?post=921"},{"taxonomy":"product_cat","embeddable":true,"href":"https:\/\/fsportsnet.com\/pt\/wp-json\/wp\/v2\/product_cat?post=921"},{"taxonomy":"product_tag","embeddable":true,"href":"https:\/\/fsportsnet.com\/pt\/wp-json\/wp\/v2\/product_tag?post=921"}],"curies":[{"name":"wp","href":"https:\/\/api.w.org\/{rel}","templated":true}]}}